{"id":19325,"date":"2024-02-16T13:41:39","date_gmt":"2024-02-16T13:41:39","guid":{"rendered":"https:\/\/zunibal.com\/es\/?page_id=19325"},"modified":"2025-06-16T12:43:53","modified_gmt":"2025-06-16T12:43:53","slug":"solucion-de-monitorizacion-electronica","status":"publish","type":"page","link":"https:\/\/zunibal.com\/en\/electronic-monitoring\/","title":{"rendered":"ELECTRONIC MONITORING SOLUTION"},"content":{"rendered":"<p>[vc_row full_width=&#8221;stretch_row&#8221; full_height=&#8221;yes&#8221; parallax=&#8221;content-moving&#8221; parallax_speed_bg=&#8221;2.5&#8243; css=&#8221;.vc_custom_1708070612819{background-color: #13689d !important;}&#8221;][vc_column width=&#8221;1\/2&#8243;][vc_column_text css=&#8221;.vc_custom_1708424045525{border-top-width: 20px !important;border-right-width: 20px !important;border-bottom-width: 20px !important;border-left-width: 20px !important;padding-top: 40px !important;padding-right: 40px !important;padding-left: 120px !important;}&#8221;]<\/p>\n<h1><span style=\"color: #ffffff;\"><strong>MONITORIZACI\u00d3N<\/strong><\/span><\/h1>\n<h1><span style=\"color: #ffffff;\"><strong>ELECTR\u00d3NICA<\/strong><\/span><\/h1>\n<h3><span style=\"color: #ffffff;\"><br \/>\nPARA UNA PESCA SOSTENIBLE<\/span><\/h3>\n<p style=\"text-align: justify;\"><span style=\"color: #ffffff;\">Ofrecemos una soluci\u00f3n integral de Observaci\u00f3n Electr\u00f3nica que combina tecnolog\u00edas de an\u00e1lisis de datos e inteligencia artificial para transformar la industria pesquera hacia un futuro m\u00e1s sostenible. Nuestra tecnolog\u00eda promueve la investigaci\u00f3n cient\u00edfica, protege los derechos humanos, la conservaci\u00f3n marina, <span style=\"font-size: 16px; text-align: justify;\">facilita el cumplimiento de regulaciones, el acceso a certificaciones de sostenibilidad como MSC y aumenta el valor de las capturas.<\/span><\/span><\/p>\n<p>[\/vc_column_text][vc_btn title=&#8221;Solicitar cat\u00e1logo&#8221; color=&#8221;turquoise&#8221; align=&#8221;left&#8221; custom_onclick=&#8221;true&#8221; css=&#8221;.vc_custom_1708336364698{border-left-width: 20px !important;padding-left: 120px !important;}&#8221; el_class=&#8221;scroll-behavior: smooth;&#8221; link=&#8221;url:%23catalogForm&#8221; custom_onclick_code=&#8221;<button>Request Catalog<\/button>&#8220;][\/vc_column][vc_column width=&#8221;1\/2&#8243;][vc_single_image image=&#8221;19347&#8243; img_size=&#8221;full&#8221; alignment=&#8221;center&#8221; css=&#8221;.vc_custom_1708065721380{margin-top: -70px !important;}&#8221;][\/vc_column][\/vc_row][vc_row][vc_column][vc_separator color=&#8221;white&#8221;][\/vc_column][\/vc_row][vc_row full_width=&#8221;stretch_row&#8221; css=&#8221;.vc_custom_1708067591137{background-color: #ffffff !important;}&#8221;][vc_column width=&#8221;1\/4&#8243; css=&#8221;.vc_custom_1708083054344{padding-left: 40px !important;}&#8221;][vc_single_image image=&#8221;19349&#8243; img_size=&#8221;50&#215;50&#8243; alignment=&#8221;center&#8221;][vc_column_text css=&#8221;.vc_custom_1708337344380{margin-top: 0px !important;}&#8221;]<\/p>\n<p style=\"text-align: center;\"><span style=\"color: #13689d;\"><strong>SISTEMAS A BORDO<\/strong><\/span><br \/>\n<span style=\"color: #13689d;\">Unidad central y c\u00e1maras<\/span>[\/vc_column_text][\/vc_column][vc_column width=&#8221;1\/4&#8243;][vc_single_image image=&#8221;19352&#8243; img_size=&#8221;50&#215;50&#8243; alignment=&#8221;center&#8221;][vc_column_text]<\/p>\n<p style=\"text-align: center;\"><strong><span style=\"color: #13689d;\">PLATAFORMA WEB DE MONITORIZAI\u00d3N<\/span><\/strong><\/p>\n<p>[\/vc_column_text][\/vc_column][vc_column width=&#8221;1\/4&#8243;][vc_single_image image=&#8221;19353&#8243; img_size=&#8221;50&#215;50&#8243; alignment=&#8221;center&#8221;][vc_column_text]<\/p>\n<p style=\"text-align: center;\"><strong><span style=\"color: #13689d;\">SOFTWARE DE AN\u00c1LISIS<\/span><\/strong><\/p>\n<p>[\/vc_column_text][\/vc_column][vc_column width=&#8221;1\/4&#8243; css=&#8221;.vc_custom_1708083043829{padding-right: 40px !important;}&#8221;][vc_single_image image=&#8221;19354&#8243; img_size=&#8221;50&#215;50&#8243; alignment=&#8221;center&#8221;][vc_column_text]<\/p>\n<p style=\"text-align: center;\"><strong><span style=\"color: #13689d;\">INTEGRACI\u00d3N DE INTELIGENCIA ARTIFICIAL<\/span><\/strong><\/p>\n<p>[\/vc_column_text][\/vc_column][\/vc_row][vc_row][vc_column][vc_separator color=&#8221;turquoise&#8221;][\/vc_column][\/vc_row][vc_row][vc_column width=&#8221;1\/2&#8243;][vc_single_image image=&#8221;19432&#8243; img_size=&#8221;full&#8221; alignment=&#8221;center&#8221; css=&#8221;.vc_custom_1708342437911{margin-top: 0px !important;margin-bottom: 0px !important;padding-right: 100px !important;padding-left: 100px !important;}&#8221;][\/vc_column][vc_column width=&#8221;1\/2&#8243;][vc_separator color=&#8221;white&#8221; border_width=&#8221;4&#8243;][vc_column_text]<\/p>\n<h3 style=\"text-align: left;\"><strong><span style=\"color: #13689d;\">SEGURIDAD Y EFICIENCIA PARA UNA PESCA SOSTENIBLE<\/span><\/strong><\/h3>\n<h5 style=\"text-align: left;\"><\/h5>\n<p>[\/vc_column_text][vc_separator color=&#8221;turquoise&#8221;][vc_column_text]<\/p>\n<ul>\n<li style=\"margin-bottom: 10px;\"><span style=\"color: #808080;\">Basado en est\u00e1ndares de la EFCA e ISSF\u00a0<\/span><\/li>\n<li style=\"margin-bottom: 10px;\"><span style=\"color: #808080;\">Instalaci\u00f3n f\u00e1cil y adaptable para cualquier embarcaci\u00f3n<\/span><\/li>\n<li style=\"margin-bottom: 10px;\"><span style=\"color: #808080;\">Sistema totalmente aut\u00f3nomo y robusto<\/span><\/li>\n<li style=\"margin-bottom: 10px;\"><span style=\"color: #808080;\">Garant\u00eda de confidencialidad en im\u00e1genes y datos<\/span><\/li>\n<li style=\"margin-bottom: 10px;\"><span style=\"color: #808080;\">Soporte t\u00e9cnico y asistencia remota<\/span><\/li>\n<li style=\"margin-bottom: 10px;\"><span style=\"color: #808080;\">Integraci\u00f3n de IA para optimizar grabaciones y automatizar procesos<\/span><\/li>\n<\/ul>\n<p>[\/vc_column_text][\/vc_column][\/vc_row][vc_row css=&#8221;.vc_custom_1708075873339{background-color: #ffffff !important;}&#8221;][vc_column][vc_separator color=&#8221;turquoise&#8221;][\/vc_column][\/vc_row][vc_row css=&#8221;.vc_custom_1708338229020{margin-top: 0px !important;margin-bottom: 0px !important;border-top-width: 40px !important;border-bottom-width: 0px !important;}&#8221;][vc_column][vc_tta_tabs style=&#8221;modern&#8221; color=&#8221;sky&#8221; alignment=&#8221;center&#8221; active_section=&#8221;1&#8243; pagination_style=&#8221;outline-round&#8221; css=&#8221;.vc_custom_1708338458439{border-top-width: 100px !important;border-bottom-width: 100px !important;padding-top: 40px !important;padding-right: 100px !important;padding-bottom: 40px !important;padding-left: 100px !important;background-color: 0 !important;}&#8221;][vc_tta_section i_icon_fontawesome=&#8221;fas fa-star&#8221; add_icon=&#8221;true&#8221; title=&#8221;EXPERIENCIA&#8221; tab_id=&#8221;1708074274088-ba3fd215-bf02&#8243;][vc_column_text css=&#8221;.vc_custom_1708350092894{margin-right: 40px !important;margin-left: 120px !important;border-right-width: 40px !important;border-left-width: 40px !important;padding-top: 40px !important;padding-right: 200px !important;padding-bottom: 40px !important;padding-left: 200px !important;}&#8221;]<\/p>\n<p style=\"font-weight: 400;\"><strong>EXPERIENCIA COMPROBADA, SOLUCIONES TRANSFORMADORAS<\/strong><\/p>\n<p style=\"font-weight: 400; text-align: justify;\">Nuestro legado en el sector del at\u00fan de cerco tropical nos ha brindado un conocimiento profundo y una perspectiva \u00fanica sobre los desaf\u00edos y oportunidades de la inteligencia artificial en la industria pesquera. Esta experiencia nos permite dise\u00f1ar soluciones de observaci\u00f3n electr\u00f3nica m\u00e1s eficientes que no solo cumplen con los est\u00e1ndares m\u00e1s altos, sino que tambi\u00e9n est\u00e1n a la vanguardia de la innovaci\u00f3n tecnol\u00f3gica.<\/p>\n<p>[\/vc_column_text][\/vc_tta_section][vc_tta_section i_icon_fontawesome=&#8221;fas fa-fish&#8221; add_icon=&#8221;true&#8221; title=&#8221;ADAPTABILIDAD Y PERSONALIZACI\u00d3N&#8221; tab_id=&#8221;1708074274088-ce2c6cf6-55ae&#8221;][vc_column_text css=&#8221;.vc_custom_1708349562823{margin-right: 40px !important;margin-left: 120px !important;border-right-width: 40px !important;border-left-width: 40px !important;padding-top: 40px !important;padding-right: 200px !important;padding-bottom: 40px !important;padding-left: 200px !important;}&#8221;]<\/p>\n<p style=\"font-weight: 400;\"><strong>ADAPTABILIDAD Y PERSONALIZACI\u00d3N AL SERVICIO DE CADA PESQUER\u00cdA<\/strong><\/p>\n<p style=\"font-weight: 400;\">Entendemos que cada pesquer\u00eda tiene sus propias caracter\u00edsticas y desaf\u00edos. Por eso, nuestras soluciones est\u00e1n dise\u00f1adas para ser completamente adaptables y personalizables, asegurando que cada plan de monitorizaci\u00f3n se ajuste a las necesidades espec\u00edficas de cada pesquer\u00eda, asegurando la conservaci\u00f3n de los oc\u00e9anos y el bienestar de las comunidades pesqueras.<\/p>\n<p>[\/vc_column_text][\/vc_tta_section][vc_tta_section i_icon_fontawesome=&#8221;fas fa-hands-helping&#8221; add_icon=&#8221;true&#8221; title=&#8221;COLABORACI\u00d3N&#8221; tab_id=&#8221;1708075066603-ffad98e8-df7f&#8221;][vc_column_text css=&#8221;.vc_custom_1708339035636{margin-right: 40px !important;margin-left: 120px !important;border-right-width: 40px !important;border-left-width: 40px !important;padding-top: 40px !important;padding-right: 200px !important;padding-bottom: 40px !important;padding-left: 200px !important;}&#8221;]<\/p>\n<p style=\"font-weight: 400;\"><strong>COLABORACI\u00d3N PARA EL CAMBIO<\/strong><\/p>\n<p style=\"font-weight: 400;\">En <strong>Zunibal<\/strong>, creemos firmemente en el poder de la colaboraci\u00f3n para generar un impacto positivo en la industria pesquera. Trabajamos mano a mano con gobiernos, reguladores, observadores, organizaciones de investigaci\u00f3n y comunidades pesqueras para desarrollar e implementar nuestras soluciones de observaci\u00f3n electr\u00f3nica, asegurando que cada proyecto sea un paso adelante hacia una pesca m\u00e1s sostenible y responsable.<\/p>\n<p>[\/vc_column_text][\/vc_tta_section][vc_tta_section i_icon_fontawesome=&#8221;fas fa-seedling&#8221; add_icon=&#8221;true&#8221; title=&#8221;COMPROMISO&#8221; tab_id=&#8221;1708075070024-02da7d12-657c&#8221;][vc_column_text css=&#8221;.vc_custom_1708349627556{margin-right: 40px !important;margin-left: 120px !important;border-right-width: 40px !important;border-left-width: 40px !important;padding-top: 40px !important;padding-right: 200px !important;padding-bottom: 40px !important;padding-left: 200px !important;}&#8221;]<\/p>\n<p style=\"font-weight: 400;\"><strong>COMPROMISO CON LA INNOVACI\u00d3N Y LA SOSTENIBILIDAD<\/strong><\/p>\n<p style=\"font-weight: 400;\">Nuestro compromiso es claro: liderar el camino hacia una industria pesquera m\u00e1s sostenible mediante la innovaci\u00f3n tecnol\u00f3gica. En<strong> Zunibal<\/strong>, no solo proporcionamos herramientas de monitorizaci\u00f3n. Ofrecemos una visi\u00f3n para el futuro de la pesca, donde la sostenibilidad y la tecnolog\u00eda van de la mano para proteger nuestros oc\u00e9anos y asegurar recursos para generaciones futuras.<\/p>\n<p>[\/vc_column_text][\/vc_tta_section][\/vc_tta_tabs][vc_row_inner css=&#8221;.vc_custom_1750077672051{margin-right: 45px !important;margin-left: 40px !important;}&#8221;][vc_column_inner width=&#8221;1\/4&#8243;][vc_single_image image=&#8221;30079&#8243; img_size=&#8221;medium&#8221; css=&#8221;.vc_custom_1750077659599{margin-left: 40px !important;}&#8221;][\/vc_column_inner][vc_column_inner width=&#8221;3\/4&#8243;][vc_separator][vc_column_text]This project has been funded by the Regional Government of Bizkaia within the 3i 2023 Programme.[\/vc_column_text][\/vc_column_inner][\/vc_row_inner][\/vc_column][\/vc_row][vc_row full_width=&#8221;stretch_row&#8221; content_placement=&#8221;top&#8221; css=&#8221;.vc_custom_1708336027042{background-color: #ededed !important;}&#8221;][vc_column width=&#8221;1\/2&#8243;][vc_column_text css=&#8221;.vc_custom_1708339441387{margin-top: 50px !important;margin-right: 100px !important;margin-left: 200px !important;}&#8221;]<\/p>\n<h4><strong><span style=\"color: #13689d;\">\u00bfQuieres saber m\u00e1s?<\/span><\/strong><\/h4>\n<h6 style=\"text-align: justify;\"><span style=\"color: #13689d;\">Para obtener informaci\u00f3n detallada sobre nuestro sistema de monitorizaci\u00f3n electr\u00f3nica, completa el formulario y descubre c\u00f3mo nuestra soluci\u00f3n puede adaptarse a tus necesidades.<\/span><\/h6>\n<p>[\/vc_column_text][vc_single_image image=&#8221;19366&#8243; img_size=&#8221;full&#8221; alignment=&#8221;center&#8221; css=&#8221;.vc_custom_1708339460287{margin-top: -250px !important;}&#8221;][\/vc_column][vc_column width=&#8221;1\/2&#8243; css=&#8221;.vc_custom_1708081889264{margin-right: 200px !important;margin-left: 100px !important;}&#8221;][vc_separator el_id=&#8221;catalogForm&#8221;]<div role=\"form\" class=\"wpcf7\" id=\"wpcf7-f19358-o2\" lang=\"es-ES\" dir=\"ltr\">\n<div class=\"screen-reader-response\"><p role=\"status\" aria-live=\"polite\" aria-atomic=\"true\"><\/p> <ul><\/ul><\/div>\n<form action=\"\/en\/wp-json\/wp\/v2\/pages\/19325#wpcf7-f19358-o2\" method=\"post\" class=\"wpcf7-form init\" novalidate=\"novalidate\" data-status=\"init\">\n<div style=\"display: none;\">\n<input type=\"hidden\" name=\"_wpcf7\" value=\"19358\" \/>\n<input type=\"hidden\" name=\"_wpcf7_version\" value=\"5.4.1\" \/>\n<input type=\"hidden\" name=\"_wpcf7_locale\" value=\"es_ES\" \/>\n<input type=\"hidden\" name=\"_wpcf7_unit_tag\" value=\"wpcf7-f19358-o2\" \/>\n<input type=\"hidden\" name=\"_wpcf7_container_post\" value=\"0\" \/>\n<input type=\"hidden\" name=\"_wpcf7_posted_data_hash\" value=\"\" \/>\n<\/div>\n<p><label> Nombre Completo<br \/>\n    <span class=\"wpcf7-form-control-wrap full-name\"><input type=\"text\" name=\"full-name\" value=\"\" size=\"40\" class=\"wpcf7-form-control wpcf7-text wpcf7-validates-as-required\" aria-required=\"true\" aria-invalid=\"false\" \/><\/span> <\/label><\/p>\n<p><label> Correo Electr\u00f3nico:<br \/>\n    <span class=\"wpcf7-form-control-wrap email-address\"><input type=\"email\" name=\"email-address\" value=\"\" size=\"40\" class=\"wpcf7-form-control wpcf7-text wpcf7-email wpcf7-validates-as-required wpcf7-validates-as-email\" aria-required=\"true\" aria-invalid=\"false\" \/><\/span> <\/label><\/p>\n<p><label> N\u00famero de Tel\u00e9fono:<br \/>\n    <span class=\"wpcf7-form-control-wrap phone-number\"><input type=\"tel\" name=\"phone-number\" value=\"\" size=\"40\" class=\"wpcf7-form-control wpcf7-text wpcf7-tel wpcf7-validates-as-required wpcf7-validates-as-tel\" aria-required=\"true\" aria-invalid=\"false\" \/><\/span> <\/label><\/p>\n<p><span id=\"wpcf7-69e0bf8e4926e-wrapper\" class=\"wpcf7-form-control-wrap website-wrap\" ><input id=\"wpcf7-69e0bf8e4926e-field\"  class=\"wpcf7-form-control wpcf7-text\" type=\"text\" name=\"website\" value=\"\" size=\"40\" tabindex=\"-1\" autocomplete=\"new-password\" \/><\/span><\/p>\n<p><span class=\"wpcf7-form-control-wrap acuerdo\"><span class=\"wpcf7-form-control wpcf7-checkbox wpcf7-validates-as-required\"><span class=\"wpcf7-list-item first last\"><input type=\"checkbox\" name=\"acuerdo[]\" value=\"Si\" \/><span class=\"wpcf7-list-item-label\">Si<\/span><\/span><\/span><\/span> He le\u00eddo y acepto la <a href=\"#\">Pol\u00edtica de Privacidad<\/a><\/p>\n<p><input type=\"submit\" value=\"Enviar\" class=\"wpcf7-form-control wpcf7-submit\" \/><\/p>\n<div class=\"wpcf7-response-output\" aria-hidden=\"true\"><\/div><\/form><\/div>[\/vc_column][\/vc_row][vc_row][vc_column][\/vc_column][\/vc_row][vc_row][vc_column][\/vc_column][\/vc_row]<\/p>","protected":false},"excerpt":{"rendered":"<p>[vc_row full_width=&#8221;stretch_row&#8221; full_height=&#8221;yes&#8221; parallax=&#8221;content-moving&#8221; parallax_speed_bg=&#8221;2.5&#8243; css=&#8221;.vc_custom_1708070612819{background-color: #13689d !important;}&#8221;][vc_column width=&#8221;1\/2&#8243;][vc_column_text css=&#8221;.vc_custom_1708424045525{border-top-width: 20px !important;border-right-width: 20px !important;border-bottom-width: 20px !important;border-left-width: 20px !important;padding-top: 40px !important;padding-right: 40px !important;padding-left: 120px !important;}&#8221;] MONITORIZACI\u00d3N ELECTR\u00d3NICA PARA UNA PESCA SOSTENIBLE Ofrecemos una soluci\u00f3n integral de Observaci\u00f3n Electr\u00f3nica que combina tecnolog\u00edas de an\u00e1lisis de datos e inteligencia artificial para transformar la industria pesquera hacia un futuro &hellip;<\/p>\n<p class=\"read-more\"> <a class=\"\" href=\"https:\/\/zunibal.com\/en\/electronic-monitoring\/\"> <span class=\"screen-reader-text\">ELECTRONIC MONITORING SOLUTION<\/span> Read More &raquo;<\/a><\/p>\n","protected":false},"author":1,"featured_media":0,"parent":0,"menu_order":0,"comment_status":"closed","ping_status":"closed","template":"","meta":{"site-sidebar-layout":"default","site-content-layout":"default","ast-global-header-display":"","ast-main-header-display":"","ast-hfb-above-header-display":"","ast-hfb-below-header-display":"","ast-hfb-mobile-header-display":"","site-post-title":"","ast-breadcrumbs-content":"","ast-featured-img":"","footer-sml-layout":"","theme-transparent-header-meta":"default","adv-header-id-meta":"","stick-header-meta":"","header-above-stick-meta":"","header-main-stick-meta":"","header-below-stick-meta":""},"_links":{"self":[{"href":"https:\/\/zunibal.com\/en\/wp-json\/wp\/v2\/pages\/19325"}],"collection":[{"href":"https:\/\/zunibal.com\/en\/wp-json\/wp\/v2\/pages"}],"about":[{"href":"https:\/\/zunibal.com\/en\/wp-json\/wp\/v2\/types\/page"}],"author":[{"embeddable":true,"href":"https:\/\/zunibal.com\/en\/wp-json\/wp\/v2\/users\/1"}],"replies":[{"embeddable":true,"href":"https:\/\/zunibal.com\/en\/wp-json\/wp\/v2\/comments?post=19325"}],"version-history":[{"count":63,"href":"https:\/\/zunibal.com\/en\/wp-json\/wp\/v2\/pages\/19325\/revisions"}],"predecessor-version":[{"id":30088,"href":"https:\/\/zunibal.com\/en\/wp-json\/wp\/v2\/pages\/19325\/revisions\/30088"}],"wp:attachment":[{"href":"https:\/\/zunibal.com\/en\/wp-json\/wp\/v2\/media?parent=19325"}],"curies":[{"name":"wp","href":"https:\/\/api.w.org\/{rel}","templated":true}]}}