{"id":1004,"date":"2021-03-30T08:43:28","date_gmt":"2021-03-30T08:43:28","guid":{"rendered":"https:\/\/zunibal.com\/?page_id=1004"},"modified":"2022-02-16T12:12:23","modified_gmt":"2022-02-16T12:12:23","slug":"calidad","status":"publish","type":"page","link":"https:\/\/zunibal.com\/es\/calidad\/","title":{"rendered":"Calidad"},"content":{"rendered":"<p>[vc_row full_width=\u00bbstretch_row_content_no_spaces\u00bb parallax=\u00bbcontent-moving\u00bb parallax_speed_bg=\u00bb3&#8243; css=\u00bb.vc_custom_1617095280606{margin-top: 0px !important;margin-right: 0px !important;margin-bottom: 0px !important;margin-left: 0px !important;border-top-width: 0px !important;border-right-width: 0px !important;border-bottom-width: 0px !important;border-left-width: 0px !important;padding-top: 40px !important;padding-right: 0px !important;padding-bottom: 40px !important;padding-left: 0px !important;background-image: url(https:\/\/zunibal.com\/wp-content\/uploads\/2021\/03\/zunibal-edificio.jpg?id=1020) !important;background-position: center;background-repeat: no-repeat !important;background-size: cover !important;}\u00bb][vc_column][vc_empty_space height=\u00bb50px\u00bb][vc_column_text css_animation=\u00bbfadeIn\u00bb el_class=\u00bbtextoazul\u00bb]<\/p>\n<h2 class=\"aparienciaH1\" style=\"text-align: center;\"><strong>Calidad<\/strong><\/h2>\n<p>[\/vc_column_text][vc_empty_space height=\u00bb50px\u00bb][\/vc_column][\/vc_row][vc_row full_width=\u00bbstretch_row\u00bb][vc_column][vc_empty_space height=\u00bb50px\u00bb][vc_column_text css_animation=\u00bbslideInDown\u00bb el_class=\u00bbmayusculas\u00bb css=\u00bb.vc_custom_1617093510124{margin-bottom: 0px !important;border-bottom-width: 0px !important;padding-bottom: 0px !important;}\u00bb]<\/p>\n<h2 style=\"text-align: center;\">Orientados a la calidad y a la mejora cont\u00ednua<\/h2>\n<p>[\/vc_column_text][vc_column_text css_animation=\u00bbfadeIn\u00bb el_class=\u00bbtextoazul mayusculas\u00bb css=\u00bb.vc_custom_1632123559337{margin-top: 0px !important;margin-bottom: 20px !important;border-top-width: 0px !important;padding-top: 10px !important;}\u00bb]<\/p>\n<h2 class=\"aparienciaH1\" style=\"text-align: center;\"><b>Nuestro valor a\u00f1adido<\/b><\/h2>\n<p>[\/vc_column_text][vc_empty_space][vc_row_inner content_placement=\u00bbtop\u00bb][vc_column_inner][vc_column_text css_animation=\u00bbfadeIn\u00bb]<\/p>\n<p style=\"text-align: justify;\">Estamos orientados hacia un modelo de organizaci\u00f3n y gesti\u00f3n que facilita la generaci\u00f3n de ideas y la transferencia de conocimiento, aportando as\u00ed mayor valor a\u00f1adido a nuestros clientes y mayor calidad en la trazabilidad de nuestros productos, desde la investigaci\u00f3n hasta el servicio posventa.<\/p>\n<p style=\"text-align: justify;\">Somos una empresa pionera en el dise\u00f1o, fabricaci\u00f3n y comercializaci\u00f3n de soluciones tecnol\u00f3gicas para el sector atunero, y enfocamos nuestro sistema integrado, como la manera de organizar nuestra actividad empresarial, para alcanzar la m\u00e1s alta calidad y seguridad en los productos y servicios, y el m\u00e1ximo respeto hacia el medio ambiente a trav\u00e9s de la mejora continua de nuestro desempe\u00f1o ambiental y de nuestros procesos. Declaramos <a href=\"https:\/\/zunibal.com\/wp-content\/uploads\/2021\/07\/Politica-Integrada-Rev.11.pdf\" target=\"_blank\" rel=\"noopener\">Sistema de Gesti\u00f3n Integrado<\/a> como objetivo estrat\u00e9gico y prioritario.<\/p>\n<p style=\"text-align: justify;\">Promovemos la investigaci\u00f3n, el desarrollo y la innovaci\u00f3n en el dise\u00f1o y eco dise\u00f1o teniendo en cuenta la integraci\u00f3n de aspectos ambientales para mejorar la sostenibilidad de los productos a lo largo de su ciclo de vida. Somos la primera empresa del sector que ofrece una boya satelitaria para la pesca de at\u00fan eco dise\u00f1ada. Hemos implementado el eco dise\u00f1o como sistema de gesti\u00f3n, ofreciendo soluciones tecnol\u00f3gicas respetuosas con el medio ambiente y reduciendo el impacto ambiental.<\/p>\n<p>[\/vc_column_text][vc_empty_space][vc_column_text css_animation=\u00bbfadeIn\u00bb]<\/p>\n<p><center>\u00a0 <a href=\"https:\/\/zunibal.com\/wp-content\/uploads\/2021\/05\/2020-Certificado-UNE-14006-ES-EN.pdf\" target=\"_blank\" rel=\"noopener\"><img class=\"size-full wp-image-739 alignnone\" src=\"https:\/\/zunibal.com\/wp-content\/uploads\/2021\/03\/Ecodesign_lightgreen_1-157x300-1.png\" alt=\"\" width=\"100\" \/><\/a> \u00a0 <a href=\"https:\/\/zunibal.com\/wp-content\/uploads\/2021\/05\/2020-Certificado-ENAC-ISO-9001-ES-EN.pdf\" target=\"_blank\" rel=\"noopener\"><img class=\"size-full wp-image-740 alignnone\" src=\"https:\/\/zunibal.com\/wp-content\/uploads\/2021\/03\/Zunibal_ISO9001_ENAC-240x300-1.png\" alt=\"\" width=\"180\" \/><\/a> \u00a0 <a href=\"https:\/\/zunibal.com\/wp-content\/uploads\/2021\/05\/2020-Certificado-ENAC-ISO-14001-ES-EN.pdf\" target=\"_blank\" rel=\"noopener\"><img class=\"size-full wp-image-741 alignnone\" src=\"https:\/\/zunibal.com\/wp-content\/uploads\/2021\/03\/Zunibal_ISO14001_ENAC-240x300-1.png\" alt=\"\" width=\"180\" \/><\/a> \u00a0 <a href=\"https:\/\/zunibal.com\/wp-content\/uploads\/2021\/05\/2020-Certificado-ENAC-ISO-27001-ES.pdf\" target=\"_blank\" rel=\"noopener\"><img class=\"alignnone wp-image-10994 size-full\" src=\"https:\/\/zunibal.com\/wp-content\/uploads\/2021\/05\/aenor-calidad.jpg\" alt=\"\" width=\"180\" \/><\/a><\/center>[\/vc_column_text][vc_empty_space][\/vc_column_inner][\/vc_row_inner][\/vc_column][\/vc_row][vc_row full_width=\u00bbstretch_row\u00bb css=\u00bb.vc_custom_1616668941184{padding-bottom: 50px !important;}\u00bb][vc_column][vc_btn title=\u00bbCONTACTAR\u00bb style=\u00bbflat\u00bb shape=\u00bbround\u00bb color=\u00bbblue\u00bb align=\u00bbcenter\u00bb css_animation=\u00bbfadeInUp\u00bb el_class=\u00bbmayusculas\u00bb link=\u00bburl:https%3A%2F%2Fzunibal.com%2Fcontacto%2F|title:Contacto\u00bb][vc_empty_space][\/vc_column][\/vc_row]<\/p>","protected":false},"excerpt":{"rendered":"<p>[vc_row full_width=\u00bbstretch_row_content_no_spaces\u00bb parallax=\u00bbcontent-moving\u00bb parallax_speed_bg=\u00bb3&#8243; css=\u00bb.vc_custom_1617095280606{margin-top: 0px !important;margin-right: 0px !important;margin-bottom: 0px !important;margin-left: 0px !important;border-top-width: 0px !important;border-right-width: 0px !important;border-bottom-width: 0px !important;border-left-width: 0px !important;padding-top: 40px !important;padding-right: 0px !important;padding-bottom: 40px !important;padding-left: 0px !important;background-image: url(https:\/\/zunibal.com\/wp-content\/uploads\/2021\/03\/zunibal-edificio.jpg?id=1020) !important;background-position: center;background-repeat: no-repeat !important;background-size: cover !important;}\u00bb][vc_column][vc_empty_space height=\u00bb50px\u00bb][vc_column_text css_animation=\u00bbfadeIn\u00bb el_class=\u00bbtextoazul\u00bb] Calidad [\/vc_column_text][vc_empty_space height=\u00bb50px\u00bb][\/vc_column][\/vc_row][vc_row full_width=\u00bbstretch_row\u00bb][vc_column][vc_empty_space height=\u00bb50px\u00bb][vc_column_text css_animation=\u00bbslideInDown\u00bb el_class=\u00bbmayusculas\u00bb css=\u00bb.vc_custom_1617093510124{margin-bottom: 0px !important;border-bottom-width: 0px !important;padding-bottom: 0px !important;}\u00bb] Orientados a &hellip;<\/p>\n<p class=\"read-more\"> <a class=\"\" href=\"https:\/\/zunibal.com\/es\/calidad\/\"> <span class=\"screen-reader-text\">Calidad<\/span> Leer m\u00e1s &raquo;<\/a><\/p>\n","protected":false},"author":1,"featured_media":0,"parent":0,"menu_order":10,"comment_status":"closed","ping_status":"closed","template":"","meta":{"site-sidebar-layout":"no-sidebar","site-content-layout":"plain-container","ast-global-header-display":"","ast-main-header-display":"","ast-hfb-above-header-display":"","ast-hfb-below-header-display":"","ast-hfb-mobile-header-display":"","site-post-title":"disabled","ast-breadcrumbs-content":"","ast-featured-img":"disabled","footer-sml-layout":"","theme-transparent-header-meta":"default","adv-header-id-meta":"","stick-header-meta":"","header-above-stick-meta":"","header-main-stick-meta":"","header-below-stick-meta":""},"_links":{"self":[{"href":"https:\/\/zunibal.com\/es\/wp-json\/wp\/v2\/pages\/1004"}],"collection":[{"href":"https:\/\/zunibal.com\/es\/wp-json\/wp\/v2\/pages"}],"about":[{"href":"https:\/\/zunibal.com\/es\/wp-json\/wp\/v2\/types\/page"}],"author":[{"embeddable":true,"href":"https:\/\/zunibal.com\/es\/wp-json\/wp\/v2\/users\/1"}],"replies":[{"embeddable":true,"href":"https:\/\/zunibal.com\/es\/wp-json\/wp\/v2\/comments?post=1004"}],"version-history":[{"count":11,"href":"https:\/\/zunibal.com\/es\/wp-json\/wp\/v2\/pages\/1004\/revisions"}],"predecessor-version":[{"id":12165,"href":"https:\/\/zunibal.com\/es\/wp-json\/wp\/v2\/pages\/1004\/revisions\/12165"}],"wp:attachment":[{"href":"https:\/\/zunibal.com\/es\/wp-json\/wp\/v2\/media?parent=1004"}],"curies":[{"name":"wp","href":"https:\/\/api.w.org\/{rel}","templated":true}]}}