{"id":1043,"date":"2021-03-30T09:17:20","date_gmt":"2021-03-30T09:17:20","guid":{"rendered":"https:\/\/zunibal.com\/?page_id=1043"},"modified":"2022-02-16T12:40:34","modified_gmt":"2022-02-16T12:40:34","slug":"nosotros","status":"publish","type":"page","link":"https:\/\/zunibal.com\/es\/zunibal\/","title":{"rendered":"Nosotros"},"content":{"rendered":"<p>[vc_row full_width=\u00bbstretch_row_content_no_spaces\u00bb parallax=\u00bbcontent-moving\u00bb css=\u00bb.vc_custom_1617102183823{margin-top: 0px !important;margin-right: 0px !important;margin-bottom: 0px !important;margin-left: 0px !important;border-top-width: 0px !important;border-right-width: 0px !important;border-bottom-width: 0px !important;border-left-width: 0px !important;padding-top: 0px !important;padding-right: 0px !important;padding-bottom: 0px !important;padding-left: 0px !important;background-image: url(https:\/\/zunibal.com\/wp-content\/uploads\/2021\/03\/cab-proyectos.jpg?id=846) !important;background-position: center;background-repeat: no-repeat !important;background-size: cover !important;}\u00bb][vc_column][vc_empty_space height=\u00bb250px\u00bb][\/vc_column][\/vc_row][vc_row full_width=\u00bbstretch_row\u00bb][vc_column][vc_empty_space height=\u00bb20px\u00bb][vc_column_text css_animation=\u00bbfadeIn\u00bb el_class=\u00bbtextoazul mayusculas\u00bb css=\u00bb.vc_custom_1632123478279{margin-top: 0px !important;border-top-width: 0px !important;padding-top: 10px !important;}\u00bb]<\/p>\n<h2 class=\"aparienciaH1\" style=\"text-align: center;\"><b>Zunibal<\/b><\/h2>\n<p>[\/vc_column_text][vc_row_inner][vc_column_inner width=\u00bb1\/6&#8243;][vc_empty_space height=\u00bb1px\u00bb][\/vc_column_inner][vc_column_inner width=\u00bb2\/3&#8243;][vc_column_text css_animation=\u00bbfadeIn\u00bb]<\/p>\n<p style=\"text-align: justify;\">Con <strong>m\u00e1s de 25 a\u00f1os de experiencia en detecci\u00f3n de at\u00fan y comunicaci\u00f3n por sat\u00e9lite<\/strong>, aplicando tecnolog\u00edas de vanguardia y en constante evoluci\u00f3n, el sector pesquero es desde el inicio nuestra pasi\u00f3n y compromiso.<\/p>\n<p style=\"text-align: justify;\">El know-how adquirido nos permite trabajar con \u00e9xito en otros proyectos en sectores como la Oceanograf\u00eda, la Acuicultura, la Sens\u00f3rica, pero con una inequ\u00edvoca dedicaci\u00f3n a los clientes del sector Atunero.<\/p>\n<p>[\/vc_column_text][vc_empty_space height=\u00bb50px\u00bb][\/vc_column_inner][vc_column_inner width=\u00bb1\/6&#8243;][vc_empty_space height=\u00bb1px\u00bb][\/vc_column_inner][\/vc_row_inner][\/vc_column][\/vc_row][vc_row full_width=\u00bbstretch_row_content\u00bb full_height=\u00bbyes\u00bb content_placement=\u00bbmiddle\u00bb parallax=\u00bbcontent-moving\u00bb css=\u00bb.vc_custom_1617101890345{padding-top: 120px !important;padding-bottom: 120px !important;background-image: url(https:\/\/zunibal.com\/wp-content\/uploads\/2021\/03\/barco-pesquero-nosotros2.jpg?id=1059) !important;background-position: center;background-repeat: no-repeat !important;background-size: cover !important;}\u00bb][vc_column width=\u00bb1\/3&#8243;][vc_empty_space height=\u00bb1px\u00bb][\/vc_column][vc_column width=\u00bb1\/3&#8243;][vc_empty_space height=\u00bb1px\u00bb][\/vc_column][vc_column width=\u00bb1\/3&#8243;][vc_column_text css_animation=\u00bbfadeInRight\u00bb el_class=\u00bbtextoblanco\u00bb css=\u00bb.vc_custom_1644235361215{padding-top: 50px !important;padding-right: 40px !important;padding-bottom: 50px !important;padding-left: 40px !important;background-color: #2d55aa !important;}\u00bb]<\/p>\n<p style=\"text-align: justify;\">La <strong>Inteligencia Artificial y el Machine Learning aplicado a nuestras boyas para la pesca del at\u00fan<\/strong>, desde hace tres a\u00f1os, es sin lugar a dudas el presente y el futuro para ofrecer a los clientes las herramientas necesarias que les permiten optimizar sus operaciones, tomar decisiones informadas con mayor rapidez y reducir costes, siempre con la mejora y cuidado de los recursos pesqueros.<\/p>\n<p>[\/vc_column_text][\/vc_column][\/vc_row][vc_row full_width=\u00bbstretch_row_content\u00bb content_placement=\u00bbmiddle\u00bb css=\u00bb.vc_custom_1617098870063{margin-top: 0px !important;margin-bottom: 0px !important;border-top-width: 0px !important;border-bottom-width: 0px !important;padding-top: 50px !important;padding-bottom: 50px !important;background-position: center !important;background-repeat: no-repeat !important;background-size: cover !important;}\u00bb][vc_column css_animation=\u00bbfadeInLeft\u00bb width=\u00bb1\/3&#8243; css=\u00bb.vc_custom_1617099077393{padding-right: 40px !important;padding-left: 40px !important;}\u00bb][vc_column_text css_animation=\u00bbfadeIn\u00bb el_class=\u00bbtextoazul\u00bb][\/vc_column_text][vc_column_text css_animation=\u00bbfadeInLeft\u00bb]<\/p>\n<p style=\"text-align: justify;\">Con un cambio en la Direcci\u00f3n de la empresa, en Septiembre de 2021, a<strong>frontamos el futuro con una apuesta de crecimiento Global<\/strong>, con la confianza y el apoyo de nuestros clientes y empresas con las que colaboramos.<\/p>\n<p>[\/vc_column_text][vc_empty_space][\/vc_column][vc_column width=\u00bb2\/3&#8243; css=\u00bb.vc_custom_1617099126716{margin-top: 0px !important;margin-right: 0px !important;margin-bottom: 0px !important;margin-left: 0px !important;border-top-width: 0px !important;border-right-width: 0px !important;border-bottom-width: 0px !important;border-left-width: 0px !important;padding-top: 0px !important;padding-right: 0px !important;padding-bottom: 0px !important;padding-left: 0px !important;}\u00bb][vc_single_image image=\u00bb1083&#8243; img_size=\u00bbfull\u00bb alignment=\u00bbcenter\u00bb css_animation=\u00bbfadeIn\u00bb css=\u00bb.vc_custom_1617099115497{margin-top: 0px !important;margin-right: 0px !important;margin-bottom: 0px !important;margin-left: 0px !important;border-top-width: 0px !important;border-right-width: 0px !important;border-bottom-width: 0px !important;border-left-width: 0px !important;padding-top: 0px !important;padding-right: 0px !important;padding-bottom: 0px !important;padding-left: 0px !important;}\u00bb][\/vc_column][\/vc_row][vc_row full_width=\u00bbstretch_row\u00bb content_placement=\u00bbmiddle\u00bb css=\u00bb.vc_custom_1617101366757{margin-top: 0px !important;margin-bottom: 0px !important;border-top-width: 0px !important;border-bottom-width: 0px !important;padding-top: 50px !important;padding-bottom: 50px !important;background-color: #ededed !important;background-position: center !important;background-repeat: no-repeat !important;background-size: cover !important;}\u00bb][vc_column css_animation=\u00bbfadeInLeft\u00bb width=\u00bb1\/2&#8243; css=\u00bb.vc_custom_1617099077393{padding-right: 40px !important;padding-left: 40px !important;}\u00bb][vc_column_text css_animation=\u00bbfadeInLeft\u00bb]<\/p>\n<p><center><iframe loading=\"lazy\" title=\"YouTube video player\" src=\"https:\/\/www.youtube.com\/embed\/vI9fV-DOgX0\" width=\"560\" height=\"315\" frameborder=\"0\" allowfullscreen=\"allowfullscreen\"><\/iframe><\/center>[\/vc_column_text][vc_empty_space][\/vc_column][vc_column width=\u00bb1\/2&#8243;][vc_column_text css_animation=\u00bbfadeInRight\u00bb]<\/p>\n<p><center><iframe loading=\"lazy\" title=\"YouTube video player\" src=\"https:\/\/www.youtube.com\/embed\/xgc8ugf56ys\" width=\"560\" height=\"315\" frameborder=\"0\" allowfullscreen=\"allowfullscreen\"><\/iframe><\/center>[\/vc_column_text][vc_empty_space][\/vc_column][\/vc_row][vc_row full_width=\u00bbstretch_row_content\u00bb equal_height=\u00bbyes\u00bb content_placement=\u00bbmiddle\u00bb css=\u00bb.vc_custom_1617101613101{margin-top: 0px !important;margin-bottom: 0px !important;border-top-width: 0px !important;border-bottom-width: 0px !important;padding-top: 0px !important;padding-bottom: 0px !important;background-color: #2d55aa !important;background-position: center !important;background-repeat: no-repeat !important;background-size: cover !important;}\u00bb el_class=\u00bbtextoblanco\u00bb][vc_column css_animation=\u00bbfadeInLeft\u00bb width=\u00bb1\/2&#8243; css=\u00bb.vc_custom_1617099077393{padding-right: 40px !important;padding-left: 40px !important;}\u00bb][vc_empty_space height=\u00bb50px\u00bb][vc_column_text css_animation=\u00bbfadeIn\u00bb]<\/p>\n<h2><strong>Servicios globales, localmente<\/strong><\/h2>\n<p>[\/vc_column_text][vc_column_text css_animation=\u00bbfadeInLeft\u00bb]<\/p>\n<p style=\"text-align: justify;\">Contamos con un equipo multi-disciplinar de m\u00e1s de 90 personas, unas instalaciones a la altura de lo que nuestros clientes demandan y una extensa red de distribuci\u00f3n y servicio, que brinda soluciones a nuestros clientes, con una dedicaci\u00f3n, 24 horas al d\u00eda, 7 d\u00edas a la semana.<\/p>\n<p>[\/vc_column_text][vc_empty_space height=\u00bb50px\u00bb][\/vc_column][vc_column parallax=\u00bbcontent-moving\u00bb width=\u00bb1\/2&#8243; css=\u00bb.vc_custom_1617102136548{background-image: url(https:\/\/zunibal.com\/wp-content\/uploads\/2021\/03\/zunibal-edificio-home.jpg?id=756) !important;background-position: center !important;background-repeat: no-repeat !important;background-size: cover !important;}\u00bb][\/vc_column][\/vc_row][vc_row full_width=\u00bbstretch_row\u00bb content_placement=\u00bbmiddle\u00bb css=\u00bb.vc_custom_1620982538109{margin-top: 0px !important;margin-bottom: 0px !important;border-top-width: 0px !important;border-bottom-width: 0px !important;padding-top: 50px !important;padding-bottom: 50px !important;background: #ededed url(https:\/\/zunibal.com\/wp-content\/uploads\/2021\/05\/nosotros-center3.jpg?id=11014) !important;background-position: center !important;background-repeat: no-repeat !important;background-size: cover !important;}\u00bb][vc_column css_animation=\u00bbfadeInLeft\u00bb width=\u00bb1\/2&#8243; css=\u00bb.vc_custom_1617099077393{padding-right: 40px !important;padding-left: 40px !important;}\u00bb][vc_empty_space height=\u00bb1px\u00bb][\/vc_column][vc_column width=\u00bb1\/2&#8243;][vc_column_text css_animation=\u00bbfadeInRight\u00bb css=\u00bb.vc_custom_1644235016810{padding-top: 50px !important;padding-right: 40px !important;padding-bottom: 50px !important;padding-left: 40px !important;background-color: rgba(0,0,0,0.63) !important;*background-color: rgb(0,0,0) !important;}\u00bb el_class=\u00bbtextoblanco\u00bb]<\/p>\n<h2>Innovadores : de la idea al producto<\/h2>\n<p style=\"text-align: justify;\">Somos pioneros en la aplicaci\u00f3n de las comunicaciones satelitales a la pesca del at\u00fan. Con un profundo conocimiento en tecnolog\u00edas de detecci\u00f3n, ac\u00fastica y las comunicaciones remotas, desarrollamos y brindamos servicios de Calidad. Los clientes son lo primero, y ofrecemos dise\u00f1os, implementamos y respaldamos soluciones hechas a la medida para satisfacer las necesidades \u00fanicas de nuestros clientes. Esto es posible ya que controlamos todos los procesos desde la idea hasta la entrega del producto final.<\/p>\n<p>[\/vc_column_text][\/vc_column][\/vc_row][vc_row full_width=\u00bbstretch_row\u00bb content_placement=\u00bbmiddle\u00bb css=\u00bb.vc_custom_1617100564382{margin-top: 0px !important;margin-bottom: 0px !important;border-top-width: 0px !important;border-bottom-width: 0px !important;padding-top: 50px !important;padding-bottom: 50px !important;background-position: center !important;background-repeat: no-repeat !important;background-size: cover !important;}\u00bb][vc_column css_animation=\u00bbfadeInLeft\u00bb width=\u00bb1\/2&#8243; css=\u00bb.vc_custom_1617099077393{padding-right: 40px !important;padding-left: 40px !important;}\u00bb][vc_column_text css_animation=\u00bbfadeIn\u00bb el_class=\u00bbtextoazul\u00bb]<\/p>\n<h2><strong>Log\u00edstica<\/strong><\/h2>\n<p>[\/vc_column_text][vc_column_text css_animation=\u00bbfadeInLeft\u00bb]<\/p>\n<p style=\"text-align: justify;\">La ubicaci\u00f3n de la planta principal, cercana al aeropuerto de Loiu (Bizkaia) y al puerto de Bilbao, nos permite ofrecer respuestas \u00e1giles a nuestros clientes. Completamos este servicio integral y de calidad con almacenes con stock permanente en los puertos estrat\u00e9gicos a nivel internacional.<\/p>\n<p>[\/vc_column_text][vc_empty_space][\/vc_column][vc_column width=\u00bb1\/2&#8243;][vc_single_image image=\u00bb1108&#8243; img_size=\u00bbfull\u00bb alignment=\u00bbcenter\u00bb css_animation=\u00bbfadeInRight\u00bb][\/vc_column][\/vc_row][vc_row full_width=\u00bbstretch_row\u00bb content_placement=\u00bbmiddle\u00bb parallax=\u00bbcontent-moving\u00bb css=\u00bb.vc_custom_1617100836215{margin-top: 0px !important;margin-bottom: 0px !important;border-top-width: 0px !important;border-bottom-width: 0px !important;padding-top: 50px !important;padding-bottom: 50px !important;background-image: url(https:\/\/zunibal.com\/wp-content\/uploads\/2021\/03\/fnd-logistica.jpg?id=1111) !important;background-position: center;background-repeat: no-repeat !important;background-size: cover !important;}\u00bb][vc_column css_animation=\u00bbfadeInLeft\u00bb width=\u00bb1\/2&#8243; css=\u00bb.vc_custom_1617099077393{padding-right: 40px !important;padding-left: 40px !important;}\u00bb][vc_column_text css_animation=\u00bbfadeIn\u00bb css=\u00bb.vc_custom_1644235256753{padding-top: 40px !important;padding-right: 40px !important;padding-bottom: 40px !important;padding-left: 40px !important;background-color: #2d55aa !important;}\u00bb el_class=\u00bbtextoblanco\u00bb]<\/p>\n<h3 style=\"text-align: justify;\">Las asociaciones importan<\/h3>\n<p style=\"text-align: justify;\">La colaboraci\u00f3n con otros socios tecnol\u00f3gicos forma parte de la estrategia de crecimiento y el enfoque al cliente. Esto nos permite ser innovadores a nivel global y socio confiable de primer nivel bridando productos y servicios de Calidad a nuestros clientes.<\/p>\n<p>[\/vc_column_text][\/vc_column][vc_column width=\u00bb1\/2&#8243;][\/vc_column][\/vc_row][vc_row full_width=\u00bbstretch_row\u00bb content_placement=\u00bbmiddle\u00bb css=\u00bb.vc_custom_1617101846254{margin-top: 0px !important;margin-bottom: 0px !important;border-top-width: 0px !important;border-bottom-width: 0px !important;padding-top: 0px !important;padding-bottom: 50px !important;background-position: center !important;background-repeat: no-repeat !important;background-size: cover !important;}\u00bb][vc_column css_animation=\u00bbfadeIn\u00bb css=\u00bb.vc_custom_1617101820336{margin-top: 0px !important;border-top-width: 0px !important;padding-top: 0px !important;padding-right: 40px !important;padding-left: 40px !important;}\u00bb][vc_single_image image=\u00bb1118&#8243; img_size=\u00bbfull\u00bb alignment=\u00bbcenter\u00bb css_animation=\u00bbfadeIn\u00bb css=\u00bb.vc_custom_1617101775006{margin-top: 0px !important;margin-bottom: 0px !important;border-top-width: 0px !important;border-bottom-width: 0px !important;padding-top: 0px !important;padding-bottom: 0px !important;}\u00bb][\/vc_column][\/vc_row][vc_row full_width=\u00bbstretch_row\u00bb css=\u00bb.vc_custom_1616668941184{padding-bottom: 50px !important;}\u00bb][vc_column][vc_btn title=\u00bbCONTACTAR\u00bb style=\u00bbflat\u00bb shape=\u00bbround\u00bb color=\u00bbblue\u00bb align=\u00bbcenter\u00bb css_animation=\u00bbfadeInUp\u00bb el_class=\u00bbmayusculas\u00bb link=\u00bburl:https%3A%2F%2Fzunibal.com%2Fcontacto%2F|title:Contacto\u00bb][vc_empty_space][\/vc_column][\/vc_row]<\/p>","protected":false},"excerpt":{"rendered":"<p>[vc_row full_width=\u00bbstretch_row_content_no_spaces\u00bb parallax=\u00bbcontent-moving\u00bb css=\u00bb.vc_custom_1617102183823{margin-top: 0px !important;margin-right: 0px !important;margin-bottom: 0px !important;margin-left: 0px !important;border-top-width: 0px !important;border-right-width: 0px !important;border-bottom-width: 0px !important;border-left-width: 0px !important;padding-top: 0px !important;padding-right: 0px !important;padding-bottom: 0px !important;padding-left: 0px !important;background-image: url(https:\/\/zunibal.com\/wp-content\/uploads\/2021\/03\/cab-proyectos.jpg?id=846) !important;background-position: center;background-repeat: no-repeat !important;background-size: cover !important;}\u00bb][vc_column][vc_empty_space height=\u00bb250px\u00bb][\/vc_column][\/vc_row][vc_row full_width=\u00bbstretch_row\u00bb][vc_column][vc_empty_space height=\u00bb20px\u00bb][vc_column_text css_animation=\u00bbfadeIn\u00bb el_class=\u00bbtextoazul mayusculas\u00bb css=\u00bb.vc_custom_1632123478279{margin-top: 0px !important;border-top-width: 0px !important;padding-top: 10px !important;}\u00bb] Zunibal [\/vc_column_text][vc_row_inner][vc_column_inner width=\u00bb1\/6&#8243;][vc_empty_space height=\u00bb1px\u00bb][\/vc_column_inner][vc_column_inner width=\u00bb2\/3&#8243;][vc_column_text css_animation=\u00bbfadeIn\u00bb] Con &hellip;<\/p>\n<p class=\"read-more\"> <a class=\"\" href=\"https:\/\/zunibal.com\/es\/zunibal\/\"> <span class=\"screen-reader-text\">Nosotros<\/span> Leer m\u00e1s &raquo;<\/a><\/p>\n","protected":false},"author":1,"featured_media":0,"parent":0,"menu_order":9,"comment_status":"closed","ping_status":"closed","template":"","meta":{"site-sidebar-layout":"no-sidebar","site-content-layout":"plain-container","ast-global-header-display":"","ast-main-header-display":"","ast-hfb-above-header-display":"","ast-hfb-below-header-display":"","ast-hfb-mobile-header-display":"","site-post-title":"disabled","ast-breadcrumbs-content":"","ast-featured-img":"disabled","footer-sml-layout":"","theme-transparent-header-meta":"default","adv-header-id-meta":"","stick-header-meta":"","header-above-stick-meta":"","header-main-stick-meta":"","header-below-stick-meta":""},"_links":{"self":[{"href":"https:\/\/zunibal.com\/es\/wp-json\/wp\/v2\/pages\/1043"}],"collection":[{"href":"https:\/\/zunibal.com\/es\/wp-json\/wp\/v2\/pages"}],"about":[{"href":"https:\/\/zunibal.com\/es\/wp-json\/wp\/v2\/types\/page"}],"author":[{"embeddable":true,"href":"https:\/\/zunibal.com\/es\/wp-json\/wp\/v2\/users\/1"}],"replies":[{"embeddable":true,"href":"https:\/\/zunibal.com\/es\/wp-json\/wp\/v2\/comments?post=1043"}],"version-history":[{"count":9,"href":"https:\/\/zunibal.com\/es\/wp-json\/wp\/v2\/pages\/1043\/revisions"}],"predecessor-version":[{"id":12171,"href":"https:\/\/zunibal.com\/es\/wp-json\/wp\/v2\/pages\/1043\/revisions\/12171"}],"wp:attachment":[{"href":"https:\/\/zunibal.com\/es\/wp-json\/wp\/v2\/media?parent=1043"}],"curies":[{"name":"wp","href":"https:\/\/api.w.org\/{rel}","templated":true}]}}