{"id":1051,"date":"2021-03-30T09:40:32","date_gmt":"2021-03-30T09:40:32","guid":{"rendered":"https:\/\/zunibal.com\/?page_id=1051"},"modified":"2021-09-20T08:19:51","modified_gmt":"2021-09-20T08:19:51","slug":"antena-zuntracker","status":"publish","type":"page","link":"https:\/\/zunibal.com\/es\/localizacion-y-monitoreo\/antena-zuntracker\/","title":{"rendered":"Antena Zuntracker"},"content":{"rendered":"<p>[vc_row full_width=\u00bbstretch_row_content_no_spaces\u00bb parallax=\u00bbcontent-moving\u00bb css=\u00bb.vc_custom_1617005348760{margin-top: 0px !important;margin-right: 0px !important;margin-bottom: 0px !important;margin-left: 0px !important;border-top-width: 0px !important;border-right-width: 0px !important;border-bottom-width: 0px !important;border-left-width: 0px !important;padding-top: 0px !important;padding-right: 0px !important;padding-bottom: 0px !important;padding-left: 0px !important;background-image: url(https:\/\/zunibal.com\/wp-content\/uploads\/2021\/03\/cab-producto.jpg?id=777) !important;background-position: center;background-repeat: no-repeat !important;background-size: cover !important;}\u00bb][vc_column][vc_empty_space height=\u00bb150&#8243;][\/vc_column][\/vc_row][vc_row full_width=\u00bbstretch_row\u00bb][vc_column][vc_raw_html css=\u00bb.vc_custom_1616694209462{margin-top: 0px !important;margin-right: 0px !important;margin-bottom: 0px !important;margin-left: 0px !important;border-top-width: 0px !important;border-right-width: 0px !important;border-bottom-width: 0px !important;border-left-width: 0px !important;padding-top: 0px !important;padding-right: 0px !important;padding-bottom: 0px !important;padding-left: 0px !important;}\u00bb]JTNDZGl2JTIwaWQlM0QlMjJzaWduYWxzJTIyJTNFJTBBJTIwJTIwJTNDc3BhbiUyMGNsYXNzJTNEJTIyc2lnbmFsJTIwczElMjIlM0UlM0MlMkZzcGFuJTNFJTBBJTIwJTIwJTNDc3BhbiUyMGNsYXNzJTNEJTIyc2lnbmFsJTIwczIlMjIlM0UlM0MlMkZzcGFuJTNFJTBBJTIwJTIwJTNDc3BhbiUyMGNsYXNzJTNEJTIyc2lnbmFsJTIwczMlMjIlM0UlM0MlMkZzcGFuJTNFJTBBJTIwJTIwJTNDc3BhbiUyMGNsYXNzJTNEJTIyc2lnbmFsJTIwczQlMjIlM0UlM0MlMkZzcGFuJTNFJTBBJTNDJTJGZGl2JTNF[\/vc_raw_html][vc_empty_space height=\u00bb80px\u00bb][vc_row_inner][vc_column_inner width=\u00bb1\/2&#8243;][vc_single_image image=\u00bb685&#8243; img_size=\u00bb350&#215;350&#8243; alignment=\u00bbcenter\u00bb css_animation=\u00bbfadeInLeft\u00bb][vc_empty_space][\/vc_column_inner][vc_column_inner width=\u00bb1\/2&#8243;][vc_column_text css_animation=\u00bbfadeIn\u00bb el_class=\u00bbtextoazul\u00bb]<\/p>\n<h2 class=\"aparienciaH1\"><strong>Antena Zuntracker<\/strong><\/h2>\n<p>[\/vc_column_text][vc_column_text css_animation=\u00bbfadeIn\u00bb]<\/p>\n<p style=\"text-align: justify;\">Antena pasiva omnidireccional para el control y seguimiento de barcos. Construcci\u00f3n robusta y marinizada, de f\u00e1cil instalaci\u00f3n y libre de mantenimiento. Los datos recogidos por la antena se pueden consultar a trav\u00e9s de nuestra aplicaci\u00f3n ZunTrack, desde cualquier dispositivo con conexi\u00f3n a Internet.<\/p>\n<p>[\/vc_column_text][vc_empty_space][\/vc_column_inner][\/vc_row_inner][\/vc_column][\/vc_row][vc_row full_width=\u00bbstretch_row\u00bb css=\u00bb.vc_custom_1616668941184{padding-bottom: 50px !important;}\u00bb][vc_column][vc_column_text css_animation=\u00bbfadeIn\u00bb]<\/p>\n<h2 style=\"text-align: center;\"><strong>Detalles del producto<\/strong><\/h2>\n<p>[\/vc_column_text][\/vc_column][\/vc_row][vc_row full_width=\u00bbstretch_row\u00bb css=\u00bb.vc_custom_1616668941184{padding-bottom: 50px !important;}\u00bb][vc_column width=\u00bb1\/2&#8243;][vc_column_text css_animation=\u00bbfadeIn\u00bb el_class=\u00bbtextoazul\u00bb]<\/p>\n<h3><strong>Cobertura Global<\/strong><\/h3>\n<p>[\/vc_column_text][vc_column_text css_animation=\u00bbfadeIn\u00bb]Comunicador Iridium[\/vc_column_text][vc_empty_space][vc_column_text css_animation=\u00bbfadeIn\u00bb el_class=\u00bbtextoazul\u00bb]<\/p>\n<h3><strong>F\u00e1cil instalaci\u00f3n<\/strong><\/h3>\n<p>[\/vc_column_text][vc_column_text css_animation=\u00bbfadeIn\u00bb]Dise\u00f1ado para ser instalado f\u00e1cilmente por el usuario[\/vc_column_text][vc_empty_space][vc_column_text css_animation=\u00bbfadeIn\u00bb el_class=\u00bbtextoazul\u00bb]<\/p>\n<h3><strong>Configurable ad hoc<\/strong><\/h3>\n<p>[\/vc_column_text][vc_column_text css_animation=\u00bbfadeIn\u00bb]Transmisiones a medida del usuario[\/vc_column_text][vc_empty_space][vc_column_text css_animation=\u00bbfadeIn\u00bb el_class=\u00bbtextoazul\u00bb]<\/p>\n<h3><strong>Servicios adicionales<\/strong><\/h3>\n<p>[\/vc_column_text][vc_column_text css_animation=\u00bbfadeIn\u00bb]<\/p>\n<ul>\n<li>Dise\u00f1o marinizado<\/li>\n<li>GPS y Glonass<\/li>\n<\/ul>\n<p>[\/vc_column_text][vc_empty_space][\/vc_column][vc_column width=\u00bb1\/2&#8243;][vc_column_text css_animation=\u00bbfadeIn\u00bb el_class=\u00bbtextoazul\u00bb]<\/p>\n<h3><strong>Tracker<\/strong><\/h3>\n<p>[\/vc_column_text][vc_column_text css_animation=\u00bbfadeIn\u00bb]<\/p>\n<ul>\n<li>Latitud, longitud, rumbo, velocidad,fecha y hora.<\/li>\n<li>Alimentaci\u00f3n corriente continua de 9V a 36V.<\/li>\n<li>Mobile Friendly Web: posicionamiento de flotas en PC, smartphone y tablet.<\/li>\n<li>Intervalo de env\u00edo de posiciones configurable por el usuario.<\/li>\n<li>Herramientas de gesti\u00f3n:<br \/>\n&#8211; \u00c1reas de trabajo<br \/>\n&#8211; Hist\u00f3rico de posiciones\/trazas<br \/>\n&#8211; Mostrar\/Ocultar EEZ<\/li>\n<li>Exportaci\u00f3n de datos en Excel y KML.<\/li>\n<li>Visualizaci\u00f3n en Google Maps.<\/li>\n<\/ul>\n<p>[\/vc_column_text][vc_column_text css_animation=\u00bbfadeIn\u00bb el_class=\u00bbtextoazul\u00bb]<\/p>\n<h3><strong>Libre de mantenimiento<\/strong><\/h3>\n<p>[\/vc_column_text][vc_column_text css_animation=\u00bbfadeIn\u00bb]<\/p>\n<div class=\"wpse-column wpse-col2\">\n<p>Sin gastos adicionales<\/p>\n<\/div>\n<div class=\"wpse-column wpse-col2 wpse-col-last\"><\/div>\n<p>[\/vc_column_text][vc_empty_space][\/vc_column][\/vc_row][vc_row full_width=\u00bbstretch_row\u00bb css=\u00bb.vc_custom_1617005513755{margin-bottom: 100px !important;padding-top: 50px !important;padding-bottom: 50px !important;background-color: #ededed !important;}\u00bb][vc_column width=\u00bb1\/2&#8243;][vc_column_text css_animation=\u00bbfadeIn\u00bb el_class=\u00bbtextoazul\u00bb]<\/p>\n<h3 style=\"text-align: left;\"><strong>Archivos<\/strong><\/h3>\n<p>[\/vc_column_text][vc_column_text css_animation=\u00bbfadeIn\u00bb]<\/p>\n<table>\n<tbody>\n<tr>\n<td>Zuntracker ATN-101 EN<\/td>\n<td style=\"text-align: center!important;\"><a href=\"https:\/\/zunibal.com\/wp-content\/uploads\/2021\/03\/Zuntracker-ATN-101-ENG.pdf\" target=\"_blank\" rel=\"noopener\">Descargar<\/a><\/td>\n<\/tr>\n<tr>\n<td>Zuntracker ATN-101 SP<\/td>\n<td style=\"text-align: center!important;\"><a href=\"https:\/\/zunibal.com\/wp-content\/uploads\/2021\/03\/Zuntracker-ATN-101-ESP.pdf\" target=\"_blank\" rel=\"noopener\">Descargar<\/a><\/td>\n<\/tr>\n<\/tbody>\n<\/table>\n<p>[\/vc_column_text][vc_empty_space][\/vc_column][vc_column width=\u00bb1\/2&#8243;][vc_column_text css_animation=\u00bbfadeIn\u00bb el_class=\u00bbtextoazul\u00bb]<\/p>\n<h3 style=\"text-align: left;\"><strong>Contacto<\/strong><\/h3>\n<p>[\/vc_column_text]<div role=\"form\" class=\"wpcf7\" id=\"wpcf7-f782-o1\" lang=\"es-ES\" dir=\"ltr\">\n<div class=\"screen-reader-response\"><p role=\"status\" aria-live=\"polite\" aria-atomic=\"true\"><\/p> <ul><\/ul><\/div>\n<form action=\"\/es\/wp-json\/wp\/v2\/pages\/1051#wpcf7-f782-o1\" method=\"post\" class=\"wpcf7-form init\" novalidate=\"novalidate\" data-status=\"init\">\n<div style=\"display: none;\">\n<input type=\"hidden\" name=\"_wpcf7\" value=\"782\" \/>\n<input type=\"hidden\" name=\"_wpcf7_version\" value=\"5.4.1\" \/>\n<input type=\"hidden\" name=\"_wpcf7_locale\" value=\"es_ES\" \/>\n<input type=\"hidden\" name=\"_wpcf7_unit_tag\" value=\"wpcf7-f782-o1\" \/>\n<input type=\"hidden\" name=\"_wpcf7_container_post\" value=\"0\" \/>\n<input type=\"hidden\" name=\"_wpcf7_posted_data_hash\" value=\"\" \/>\n<\/div>\n<p><label> Su nombre *<br \/>\n    <span class=\"wpcf7-form-control-wrap your-name\"><input type=\"text\" name=\"your-name\" value=\"\" size=\"40\" class=\"wpcf7-form-control wpcf7-text wpcf7-validates-as-required\" aria-required=\"true\" aria-invalid=\"false\" \/><\/span> <\/label><\/p>\n<p><label> Su correo electr\u00f3nico *<br \/>\n    <span class=\"wpcf7-form-control-wrap your-email\"><input type=\"email\" name=\"your-email\" value=\"\" size=\"40\" class=\"wpcf7-form-control wpcf7-text wpcf7-email wpcf7-validates-as-required wpcf7-validates-as-email\" aria-required=\"true\" aria-invalid=\"false\" \/><\/span> <\/label><\/p>\n<p><label> Asunto<br \/>\n    <span class=\"wpcf7-form-control-wrap your-subject\"><input type=\"text\" name=\"your-subject\" value=\"\" size=\"40\" class=\"wpcf7-form-control wpcf7-text wpcf7-validates-as-required\" aria-required=\"true\" aria-invalid=\"false\" \/><\/span> <\/label><\/p>\n<p><label> Su mensaje (opcional)<br \/>\n    <span class=\"wpcf7-form-control-wrap your-message\"><textarea name=\"your-message\" cols=\"40\" rows=\"10\" class=\"wpcf7-form-control wpcf7-textarea\" aria-invalid=\"false\"><\/textarea><\/span> <\/label><\/p>\n<p><span id=\"wpcf7-69e7400ea3a12-wrapper\" class=\"wpcf7-form-control-wrap website-wrap\" ><input id=\"wpcf7-69e7400ea3a12-field\"  class=\"wpcf7-form-control wpcf7-text\" type=\"text\" name=\"website\" value=\"\" size=\"40\" tabindex=\"-1\" autocomplete=\"new-password\" \/><\/span><\/p>\n<p><span class=\"wpcf7-form-control-wrap acuerdo\"><span class=\"wpcf7-form-control wpcf7-checkbox wpcf7-validates-as-required\"><span class=\"wpcf7-list-item first last\"><input type=\"checkbox\" name=\"acuerdo[]\" value=\"Si\" \/><span class=\"wpcf7-list-item-label\">Si<\/span><\/span><\/span><\/span> He le\u00eddo y acepto la <a href=\"#\">Pol\u00edtica de Privacidad<\/a><\/p>\n<p><input type=\"submit\" value=\"Enviar\" class=\"wpcf7-form-control wpcf7-submit\" \/><\/p>\n<div class=\"wpcf7-response-output\" aria-hidden=\"true\"><\/div><\/form><\/div>[vc_empty_space][\/vc_column][\/vc_row]<\/p>","protected":false},"excerpt":{"rendered":"<p>[vc_row full_width=\u00bbstretch_row_content_no_spaces\u00bb parallax=\u00bbcontent-moving\u00bb css=\u00bb.vc_custom_1617005348760{margin-top: 0px !important;margin-right: 0px !important;margin-bottom: 0px !important;margin-left: 0px !important;border-top-width: 0px !important;border-right-width: 0px !important;border-bottom-width: 0px !important;border-left-width: 0px !important;padding-top: 0px !important;padding-right: 0px !important;padding-bottom: 0px !important;padding-left: 0px !important;background-image: url(https:\/\/zunibal.com\/wp-content\/uploads\/2021\/03\/cab-producto.jpg?id=777) !important;background-position: center;background-repeat: no-repeat !important;background-size: cover !important;}\u00bb][vc_column][vc_empty_space height=\u00bb150&#8243;][\/vc_column][\/vc_row][vc_row full_width=\u00bbstretch_row\u00bb][vc_column][vc_raw_html css=\u00bb.vc_custom_1616694209462{margin-top: 0px !important;margin-right: 0px !important;margin-bottom: 0px !important;margin-left: 0px !important;border-top-width: 0px !important;border-right-width: 0px !important;border-bottom-width: 0px !important;border-left-width: 0px !important;padding-top: 0px &hellip;<\/p>\n<p class=\"read-more\"> <a class=\"\" href=\"https:\/\/zunibal.com\/es\/localizacion-y-monitoreo\/antena-zuntracker\/\"> <span class=\"screen-reader-text\">Antena Zuntracker<\/span> Leer m\u00e1s &raquo;<\/a><\/p>\n","protected":false},"author":1,"featured_media":0,"parent":674,"menu_order":0,"comment_status":"closed","ping_status":"closed","template":"","meta":{"site-sidebar-layout":"no-sidebar","site-content-layout":"plain-container","ast-global-header-display":"","ast-main-header-display":"","ast-hfb-above-header-display":"","ast-hfb-below-header-display":"","ast-hfb-mobile-header-display":"","site-post-title":"disabled","ast-breadcrumbs-content":"","ast-featured-img":"disabled","footer-sml-layout":"","theme-transparent-header-meta":"default","adv-header-id-meta":"","stick-header-meta":"","header-above-stick-meta":"","header-main-stick-meta":"","header-below-stick-meta":""},"_links":{"self":[{"href":"https:\/\/zunibal.com\/es\/wp-json\/wp\/v2\/pages\/1051"}],"collection":[{"href":"https:\/\/zunibal.com\/es\/wp-json\/wp\/v2\/pages"}],"about":[{"href":"https:\/\/zunibal.com\/es\/wp-json\/wp\/v2\/types\/page"}],"author":[{"embeddable":true,"href":"https:\/\/zunibal.com\/es\/wp-json\/wp\/v2\/users\/1"}],"replies":[{"embeddable":true,"href":"https:\/\/zunibal.com\/es\/wp-json\/wp\/v2\/comments?post=1051"}],"version-history":[{"count":1,"href":"https:\/\/zunibal.com\/es\/wp-json\/wp\/v2\/pages\/1051\/revisions"}],"predecessor-version":[{"id":11610,"href":"https:\/\/zunibal.com\/es\/wp-json\/wp\/v2\/pages\/1051\/revisions\/11610"}],"up":[{"embeddable":true,"href":"https:\/\/zunibal.com\/es\/wp-json\/wp\/v2\/pages\/674"}],"wp:attachment":[{"href":"https:\/\/zunibal.com\/es\/wp-json\/wp\/v2\/media?parent=1051"}],"curies":[{"name":"wp","href":"https:\/\/api.w.org\/{rel}","templated":true}]}}