{"id":10819,"date":"2021-04-28T14:47:09","date_gmt":"2021-04-28T14:47:09","guid":{"rendered":"https:\/\/zunibal.com\/?page_id=10819"},"modified":"2021-07-13T17:42:01","modified_gmt":"2021-07-13T17:42:01","slug":"aviso-legal","status":"publish","type":"page","link":"https:\/\/zunibal.com\/es\/aviso-legal\/","title":{"rendered":"Aviso Legal"},"content":{"rendered":"<p>[vc_row full_width=\u00bbstretch_row_content_no_spaces\u00bb css=\u00bb.vc_custom_1617011250820{margin-top: 0px !important;margin-right: 0px !important;margin-bottom: 0px !important;margin-left: 0px !important;border-top-width: 0px !important;border-right-width: 0px !important;border-bottom-width: 0px !important;border-left-width: 0px !important;padding-top: 0px !important;padding-right: 0px !important;padding-bottom: 0px !important;padding-left: 0px !important;background-image: url(https:\/\/zunibal.com\/wp-content\/uploads\/2021\/03\/cab-proyectos.jpg?id=846) !important;background-position: center !important;background-repeat: no-repeat !important;background-size: cover !important;}\u00bb][vc_column][vc_column_text css_animation=\u00bbfadeIn\u00bb el_class=\u00bbtextoblanco\u00bb css=\u00bb.vc_custom_1619620004879{padding-top: 70px !important;padding-bottom: 50px !important;}\u00bb]<\/p>\n<h1 style=\"text-align: center;\"><strong>Aviso Legal<\/strong><\/h1>\n<p>[\/vc_column_text][\/vc_column][\/vc_row][vc_row full_width=\u00bbstretch_row\u00bb][vc_column][vc_empty_space height=\u00bb50px\u00bb][vc_row_inner][vc_column_inner width=\u00bb1\/6&#8243;][vc_empty_space height=\u00bb1px\u00bb][\/vc_column_inner][vc_column_inner width=\u00bb2\/3&#8243;][vc_column_text css_animation=\u00bbfadeIn\u00bb]<\/p>\n<h1 style=\"text-align: justify;\">AVISO LEGAL<\/h1>\n<h3 style=\"text-align: justify;\">T\u00e9rminos y condiciones<\/h3>\n<p style=\"text-align: justify;\">Antes de usar este sitio web deber\u00e1n ser le\u00eddas las presentes condiciones generales de uso, ya que en caso de seguir haciendo uso del sitio se entender\u00e1 la aceptaci\u00f3n de dichas condiciones. T\u00e9ngase en cuenta que \u00e9stas pueden ser modificadas en cualquier momento, por lo que deber\u00e1n ser revisadas cada vez que se acceda al sitio web y, en caso de desacuerdo, dejar de utilizarlo.<\/p>\n<ul style=\"text-align: justify;\">\n<li>Propiedad del sitio web: Tanto el presente sitio, como el servicio ofrecido y cualquiera de sus partes, as\u00ed como todo el material contenido en \u00e9l, es propiedad de Zunibal S.L., con CIF B48722755 (en adelante \u201clos administradores del sitio\u201d). Cualquier apreciaci\u00f3n relacionada con las presentes condiciones generales de uso deber\u00e1 llegar por escrito a trav\u00e9s de la direcci\u00f3n de correo electr\u00f3nico zunibal_web@zunibal.com donde ser\u00e1 atendida.<\/li>\n<li>Aceptaci\u00f3n de las condiciones por el usuario del sitio webEl usuario del sitio web declara haber le\u00eddo y aceptado las condiciones generales de uso, adhiri\u00e9ndose a la legislaci\u00f3n vigente y evitando un uso il\u00edcito o fraudulento del mismo.<\/li>\n<li>Derechos de autor: Este sitio web y todo el material contenido en \u00e9l, incluyendo textos, im\u00e1genes, documentos, aplicaciones, fotograf\u00edas, etc., est\u00e1n protegidos por marcas, derechos de autor, propiedades intelectuales, y otra serie de derechos tanto estatales como internacionales.<\/li>\n<li>Restricciones de uso: El presente sitio web es de uso personal y no deber\u00e1 ser utilizado con fines lucrativos ni personales ni a favor de terceros. Tampoco deber\u00e1 ser utilizado con fines il\u00edcitos o contradictorios con las presentes condiciones generales de uso. No se permite utilizar, transferir o disponer de la informaci\u00f3n recogida en este sitio de forma que compita de forma desleal con el mismo. Se reconoce la autor\u00eda del desarrollo del servicio del presente sitio web en favor de los administradores del sitio, aceptando proteger los derechos de autor incluso informando oportunamente por escrito en caso de un uso no acorde con las presentes condiciones por parte de terceros. No se podr\u00e1 copiar, reproducir, publicar, distribuir, modificar, transmitir, explotar o realizar ingenier\u00eda inversa sobre el sitio web, el servicio ofrecido a trav\u00e9s de \u00e9ste ni de cualquiera de sus partes, resultando cualquiera de estas actividades una violaci\u00f3n de los derechos leg\u00edtimos de los administradores del sitio. No se podr\u00e1n distribuir los contenidos o el propio servicio a trav\u00e9s de otros medios, ni usar los servicios del sitio para mejorar la calidad de un servicio prestado a un tercero, ni emplear ning\u00fan elemento del sitio dando a entender que \u00e9stos pertenecieran a otros que no fueran los administradores del sitio, ni su uso a trav\u00e9s de correspondencia informativa o comercial, sin el consentimiento por escrito de los administradores del sitio.<\/li>\n<li>Derechos reservados: Todos los derechos de propiedad presentes y futuros amparados por las leyes y convenios internacionales, incluyendo el derecho de propiedad intelectual y el derecho de explotaci\u00f3n de los servicios incluidos en el sitio web, se reservan para el uso exclusivo de los administradores del sitio. \u00c9stos no podr\u00e1n ser usados, ni tampoco los de terceros participantes en el sitio web, para ning\u00fan fin sin una autorizaci\u00f3n previa por escrito de los administradores del sitio.<\/li>\n<li>Enunciado de responsabilidad: El usuario del sitio web declara el uso del mismo bajo su propia responsabilidad, reconociendo que los contenidos son proporcionados tal y como est\u00e1n dispuestos. Los administradores del sitio no garantizan la compatibilidad del mismo con los equipos tecnol\u00f3gicos del usuario, ni la ausencia total de errores o aplicaciones malignas que puedan causar da\u00f1os en dichos equipos, por lo que el usuario exime de dicha responsabilidad a los administradores del sitio. De la misma forma los administradores del sitio no se responsabilizan de los contenidos o servicios de otros sitios web que aparezcan vinculados o publicitados en el presente sitio. Los precios, promociones o dem\u00e1s informaci\u00f3n que aparecen en este sitio web no constituyen una oferta contractual y tienen car\u00e1cter informativo.<\/li>\n<li>Declaraciones y garant\u00edas: El usuario del sitio web declara y garantiza que tiene al menos 18 a\u00f1os, posee la capacidad jur\u00eddica de formar parte del presente acuerdo y que no usar\u00e1 ning\u00fan derecho incluido en las condiciones generales de uso con fines il\u00edcitos, haciendo uso del servicio seg\u00fan se especifica en las mismas.<\/li>\n<li>Datos personales: ZUNIBAL S.L. se encuentra profundamente comprometido con el cumplimiento de la Legislaci\u00f3n Espa\u00f1ola y Europea aplicable a la protecci\u00f3n de datos de car\u00e1cter personal, y garantiza el cumplimiento \u00edntegro de las obligaciones dispuestas, as\u00ed como la implementaci\u00f3n de las medidas de seguridad necesarias para cumplir con lo dispuesto en Ley Org\u00e1nica 3\/2018, de 5 de diciembre, de Protecci\u00f3n de Datos Personales. \u2028Los administradores del sitio advierten de la existencia de \u201ccookies\u201d en el mismo.<\/li>\n<li>T\u00e9rmino: Tanto el usuario como los administradores del sitio pueden poner t\u00e9rmino a las condiciones generales de uso por incumplimiento de lo establecido en las mismas por la otra parte, debiendo el usuario eliminar toda la informaci\u00f3n adquirida a trav\u00e9s del sitio web.<\/li>\n<li>Jurisdicci\u00f3n: Las presentes condiciones quedan sujetas a las leyes del reino de Espa\u00f1a, aceptando el usuario la presentaci\u00f3n de cualquier acci\u00f3n legal exclusivamente ante los tribunales de la ciudad de Bilbao.<\/li>\n<\/ul>\n<h3 style=\"text-align: justify;\">T\u00e9rminos y condiciones de linking -enlaces- y framing<\/h3>\n<p style=\"text-align: justify;\">Antes de enlazar o hacer un framing sobre el presente sitio web deber\u00e1n ser le\u00eddas las presentes condiciones de linking y framing, ya que en caso de llevarse a cabo dichas acciones se entender\u00e1 la aceptaci\u00f3n de estas condiciones, as\u00ed como las generales del sitio. T\u00e9ngase en cuenta que ambas pueden ser modificadas en cualquier momento, por lo que deber\u00e1n ser revisadas cada vez que se enlace o haga framing al sitio web y, en caso de desacuerdo, dejar de realizarlos.<\/p>\n<ul>\n<li style=\"text-align: justify;\">Aceptaci\u00f3n de las condiciones: Al hacer linking o framing sobre este sitio web, los administradores del sitio entienden como le\u00eddas y aceptadas tanto las condiciones de linking y framing como las generales del sitio web.<\/li>\n<li style=\"text-align: justify;\">Derechos de autor: La apariencia global de este sitio web y la representaci\u00f3n genuina de todo el material contenido en \u00e9l, incluyendo textos, im\u00e1genes, documentos, aplicaciones, fotograf\u00edas, etc., est\u00e1 protegida por marcas, derechos de autor, propiedades intelectuales, y otra serie de derechos tanto estatales como internacionales. Al enlazar con el presente sitio web mediante las presentes condiciones se otorga una licencia intransferible y sin exclusividad ni derechos de autor para usar la marca del sitio como enlace desde otro sitio web. No est\u00e1 permitida la utilizaci\u00f3n de marcas ni nombres sin el previo consentimiento por escrito de los administradores del sitio.<\/li>\n<li style=\"text-align: justify;\">Restricciones de enlace a la Home: Se permite establecer enlaces a la Home (p\u00e1gina principal) del presente sitio web siempre que se notifique por anticipado a la direcci\u00f3n de correo electr\u00f3nico zunibal_web@zunibal.com y que el sitio origen del enlace no contenga material inapropiado, ilegal, obsceno, il\u00edcito, difamatorio ni tampoco viole derechos de propiedad intelectual, de privacidad, o de cualquier otro tipo.<\/li>\n<li style=\"text-align: justify;\">Restricciones de framing y otros tipos de enlace: Est\u00e1 restringido el establecimiento de enlaces a p\u00e1ginas interiores del presente sitio web o la presentaci\u00f3n de cualquier p\u00e1gina del sitio dentro de otra (framing). As\u00ed pues estas pr\u00e1cticas deber\u00e1n notificarse siempre por anticipado a la direcci\u00f3n de correo electr\u00f3nico zunibal_web@zunibal.com y ser aceptadas por los administradores del sitio por escrito y desde esta misma direcci\u00f3n de correo electr\u00f3nico. Nuevamente ser\u00e1 desestimado cualquier sitio origen del enlace o framing que contenga material inapropiado, ilegal, obsceno, il\u00edcito, difamatorio o que viole derechos de propiedad intelectual, de privacidad, o de cualquier otro tipo.<\/li>\n<\/ul>\n<p>[\/vc_column_text][vc_empty_space][\/vc_column_inner][vc_column_inner width=\u00bb1\/6&#8243;][vc_empty_space height=\u00bb1px\u00bb][\/vc_column_inner][\/vc_row_inner][\/vc_column][\/vc_row][vc_row full_width=\u00bbstretch_row\u00bb css=\u00bb.vc_custom_1616668941184{padding-bottom: 50px !important;}\u00bb][vc_column][vc_empty_space][\/vc_column][\/vc_row]<\/p>","protected":false},"excerpt":{"rendered":"<p>[vc_row full_width=\u00bbstretch_row_content_no_spaces\u00bb css=\u00bb.vc_custom_1617011250820{margin-top: 0px !important;margin-right: 0px !important;margin-bottom: 0px !important;margin-left: 0px !important;border-top-width: 0px !important;border-right-width: 0px !important;border-bottom-width: 0px !important;border-left-width: 0px !important;padding-top: 0px !important;padding-right: 0px !important;padding-bottom: 0px !important;padding-left: 0px !important;background-image: url(https:\/\/zunibal.com\/wp-content\/uploads\/2021\/03\/cab-proyectos.jpg?id=846) !important;background-position: center !important;background-repeat: no-repeat !important;background-size: cover !important;}\u00bb][vc_column][vc_column_text css_animation=\u00bbfadeIn\u00bb el_class=\u00bbtextoblanco\u00bb css=\u00bb.vc_custom_1619620004879{padding-top: 70px !important;padding-bottom: 50px !important;}\u00bb] Aviso Legal [\/vc_column_text][\/vc_column][\/vc_row][vc_row full_width=\u00bbstretch_row\u00bb][vc_column][vc_empty_space height=\u00bb50px\u00bb][vc_row_inner][vc_column_inner width=\u00bb1\/6&#8243;][vc_empty_space height=\u00bb1px\u00bb][\/vc_column_inner][vc_column_inner width=\u00bb2\/3&#8243;][vc_column_text css_animation=\u00bbfadeIn\u00bb] AVISO LEGAL T\u00e9rminos y &hellip;<\/p>\n<p class=\"read-more\"> <a class=\"\" href=\"https:\/\/zunibal.com\/es\/aviso-legal\/\"> <span class=\"screen-reader-text\">Aviso Legal<\/span> Leer m\u00e1s &raquo;<\/a><\/p>\n","protected":false},"author":1,"featured_media":0,"parent":0,"menu_order":20,"comment_status":"closed","ping_status":"closed","template":"","meta":{"site-sidebar-layout":"no-sidebar","site-content-layout":"plain-container","ast-global-header-display":"","ast-main-header-display":"","ast-hfb-above-header-display":"","ast-hfb-below-header-display":"","ast-hfb-mobile-header-display":"","site-post-title":"disabled","ast-breadcrumbs-content":"","ast-featured-img":"disabled","footer-sml-layout":"","theme-transparent-header-meta":"default","adv-header-id-meta":"","stick-header-meta":"","header-above-stick-meta":"","header-main-stick-meta":"","header-below-stick-meta":""},"_links":{"self":[{"href":"https:\/\/zunibal.com\/es\/wp-json\/wp\/v2\/pages\/10819"}],"collection":[{"href":"https:\/\/zunibal.com\/es\/wp-json\/wp\/v2\/pages"}],"about":[{"href":"https:\/\/zunibal.com\/es\/wp-json\/wp\/v2\/types\/page"}],"author":[{"embeddable":true,"href":"https:\/\/zunibal.com\/es\/wp-json\/wp\/v2\/users\/1"}],"replies":[{"embeddable":true,"href":"https:\/\/zunibal.com\/es\/wp-json\/wp\/v2\/comments?post=10819"}],"version-history":[{"count":1,"href":"https:\/\/zunibal.com\/es\/wp-json\/wp\/v2\/pages\/10819\/revisions"}],"predecessor-version":[{"id":11294,"href":"https:\/\/zunibal.com\/es\/wp-json\/wp\/v2\/pages\/10819\/revisions\/11294"}],"wp:attachment":[{"href":"https:\/\/zunibal.com\/es\/wp-json\/wp\/v2\/media?parent=10819"}],"curies":[{"name":"wp","href":"https:\/\/api.w.org\/{rel}","templated":true}]}}