{"id":10823,"date":"2021-04-28T14:53:30","date_gmt":"2021-04-28T14:53:30","guid":{"rendered":"https:\/\/zunibal.com\/?page_id=10823"},"modified":"2021-11-08T10:24:54","modified_gmt":"2021-11-08T10:24:54","slug":"politica-de-privacidad","status":"publish","type":"page","link":"https:\/\/zunibal.com\/es\/politica-de-privacidad\/","title":{"rendered":"Privacy Policy"},"content":{"rendered":"<p>[vc_row full_width=\u00bbstretch_row_content_no_spaces\u00bb css=\u00bb.vc_custom_1617011250820{margin-top: 0px !important;margin-right: 0px !important;margin-bottom: 0px !important;margin-left: 0px !important;border-top-width: 0px !important;border-right-width: 0px !important;border-bottom-width: 0px !important;border-left-width: 0px !important;padding-top: 0px !important;padding-right: 0px !important;padding-bottom: 0px !important;padding-left: 0px !important;background-image: url(https:\/\/zunibal.com\/wp-content\/uploads\/2021\/03\/cab-proyectos.jpg?id=846) !important;background-position: center !important;background-repeat: no-repeat !important;background-size: cover !important;}\u00bb][vc_column][vc_column_text css_animation=\u00bbfadeIn\u00bb el_class=\u00bbtextoblanco\u00bb css=\u00bb.vc_custom_1636366496875{padding-top: 70px !important;padding-bottom: 50px !important;}\u00bb]<\/p>\n<h1 style=\"text-align: center;\"><strong>Pol\u00edtica de Privacidad<\/strong><\/h1>\n<p>[\/vc_column_text][\/vc_column][\/vc_row][vc_row full_width=\u00bbstretch_row\u00bb][vc_column][vc_empty_space height=\u00bb50px\u00bb][vc_row_inner][vc_column_inner width=\u00bb1\/6&#8243;][vc_empty_space height=\u00bb1px\u00bb][\/vc_column_inner][vc_column_inner width=\u00bb2\/3&#8243;][vc_column_text css_animation=\u00bbfadeIn\u00bb]<\/p>\n<section id=\"content\" class=\"content\">\n<div id=\"post-1246\" class=\"post-1246 page type-page status-publish hentry\">\n<div class=\"page-content\">\n<h1>POL\u00cdTICA DE PRIVACIDAD<\/h1>\n<\/div>\n<p>&nbsp;<\/p>\n<p>ZUNIBAL S.L. est\u00e1 profundamente comprometido con el cumplimiento de la Legislaci\u00f3n Espa\u00f1ola y Europea aplicable a la protecci\u00f3n de datos de car\u00e1cter personal, y garantiza el pleno cumplimiento de las obligaciones dispuestas, as\u00ed como la implementaci\u00f3n de las medidas de seguridad necesarias para dar cumplimiento a lo dispuesto en la Ley. Org\u00e1nica 3\/2018, de 5 de diciembre, Protecci\u00f3n de Datos de Car\u00e1cter Personal y garant\u00eda de derechos digitales, y en el Reglamento General de Protecci\u00f3n de Datos (RGPD) de la Uni\u00f3n Europea 2016\/679.<\/p>\n<p>A continuaci\u00f3n se describe la Pol\u00edtica de privacidad de ZUNIBAL S.L. relacionada con el procesamiento de datos personales. A continuaci\u00f3n se incluye informaci\u00f3n sobre aspectos como:<\/p>\n<ul>\n<li>Identidad y datos de contacto relacionados con el responsable del tratamiento.<\/li>\n<li>Tipos de datos que pueden ser almacenados, finalidad y plazos de conservaci\u00f3n de dichos datos o sus criterios de conservaci\u00f3n.<\/li>\n<li>Base legal para el procesamiento de datos.<\/li>\n<li>Los destinatarios de sus datos personales.<\/li>\n<li>Sobre los derechos de las personas y c\u00f3mo se pueden ejercer esos derechos.<\/li>\n<\/ul>\n<p>&nbsp;<\/p>\n<h2>1. RESPONSABLE DEL TRATAMIENTO<\/h2>\n<p>Identidad: ZUNIBAL S.L.<\/p>\n<p>CIF: B-48722755<\/p>\n<p>Direcci\u00f3n postal: Idorsolo, 1. 48160 Derio (Bizkaia), ESPA\u00d1A<\/p>\n<p>Tel\u00e9fono: +34944977010<\/p>\n<p>Correo electr\u00f3nico:\u00a0<a style=\"font-size: 20px; background-color: #ffffff;\" href=\"mailto:zunibal@zunibal.com\">zunibal@zunibal.com<\/a><\/p>\n<h2>2. TRATAMIENTO DE DATOS PERSONALES<\/h2>\n<h3>Tratamiento de datos personales del cliente \/ usuario<\/h3>\n<h4>a) \u00bfCon qu\u00e9 finalidad tratamos sus datos personales?<\/h4>\n<p>ZUNIBAL S.L. procesa la informaci\u00f3n proporcionada por los clientes y usuarios para los siguientes prop\u00f3sitos:<\/p>\n<p><strong>I. Gesti\u00f3n, Administraci\u00f3n y Provisi\u00f3n de productos y servicios contratados.<\/strong> Zunibal S.L. procesa la informaci\u00f3n del cliente con el fin de administrar y mantener relaciones comerciales relacionadas con la provisi\u00f3n de productos y servicios, as\u00ed como para fines fiscales y contables relacionados. Cuando se graben fotos o im\u00e1genes de video en nuestras instalaciones, el \u00fanico uso de dichas im\u00e1genes ser\u00e1 para la seguridad de nuestro personal e instalaciones.<\/p>\n<p><strong>II. Realizar un seguimiento del acceso<\/strong> a las instalaciones.<\/p>\n<p><strong>III. Actividad de marketing \/ promoci\u00f3n<\/strong>. Con el consentimiento, Zunibal puede conservar informaci\u00f3n personal con el fin de enviar informaci\u00f3n comercial, promocional y \/ o de marketing relacionada con sus actividades comerciales (por todos los medios de comunicaci\u00f3n, incluidos los electr\u00f3nicos, y solo despu\u00e9s de recibir el consentimiento expreso de los destinatarios).<\/p>\n<p>&nbsp;<\/p>\n<h4>b) Legitimidad<\/h4>\n<p>La base legal para el procesamiento de sus datos se basa en un acuerdo contractual preexistente entre Zunibal y el interesado, o en el consentimiento expreso recibido del interesado.<\/p>\n<p>&nbsp;<\/p>\n<h4>c) Destinatarios<\/h4>\n<p>I.Tus datos ser\u00e1n comunicados a las Administraciones P\u00fablicas correspondientes y a la Agencia Tributaria correspondiente para permitir a Zunibal S.L. para cumplir con sus deberes legales.<\/p>\n<p>II. Si es necesario, sus datos ser\u00e1n remitidos a Entidades Bancarias para la gesti\u00f3n de pagos derivados del servicio \/ producto.<\/p>\n<h4>d) \u00bfCu\u00e1nto tiempo conservaremos sus datos?<\/h4>\n<p>Los datos personales proporcionados se conservar\u00e1n durante el tiempo que sean necesarios para la prestaci\u00f3n del servicio. Una vez finalizados, los datos se conservar\u00e1n por obligaci\u00f3n legal.<\/p>\n<p>Finalmente, y siempre que hubiera prestado su consentimiento a tal efecto,<strong> ZUNIBAL S.L.<\/strong> mantendr\u00e1 tus datos con la finalidad de mantenerte actualizado con productos, actividades y servicios que puedan ser de tu inter\u00e9s.<\/p>\n<p>&nbsp;<\/p>\n<h3>Tratamiento de datos personales del formulario de contacto web de Zunibal S.L.<\/h3>\n<h4>a) \u00bfCon qu\u00e9 finalidad tratamos sus datos personales?<\/h4>\n<p>En <strong>ZUNIBAL S.L.<\/strong> procesamos la informaci\u00f3n recibida a trav\u00e9s de estos formularios con el fin de dar respuesta a cualquier duda que pueda tener, gestionar su reclamo o, previa solicitud, enviar informaci\u00f3n comercial.<\/p>\n<p>&nbsp;<\/p>\n<h4>b) Legitimidad<\/h4>\n<p>La base legal para el tratamiento de sus datos se basa en el consentimiento expreso del interesado.<\/p>\n<p>&nbsp;<\/p>\n<h4>c) Destinatarios<\/h4>\n<p>No se ceder\u00e1n datos a terceros, salvo que lo soliciten las autoridades judiciales y sus datos no se enviar\u00e1n para su procesamiento transfronterizo.<\/p>\n<p>&nbsp;<\/p>\n<h4>d) \u00bfCu\u00e1nto tiempo conservaremos sus datos?<\/h4>\n<p>Conservaremos los datos \u00fanicamente el tiempo necesario para atender consultas y quejas. Finalmente, y siempre que haya prestado su consentimiento previo a tal efecto, ZUNIBAL S.L. mantendr\u00e1 tus datos con la finalidad de mantenerte al d\u00eda de los productos, actividades y servicios que puedan ser de tu inter\u00e9s.<\/p>\n<p>&nbsp;<\/p>\n<h2>3. DECISIONES AUTOMATIZADAS, PERFILES Y L\u00d3GICA APLICADA<\/h2>\n<p>En ning\u00fan caso sus datos personales ser\u00e1n tratados mediante sistemas automatizados.<\/p>\n<p>&nbsp;<\/p>\n<h2>4. SUS DERECHOS<\/h2>\n<ul>\n<li>\n<h4>\u00bfCu\u00e1les son sus derechos cuando nos facilita sus datos?<\/h4>\n<\/li>\n<\/ul>\n<p>Cualquier persona tiene derecho a obtener confirmaci\u00f3n sobre si ZUNIBAL S.L. est\u00e1 procesando sus datos personales.<\/p>\n<p>Asimismo, tal y como establece el Reglamento General de Protecci\u00f3n de Datos, tambi\u00e9n deseamos informarle que igualmente tiene los siguientes derechos:<\/p>\n<ul>\n<li>Para acceder a sus datos: Tiene derecho a acceder a sus datos para saber qu\u00e9 datos personales tenemos que se relacionan con usted.<\/li>\n<li>Para solicitar la rectificaci\u00f3n o supresi\u00f3n de sus datos: En determinadas circunstancias, tiene derecho a rectificar cualquier dato personal inexacto que le concierna que estemos siendo tratado por nosotros o, incluso, a solicitar su supresi\u00f3n si, entre otros motivos, los datos son ya no es necesario para los fines para los que se recopil\u00f3 originalmente.<\/li>\n<li>Para solicitar un uso limitado de sus datos: En determinadas circunstancias, tiene derecho a solicitar que se impongan limitaciones a los datos a tratar, en cuyo caso solo conservaremos sus datos con el fin de tramitar reclamaciones, seg\u00fan se disponga. bajo el Reglamento General de Protecci\u00f3n de Datos.<\/li>\n<li>A la portabilidad de tus datos: En determinadas circunstancias, tendr\u00e1s derecho a recibir cualquier dato personal que nos hayas facilitado previamente. Esta informaci\u00f3n le ser\u00e1 enviada electr\u00f3nicamente en un formato de datos ampliamente utilizado. Estos datos se pueden enviar a otro responsable del tratamiento.<\/li>\n<li>Oponerse al tratamiento de sus datos: En determinadas circunstancias y por motivos relacionados con su situaci\u00f3n particular, tendr\u00e1 derecho a oponerse al tratamiento de sus datos. En tales circunstancias, dejar\u00edamos de tratar sus datos salvo por motivos legales imperiosos o para preparar una defensa frente a posibles reclamaciones.<\/li>\n<\/ul>\n<p>&nbsp;<\/p>\n<ul>\n<li>\n<h4>\u00bfCu\u00e1ndo responderemos a su solicitud?<\/h4>\n<\/li>\n<\/ul>\n<p>Responderemos a su(s) solicitud(es) a la mayor brevedad y, en todo caso, en el plazo de un mes desde su recepci\u00f3n. Este plazo podr\u00e1 ampliarse otros dos meses si fuera necesario, teniendo en cuenta la complejidad y el n\u00famero de solicitudes. El controlador de datos informar\u00e1 al interesado de la extensi\u00f3n dentro del primer mes de recibir la solicitud.<\/p>\n<p>&nbsp;<\/p>\n<ul>\n<li>\n<h4>\u00bfTiene derecho a retirar su consentimiento?<\/h4>\n<\/li>\n<\/ul>\n<p>El interesado tiene derecho a retirar el consentimiento en cualquier momento, sin que ello afecte a la licitud de la gesti\u00f3n de los datos en base al consentimiento previo a su retirada.<\/p>\n<p>&nbsp;<\/p>\n<ul>\n<li>\n<h4>\u00bfCon qui\u00e9n debe hablar para ejercer sus derechos?<\/h4>\n<\/li>\n<\/ul>\n<p>El interesado puede contactarnos a trav\u00e9s de la siguiente direcci\u00f3n de correo electr\u00f3nico: zunibal@zunibal.com. Tambi\u00e9n puede comunicarse con nosotros por escrito enviando su carta de solicitud a la direcci\u00f3n indicada anteriormente.<\/p>\n<p>&nbsp;<\/p>\n<ul>\n<li>\n<h4>\u00bfTiene derecho a quejarse?<\/h4>\n<\/li>\n<\/ul>\n<p>Si. Si no est\u00e1 totalmente satisfecho, tiene derecho a presentar una reclamaci\u00f3n ante la autoridad de control nacional, para ello deber\u00e1 dirigirse a la Agencia Espa\u00f1ola de Protecci\u00f3n de Datos .www.agpd.es<\/p>\n<p>&nbsp;<\/p>\n<h2>5. CATEGOR\u00cdA DE DATOS<\/h2>\n<p>Las categor\u00edas de datos que se tratan son las siguientes:<\/p>\n<ul>\n<li>Datos identificativos<\/li>\n<li>C\u00f3digos de identificaci\u00f3n o contrase\u00f1as<\/li>\n<li>Direcciones postales o electr\u00f3nicas<\/li>\n<li>Datos econ\u00f3micos<\/li>\n<\/ul>\n<p>Datos especialmente protegidos: no se procesan datos especialmente protegidos.<\/p>\n<\/div>\n<\/section>\n<p>[\/vc_column_text][vc_empty_space][\/vc_column_inner][vc_column_inner width=\u00bb1\/6&#8243;][vc_empty_space height=\u00bb1px\u00bb][\/vc_column_inner][\/vc_row_inner][\/vc_column][\/vc_row][vc_row full_width=\u00bbstretch_row\u00bb css=\u00bb.vc_custom_1616668941184{padding-bottom: 50px !important;}\u00bb][vc_column][vc_empty_space][\/vc_column][\/vc_row]<\/p>","protected":false},"excerpt":{"rendered":"<p>[vc_row full_width=\u00bbstretch_row_content_no_spaces\u00bb css=\u00bb.vc_custom_1617011250820{margin-top: 0px !important;margin-right: 0px !important;margin-bottom: 0px !important;margin-left: 0px !important;border-top-width: 0px !important;border-right-width: 0px !important;border-bottom-width: 0px !important;border-left-width: 0px !important;padding-top: 0px !important;padding-right: 0px !important;padding-bottom: 0px !important;padding-left: 0px !important;background-image: url(https:\/\/zunibal.com\/wp-content\/uploads\/2021\/03\/cab-proyectos.jpg?id=846) !important;background-position: center !important;background-repeat: no-repeat !important;background-size: cover !important;}\u00bb][vc_column][vc_column_text css_animation=\u00bbfadeIn\u00bb el_class=\u00bbtextoblanco\u00bb css=\u00bb.vc_custom_1636366496875{padding-top: 70px !important;padding-bottom: 50px !important;}\u00bb] Pol\u00edtica de Privacidad [\/vc_column_text][\/vc_column][\/vc_row][vc_row full_width=\u00bbstretch_row\u00bb][vc_column][vc_empty_space height=\u00bb50px\u00bb][vc_row_inner][vc_column_inner width=\u00bb1\/6&#8243;][vc_empty_space height=\u00bb1px\u00bb][\/vc_column_inner][vc_column_inner width=\u00bb2\/3&#8243;][vc_column_text css_animation=\u00bbfadeIn\u00bb] POL\u00cdTICA DE PRIVACIDAD &hellip;<\/p>\n<p class=\"read-more\"> <a class=\"\" href=\"https:\/\/zunibal.com\/es\/politica-de-privacidad\/\"> <span class=\"screen-reader-text\">Privacy Policy<\/span> Leer m\u00e1s &raquo;<\/a><\/p>\n","protected":false},"author":1,"featured_media":0,"parent":0,"menu_order":21,"comment_status":"closed","ping_status":"closed","template":"","meta":{"site-sidebar-layout":"no-sidebar","site-content-layout":"page-builder","ast-global-header-display":"","ast-main-header-display":"","ast-hfb-above-header-display":"","ast-hfb-below-header-display":"","ast-hfb-mobile-header-display":"","site-post-title":"disabled","ast-breadcrumbs-content":"","ast-featured-img":"disabled","footer-sml-layout":"","theme-transparent-header-meta":"default","adv-header-id-meta":"","stick-header-meta":"","header-above-stick-meta":"","header-main-stick-meta":"","header-below-stick-meta":""},"_links":{"self":[{"href":"https:\/\/zunibal.com\/es\/wp-json\/wp\/v2\/pages\/10823"}],"collection":[{"href":"https:\/\/zunibal.com\/es\/wp-json\/wp\/v2\/pages"}],"about":[{"href":"https:\/\/zunibal.com\/es\/wp-json\/wp\/v2\/types\/page"}],"author":[{"embeddable":true,"href":"https:\/\/zunibal.com\/es\/wp-json\/wp\/v2\/users\/1"}],"replies":[{"embeddable":true,"href":"https:\/\/zunibal.com\/es\/wp-json\/wp\/v2\/comments?post=10823"}],"version-history":[{"count":8,"href":"https:\/\/zunibal.com\/es\/wp-json\/wp\/v2\/pages\/10823\/revisions"}],"predecessor-version":[{"id":11788,"href":"https:\/\/zunibal.com\/es\/wp-json\/wp\/v2\/pages\/10823\/revisions\/11788"}],"wp:attachment":[{"href":"https:\/\/zunibal.com\/es\/wp-json\/wp\/v2\/media?parent=10823"}],"curies":[{"name":"wp","href":"https:\/\/api.w.org\/{rel}","templated":true}]}}