{"id":1117,"date":"2021-03-30T10:57:56","date_gmt":"2021-03-30T10:57:56","guid":{"rendered":"https:\/\/zunibal.com\/?page_id=1117"},"modified":"2022-03-14T11:09:00","modified_gmt":"2022-03-14T11:09:00","slug":"zunsat-2","status":"publish","type":"page","link":"https:\/\/zunibal.com\/es\/equipos-de-comunicaciones-satelitales\/zunsat\/","title":{"rendered":"Zunsat"},"content":{"rendered":"<p>[vc_row full_width=\u00bbstretch_row_content_no_spaces\u00bb parallax=\u00bbcontent-moving\u00bb css=\u00bb.vc_custom_1617005348760{margin-top: 0px !important;margin-right: 0px !important;margin-bottom: 0px !important;margin-left: 0px !important;border-top-width: 0px !important;border-right-width: 0px !important;border-bottom-width: 0px !important;border-left-width: 0px !important;padding-top: 0px !important;padding-right: 0px !important;padding-bottom: 0px !important;padding-left: 0px !important;background-image: url(https:\/\/zunibal.com\/wp-content\/uploads\/2021\/03\/cab-producto.jpg?id=777) !important;background-position: center;background-repeat: no-repeat !important;background-size: cover !important;}\u00bb][vc_column][vc_empty_space height=\u00bb150&#8243;][\/vc_column][\/vc_row][vc_row full_width=\u00bbstretch_row\u00bb][vc_column][vc_raw_html css=\u00bb.vc_custom_1616694209462{margin-top: 0px !important;margin-right: 0px !important;margin-bottom: 0px !important;margin-left: 0px !important;border-top-width: 0px !important;border-right-width: 0px !important;border-bottom-width: 0px !important;border-left-width: 0px !important;padding-top: 0px !important;padding-right: 0px !important;padding-bottom: 0px !important;padding-left: 0px !important;}\u00bb]JTNDZGl2JTIwaWQlM0QlMjJzaWduYWxzJTIyJTNFJTBBJTIwJTIwJTNDc3BhbiUyMGNsYXNzJTNEJTIyc2lnbmFsJTIwczElMjIlM0UlM0MlMkZzcGFuJTNFJTBBJTIwJTIwJTNDc3BhbiUyMGNsYXNzJTNEJTIyc2lnbmFsJTIwczIlMjIlM0UlM0MlMkZzcGFuJTNFJTBBJTIwJTIwJTNDc3BhbiUyMGNsYXNzJTNEJTIyc2lnbmFsJTIwczMlMjIlM0UlM0MlMkZzcGFuJTNFJTBBJTIwJTIwJTNDc3BhbiUyMGNsYXNzJTNEJTIyc2lnbmFsJTIwczQlMjIlM0UlM0MlMkZzcGFuJTNFJTBBJTNDJTJGZGl2JTNF[\/vc_raw_html][vc_empty_space height=\u00bb80px\u00bb][vc_row_inner][vc_column_inner width=\u00bb1\/2&#8243;][vc_single_image image=\u00bb10568&#8243; img_size=\u00bb350&#215;350&#8243; alignment=\u00bbcenter\u00bb css_animation=\u00bbfadeInLeft\u00bb][vc_empty_space][\/vc_column_inner][vc_column_inner width=\u00bb1\/2&#8243;][vc_column_text css_animation=\u00bbfadeIn\u00bb el_class=\u00bbtextoazul\u00bb]<\/p>\n<h2 class=\"aparienciaH1\" style=\"text-align: left;\"><strong>Zunsat<\/strong><\/h2>\n<p>[\/vc_column_text][vc_column_text css_animation=\u00bbfadeIn\u00bb]<\/p>\n<p style=\"text-align: justify;\">Equipo de comunicaciones robusto y sencillo, adecuado para barcos de cualquier tama\u00f1o y de f\u00e1cil integraci\u00f3n. Comunicaciones de voz de alta calidad, y capacidad de correo electr\u00f3nico con un alto rendimiento. Con una cobertura Global del 100%, ininterrumpida de polo a polo, incluyendo los casquetes polares.<\/p>\n<p>[\/vc_column_text][vc_empty_space][\/vc_column_inner][\/vc_row_inner][\/vc_column][\/vc_row][vc_row full_width=\u00bbstretch_row\u00bb css=\u00bb.vc_custom_1616668941184{padding-bottom: 50px !important;}\u00bb][vc_column][vc_column_text css_animation=\u00bbfadeIn\u00bb]<\/p>\n<h2 style=\"text-align: center;\"><strong>Detalles del producto<\/strong><\/h2>\n<p>[\/vc_column_text][\/vc_column][\/vc_row][vc_row full_width=\u00bbstretch_row\u00bb css=\u00bb.vc_custom_1616668941184{padding-bottom: 50px !important;}\u00bb][vc_column width=\u00bb1\/2&#8243;][vc_column_text css_animation=\u00bbfadeIn\u00bb el_class=\u00bbtextoazul\u00bb]<\/p>\n<h3><strong>Ahorro en comunicaciones<\/strong><\/h3>\n<p>[\/vc_column_text][vc_column_text css_animation=\u00bbfadeIn\u00bb]<\/p>\n<ul>\n<li>Planes de comunicaci\u00f3n a medida.<\/li>\n<li>Soluciones de prepago para la tripulaci\u00f3n.<\/li>\n<li>Alertas de saldo.<\/li>\n<li>Acceso restringido a llamadas mediante PIN.<\/li>\n<li>Correo electr\u00f3nico sin cuotas mensuales ni costes de licencia y\/o dominio.<\/li>\n<\/ul>\n<p>[\/vc_column_text][vc_empty_space][vc_column_text css_animation=\u00bbfadeIn\u00bb el_class=\u00bbtextoazul\u00bb]<\/p>\n<h3><strong>Alta calidad en comunicaciones<\/strong><\/h3>\n<p>[\/vc_column_text][vc_column_text css_animation=\u00bbfadeIn\u00bb]<\/p>\n<ul>\n<li>Planes de comunicaci\u00f3n a medida.<\/li>\n<li>Soluciones de prepago para la tripulaci\u00f3n.<\/li>\n<li>Alertas de saldo.<\/li>\n<li>Acceso restringido a llamadas mediante PIN.<\/li>\n<li>Correo electr\u00f3nico sin cuotas mensuales ni costes de licencia y\/o dominio.<\/li>\n<\/ul>\n<p>[\/vc_column_text][vc_empty_space][vc_column_text css_animation=\u00bbfadeIn\u00bb el_class=\u00bbtextoazul\u00bb]<\/p>\n<h3><strong>Cobertura global real<\/strong><\/h3>\n<p>[\/vc_column_text][vc_column_text css_animation=\u00bbfadeIn\u00bb]<\/p>\n<ul>\n<li>Cobertura mundial a trav\u00e9s de los sat\u00e9lites de Iridium.<\/li>\n<li>Libre de mantenimiento y sin partes m\u00f3viles en antena.<\/li>\n<\/ul>\n<p>[\/vc_column_text][vc_empty_space][\/vc_column][vc_column width=\u00bb1\/2&#8243;][vc_column_text css_animation=\u00bbfadeIn\u00bb el_class=\u00bbtextoazul\u00bb]<\/p>\n<h3><strong>Dise\u00f1o robusto orientado al usuario<\/strong><\/h3>\n<p>[\/vc_column_text][vc_column_text css_animation=\u00bbfadeIn\u00bb]<\/p>\n<ul>\n<li>Instalaci\u00f3n r\u00e1pida y sencilla.<\/li>\n<li>Incorpora buzzer y\/o sirenas para escuchar en todo el barco el aviso de recepci\u00f3n de llamadas.<\/li>\n<li>Multidioma.<\/li>\n<li>Gesti\u00f3n completa de los emails, en un entorno gr\u00e1fico intuitivo.<\/li>\n<\/ul>\n<p>[\/vc_column_text][vc_empty_space][vc_column_text css_animation=\u00bbfadeIn\u00bb el_class=\u00bbtextoazul\u00bb]<\/p>\n<h3><strong>Sistema de comunicaciones integral<\/strong><\/h3>\n<p>[\/vc_column_text][vc_column_text css_animation=\u00bbfadeIn\u00bb]Hemos desarrollado un sistema integral de comunicaciones que tiene como protagonista el Zunsat pero que est\u00e1 complementado por una serie de productos:<\/p>\n<ul>\n<li>Tarjetas prepago virtuales para llamadas v\u00eda sat\u00e9lite.<\/li>\n<li>Buzzer.<\/li>\n<li>Sirena para zonas de exterior.<\/li>\n<li>Altavoces para camarotes.<\/li>\n<\/ul>\n<p>[\/vc_column_text][vc_empty_space][\/vc_column][\/vc_row][vc_row full_width=\u00bbstretch_row\u00bb css=\u00bb.vc_custom_1617005513755{margin-bottom: 100px !important;padding-top: 50px !important;padding-bottom: 50px !important;background-color: #ededed !important;}\u00bb][vc_column width=\u00bb1\/2&#8243;][vc_column_text css_animation=\u00bbfadeIn\u00bb el_class=\u00bbtextoazul\u00bb]<\/p>\n<h3 style=\"text-align: left;\"><strong>Especificaciones<\/strong><\/h3>\n<p>[\/vc_column_text][vc_column_text css_animation=\u00bbfadeIn\u00bb]<\/p>\n<h4>Especificaciones Rx-Tx<\/h4>\n<p>Alto total 226 mm<br \/>\nAncho total 230 mm<\/p>\n<h4>Especificaciones de antena<\/h4>\n<p>Alto 10 mm<br \/>\nAncho 70 mm<\/p>\n<h4>Caracter\u00edsticas de banda<\/h4>\n<p>Potencia de TX (m\u00e1x.) 7 W<br \/>\nPotencia media parcial 0,6 W<\/p>\n<h4>Especificaciones T\u00e9cnicas<\/h4>\n<p>Rango de Temperaturas -40\u00baC a +85\u00baC<br \/>\nInterface RF<br \/>\nRango de frecuencias 1.616MHz \u2013 1.626,5 MHz<br \/>\nComunicaci\u00f3n duplex TDD<br \/>\nOscilador \u00b1 1,5 ppm<br \/>\nImpedancia E\/S 50 Ohms<br \/>\nCom. multiplexada TDMA\/FDMA[\/vc_column_text][vc_column_text css_animation=\u00bbfadeIn\u00bb el_class=\u00bbtextoazul\u00bb]<\/p>\n<h3 style=\"text-align: left;\"><strong>Archivos<\/strong><\/h3>\n<p>[\/vc_column_text][vc_column_text css_animation=\u00bbfadeIn\u00bb]<\/p>\n<table>\n<tbody>\n<tr>\n<td>ZunSat ES<\/td>\n<td style=\"text-align: center!important;\"><a href=\"https:\/\/zunibal.com\/wp-content\/uploads\/2021\/03\/Zunsat_SP_New-Reducido.pdf\" target=\"_blank\" rel=\"noopener\">Descargar<\/a><\/td>\n<\/tr>\n<tr>\n<td>Zunsat brochure (EN)<\/td>\n<td style=\"text-align: center!important;\"><a href=\"https:\/\/zunibal.com\/wp-content\/uploads\/2021\/03\/Zunsat-brochure_EN.pdf\" target=\"_blank\" rel=\"noopener\">Descargar<\/a><\/td>\n<\/tr>\n<tr>\n<td>Zunsat brochure (EN)<\/td>\n<td style=\"text-align: center!important;\"><a href=\"https:\/\/zunibal.com\/wp-content\/uploads\/2021\/03\/Zunsat-brochure_EN.pdf\" target=\"_blank\" rel=\"noopener\">Descargar<\/a><\/td>\n<\/tr>\n<\/tbody>\n<\/table>\n<p>[\/vc_column_text][vc_empty_space][\/vc_column][vc_column width=\u00bb1\/2&#8243;][vc_column_text css_animation=\u00bbfadeIn\u00bb el_class=\u00bbtextoazul\u00bb]<\/p>\n<h3 style=\"text-align: left;\"><strong>Contacto<\/strong><\/h3>\n<p>[\/vc_column_text]<div role=\"form\" class=\"wpcf7\" id=\"wpcf7-f782-o1\" lang=\"es-ES\" dir=\"ltr\">\n<div class=\"screen-reader-response\"><p role=\"status\" aria-live=\"polite\" aria-atomic=\"true\"><\/p> <ul><\/ul><\/div>\n<form action=\"\/es\/wp-json\/wp\/v2\/pages\/1117#wpcf7-f782-o1\" method=\"post\" class=\"wpcf7-form init\" novalidate=\"novalidate\" data-status=\"init\">\n<div style=\"display: none;\">\n<input type=\"hidden\" name=\"_wpcf7\" value=\"782\" \/>\n<input type=\"hidden\" name=\"_wpcf7_version\" value=\"5.4.1\" \/>\n<input type=\"hidden\" name=\"_wpcf7_locale\" value=\"es_ES\" \/>\n<input type=\"hidden\" name=\"_wpcf7_unit_tag\" value=\"wpcf7-f782-o1\" \/>\n<input type=\"hidden\" name=\"_wpcf7_container_post\" value=\"0\" \/>\n<input type=\"hidden\" name=\"_wpcf7_posted_data_hash\" value=\"\" \/>\n<\/div>\n<p><label> Su nombre *<br \/>\n    <span class=\"wpcf7-form-control-wrap your-name\"><input type=\"text\" name=\"your-name\" value=\"\" size=\"40\" class=\"wpcf7-form-control wpcf7-text wpcf7-validates-as-required\" aria-required=\"true\" aria-invalid=\"false\" \/><\/span> <\/label><\/p>\n<p><label> Su correo electr\u00f3nico *<br \/>\n    <span class=\"wpcf7-form-control-wrap your-email\"><input type=\"email\" name=\"your-email\" value=\"\" size=\"40\" class=\"wpcf7-form-control wpcf7-text wpcf7-email wpcf7-validates-as-required wpcf7-validates-as-email\" aria-required=\"true\" aria-invalid=\"false\" \/><\/span> <\/label><\/p>\n<p><label> Asunto<br \/>\n    <span class=\"wpcf7-form-control-wrap your-subject\"><input type=\"text\" name=\"your-subject\" value=\"\" size=\"40\" class=\"wpcf7-form-control wpcf7-text wpcf7-validates-as-required\" aria-required=\"true\" aria-invalid=\"false\" \/><\/span> <\/label><\/p>\n<p><label> Su mensaje (opcional)<br \/>\n    <span class=\"wpcf7-form-control-wrap your-message\"><textarea name=\"your-message\" cols=\"40\" rows=\"10\" class=\"wpcf7-form-control wpcf7-textarea\" aria-invalid=\"false\"><\/textarea><\/span> <\/label><\/p>\n<p><span id=\"wpcf7-69e99096bf1e5-wrapper\" class=\"wpcf7-form-control-wrap website-wrap\" ><input id=\"wpcf7-69e99096bf1e5-field\"  class=\"wpcf7-form-control wpcf7-text\" type=\"text\" name=\"website\" value=\"\" size=\"40\" tabindex=\"-1\" autocomplete=\"new-password\" \/><\/span><\/p>\n<p><span class=\"wpcf7-form-control-wrap acuerdo\"><span class=\"wpcf7-form-control wpcf7-checkbox wpcf7-validates-as-required\"><span class=\"wpcf7-list-item first last\"><input type=\"checkbox\" name=\"acuerdo[]\" value=\"Si\" \/><span class=\"wpcf7-list-item-label\">Si<\/span><\/span><\/span><\/span> He le\u00eddo y acepto la <a href=\"#\">Pol\u00edtica de Privacidad<\/a><\/p>\n<p><input type=\"submit\" value=\"Enviar\" class=\"wpcf7-form-control wpcf7-submit\" \/><\/p>\n<div class=\"wpcf7-response-output\" aria-hidden=\"true\"><\/div><\/form><\/div>[vc_empty_space][\/vc_column][\/vc_row]<\/p>","protected":false},"excerpt":{"rendered":"<p>[vc_row full_width=\u00bbstretch_row_content_no_spaces\u00bb parallax=\u00bbcontent-moving\u00bb css=\u00bb.vc_custom_1617005348760{margin-top: 0px !important;margin-right: 0px !important;margin-bottom: 0px !important;margin-left: 0px !important;border-top-width: 0px !important;border-right-width: 0px !important;border-bottom-width: 0px !important;border-left-width: 0px !important;padding-top: 0px !important;padding-right: 0px !important;padding-bottom: 0px !important;padding-left: 0px !important;background-image: url(https:\/\/zunibal.com\/wp-content\/uploads\/2021\/03\/cab-producto.jpg?id=777) !important;background-position: center;background-repeat: no-repeat !important;background-size: cover !important;}\u00bb][vc_column][vc_empty_space height=\u00bb150&#8243;][\/vc_column][\/vc_row][vc_row full_width=\u00bbstretch_row\u00bb][vc_column][vc_raw_html css=\u00bb.vc_custom_1616694209462{margin-top: 0px !important;margin-right: 0px !important;margin-bottom: 0px !important;margin-left: 0px !important;border-top-width: 0px !important;border-right-width: 0px !important;border-bottom-width: 0px !important;border-left-width: 0px !important;padding-top: 0px &hellip;<\/p>\n<p class=\"read-more\"> <a class=\"\" href=\"https:\/\/zunibal.com\/es\/equipos-de-comunicaciones-satelitales\/zunsat\/\"> <span class=\"screen-reader-text\">Zunsat<\/span> Leer m\u00e1s &raquo;<\/a><\/p>\n","protected":false},"author":1,"featured_media":0,"parent":688,"menu_order":0,"comment_status":"closed","ping_status":"closed","template":"","meta":{"site-sidebar-layout":"no-sidebar","site-content-layout":"plain-container","ast-global-header-display":"","ast-main-header-display":"","ast-hfb-above-header-display":"","ast-hfb-below-header-display":"","ast-hfb-mobile-header-display":"","site-post-title":"disabled","ast-breadcrumbs-content":"","ast-featured-img":"disabled","footer-sml-layout":"","theme-transparent-header-meta":"default","adv-header-id-meta":"","stick-header-meta":"","header-above-stick-meta":"","header-main-stick-meta":"","header-below-stick-meta":""},"_links":{"self":[{"href":"https:\/\/zunibal.com\/es\/wp-json\/wp\/v2\/pages\/1117"}],"collection":[{"href":"https:\/\/zunibal.com\/es\/wp-json\/wp\/v2\/pages"}],"about":[{"href":"https:\/\/zunibal.com\/es\/wp-json\/wp\/v2\/types\/page"}],"author":[{"embeddable":true,"href":"https:\/\/zunibal.com\/es\/wp-json\/wp\/v2\/users\/1"}],"replies":[{"embeddable":true,"href":"https:\/\/zunibal.com\/es\/wp-json\/wp\/v2\/comments?post=1117"}],"version-history":[{"count":1,"href":"https:\/\/zunibal.com\/es\/wp-json\/wp\/v2\/pages\/1117\/revisions"}],"predecessor-version":[{"id":11615,"href":"https:\/\/zunibal.com\/es\/wp-json\/wp\/v2\/pages\/1117\/revisions\/11615"}],"up":[{"embeddable":true,"href":"https:\/\/zunibal.com\/es\/wp-json\/wp\/v2\/pages\/688"}],"wp:attachment":[{"href":"https:\/\/zunibal.com\/es\/wp-json\/wp\/v2\/media?parent=1117"}],"curies":[{"name":"wp","href":"https:\/\/api.w.org\/{rel}","templated":true}]}}