{"id":18809,"date":"2024-01-18T15:57:58","date_gmt":"2024-01-18T15:57:58","guid":{"rendered":"https:\/\/zunibal.com\/es\/?page_id=18809"},"modified":"2025-03-18T10:14:33","modified_gmt":"2025-03-18T10:14:33","slug":"politica-de-sostenibilidad","status":"publish","type":"page","link":"https:\/\/zunibal.com\/es\/politica-de-sostenibilidad\/","title":{"rendered":"Pol\u00edtica de Sostenibilidad"},"content":{"rendered":"<p>[vc_row full_width=\u00bbstretch_row_content_no_spaces\u00bb css=\u00bb.vc_custom_1617011250820{margin-top: 0px !important;margin-right: 0px !important;margin-bottom: 0px !important;margin-left: 0px !important;border-top-width: 0px !important;border-right-width: 0px !important;border-bottom-width: 0px !important;border-left-width: 0px !important;padding-top: 0px !important;padding-right: 0px !important;padding-bottom: 0px !important;padding-left: 0px !important;background-image: url(https:\/\/zunibal.com\/wp-content\/uploads\/2021\/03\/cab-proyectos.jpg?id=846) !important;background-position: center !important;background-repeat: no-repeat !important;background-size: cover !important;}\u00bb][vc_column][vc_column_text css_animation=\u00bbfadeIn\u00bb el_class=\u00bbtextoblanco\u00bb css=\u00bb.vc_custom_1705591685884{padding-top: 70px !important;padding-bottom: 50px !important;}\u00bb]<\/p>\n<h1 style=\"text-align: center;\"><strong>Pol\u00edtica de Sostenibilidad<\/strong><\/h1>\n<p>[\/vc_column_text][\/vc_column][\/vc_row][vc_row full_width=\u00bbstretch_row\u00bb][vc_column][vc_empty_space height=\u00bb50px\u00bb][vc_row_inner][vc_column_inner width=\u00bb1\/6&#8243;][vc_empty_space height=\u00bb1px\u00bb][\/vc_column_inner][vc_column_inner width=\u00bb2\/3&#8243;][vc_column_text css_animation=\u00bbfadeIn\u00bb]<\/p>\n<section id=\"content\" class=\"content\">\n<div id=\"post-1246\" class=\"post-1246 page type-page status-publish hentry\">\n<div class=\"page-content\">\n<h1>POL\u00cdTICA DE SOSTENIBILIDAD<\/h1>\n<\/div>\n<p>&nbsp;<\/p>\n<h3 style=\"font-weight: 400;\">Prop\u00f3sitos<\/h3>\n<p style=\"font-weight: 400; text-align: justify;\">Ofrecer soluciones tecnol\u00f3gicas para la pesca sostenible, de forma que pueda ser mantenida indefinidamente sin comprometer la viabilidad de la poblaci\u00f3n de la especie objetivo y sin ejercer un impacto negativo sobre otras especies dentro del ecosistema, incluidas las personas.<\/p>\n<p style=\"font-weight: 400; text-align: justify;\">Mantener la actividad pesquera en el largo plazo y contribuir al desarrollo sostenible seg\u00fan los Objetivos de Naciones Unidas (ODS), son fines por los que hemos definido los siguientes principios b\u00e1sicos de actuaci\u00f3n o compromisos.<\/p>\n<h3 style=\"font-weight: 400;\">Nuestros compromisos<\/h3>\n<p style=\"text-align: justify;\">Apoyar la Agenda 2030 de Naciones Unidas relativa a los Objetivos de Desarrollo Sostenible, as\u00ed como los principios del Pacto Mundial en materia de derechos humanos, normas laborales, medioambiente y lucha contra la corrupci\u00f3n.<\/p>\n<p style=\"text-align: justify;\">Adherirse a la Pol\u00edtica de Inversi\u00f3n Responsable de Nazca Capital, integrando la sostenibilidad en todos los procesos de la organizaci\u00f3n, dotando de los recursos necesarios, y gestionando las expectativas de los distintos grupos de inter\u00e9s de la Compa\u00f1\u00eda (accionistas, empleados, clientes, proveedores, instituciones p\u00fablicas, y sociedad en general) en materia de sostenibilidad.<\/p>\n<p style=\"font-weight: 400; text-align: justify;\">Establecer en el sistema de gesti\u00f3n mecanismos de control peri\u00f3dico para la revisi\u00f3n del cumplimiento de la Pol\u00edtica y de la Estrategia ESG, evaluando el desempe\u00f1o de los objetivos y de las acciones propuestas para prevenir da\u00f1os en las personas y en el medioambiente.<\/p>\n<p style=\"font-weight: 400; text-align: justify;\">\u00a0Definir conductas de actuaci\u00f3n responsable en asuntos concretos que nos lleven a:<\/p>\n<ul>\n<li style=\"font-weight: 400;\">Respetar los Derechos Humanos fundamentales<\/li>\n<li style=\"font-weight: 400;\">No ser c\u00f3mplices en la vulneraci\u00f3n de los Derechos Humanos<\/li>\n<li style=\"font-weight: 400;\">Respetar la libertad de asociaci\u00f3n y la negociaci\u00f3n colectiva<\/li>\n<li style=\"font-weight: 400;\">Rechazar el trabajo infantil, el trabajo forzoso o el realizado bajo coacci\u00f3n<\/li>\n<li style=\"font-weight: 400;\">No discriminar por ninguna condici\u00f3n y fomentar la igualdad de oportunidades<\/li>\n<li style=\"font-weight: 400;\">Favorecer la vida laboral y familiar dentro de la organizaci\u00f3n<\/li>\n<li style=\"font-weight: 400;\">Preservar el medioambiente, la biodiversidad y luchar contra el cambio clim\u00e1tico<\/li>\n<li style=\"font-weight: 400;\">Mejorar la salud, la seguridad y el bienestar de las personas<\/li>\n<li style=\"font-weight: 400;\">Cumplir con la responsabilidad fiscal y luchar contra la corrupci\u00f3n y las conductas ilegales<\/li>\n<li style=\"font-weight: 400;\">Eliminar este tipo de situaciones en los proveedores y en su cadena de suministro.<\/li>\n<\/ul>\n<p><span style=\"font-size: 16px;\">Ofrecer productos y soluciones tecnol\u00f3gicas que permitan una pesca cada vez m\u00e1s sostenible, <\/span><span style=\"font-size: 16px;\">con los objetivos de preservar la biodiversidad marina y aportar valor tanto para la <\/span><span style=\"font-size: 16px;\">descarbonizaci\u00f3n de la pesca como para la digitalizaci\u00f3n y conectividad de los barcos <\/span><span style=\"font-size: 16px;\">pesqueros.<\/span><\/p>\n<p><span style=\"font-size: 16px;\">Reducir las emisiones de gases de efecto invernadero contribuyendo a mitigar los efectos del <\/span><span style=\"font-size: 16px;\">cambio clim\u00e1tico, con el compromiso de llegar a ser una compa\u00f1\u00eda de cero emisiones netas <\/span><span style=\"font-size: 16px;\">en 2050 en l\u00ednea con los objetivos del acuerdo de Par\u00eds.<\/span><\/p>\n<p><span style=\"font-size: 16px;\">Llevar a cabo los compromisos adquiridos en la pol\u00edtica de econom\u00eda circular.<\/span><\/p>\n<p><span style=\"font-size: 16px;\">Mantener el Sistema de Gesti\u00f3n Ambiental como modelo para la identificaci\u00f3n de los <\/span><span style=\"font-size: 16px;\">aspectos ambientales y determinar su impacto en el medio ambiente a trav\u00e9s del c\u00e1lculo de <\/span><span style=\"font-size: 16px;\">la Huella Ambiental Corporativa.<\/span><\/p>\n<p><span style=\"font-size: 16px;\">Fomentar un entorno de trabajo seguro y saludable en el que potenciar el talento de las <\/span><span style=\"font-size: 16px;\">personas, y con ello alcanzar una organizaci\u00f3n m\u00e1s resiliente, todo ello integrando criterios <\/span><span style=\"font-size: 16px;\">de diversidad, equidad e inclusi\u00f3n. <\/span><\/p>\n<p><span style=\"font-size: 16px;\">Aplicar las mejores pr\u00e1cticas de gobierno, \u00e9tica, transparencia y gesti\u00f3n de riesgos en la toma <\/span><span style=\"font-size: 16px;\">de decisi\u00f3n de la compa\u00f1\u00eda, garantizando que las pr\u00e1cticas de la empresa est\u00e9n en l\u00ednea con <\/span><span style=\"font-size: 16px;\">sus objetivos y cumplan con las regulaciones en \u00e1mbitos como anticorrupci\u00f3n, fraude, <\/span><span style=\"font-size: 16px;\">seguridad de la informaci\u00f3n, y privacidad, etc. <\/span><\/p>\n<p><span style=\"font-size: 16px;\">Impulsar los compromisos en materia de Sostenibilidad y Debida Diligencia en Derechos <\/span><span style=\"font-size: 16px;\">Humanos adoptados internamente, a clientes, proveedores y comunidades relacionadas con <\/span><span style=\"font-size: 16px;\">la pesca, tendiendo hacia una cadena de suministro m\u00e1s resiliente al riesgo ESG. <\/span><\/p>\n<p><span style=\"font-size: 16px;\">Establecer alianzas y colaboraciones con los grupos de inter\u00e9s necesarios para participar en <\/span><span style=\"font-size: 16px;\">proyectos que impacten positivamente en la sociedad y en el medio ambiente.<\/span><\/p>\n<p><span style=\"font-size: 16px;\">Informar con transparencia a los grupos de inter\u00e9s sobre el desempe\u00f1o en sostenibilidad <\/span><span style=\"font-size: 16px;\">mediante indicadores ESG e informes de reporte seg\u00fan los est\u00e1ndares internacionales.<\/span><\/p>\n<p><em>Pol\u00edtica aprobada por el Consejo de Administraci\u00f3n en fecha 2 de noviembre de 2023, y modificada por \u00faltima vez, el 10 de diciembre de 2024.<\/em><\/p>\n<\/div>\n<\/section>\n<p>[\/vc_column_text][vc_empty_space][\/vc_column_inner][vc_column_inner width=\u00bb1\/6&#8243;][vc_empty_space height=\u00bb1px\u00bb][\/vc_column_inner][\/vc_row_inner][\/vc_column][\/vc_row][vc_row full_width=\u00bbstretch_row\u00bb css=\u00bb.vc_custom_1616668941184{padding-bottom: 50px !important;}\u00bb][vc_column][vc_empty_space][\/vc_column][\/vc_row]<\/p>","protected":false},"excerpt":{"rendered":"<p>[vc_row full_width=\u00bbstretch_row_content_no_spaces\u00bb css=\u00bb.vc_custom_1617011250820{margin-top: 0px !important;margin-right: 0px !important;margin-bottom: 0px !important;margin-left: 0px !important;border-top-width: 0px !important;border-right-width: 0px !important;border-bottom-width: 0px !important;border-left-width: 0px !important;padding-top: 0px !important;padding-right: 0px !important;padding-bottom: 0px !important;padding-left: 0px !important;background-image: url(https:\/\/zunibal.com\/wp-content\/uploads\/2021\/03\/cab-proyectos.jpg?id=846) !important;background-position: center !important;background-repeat: no-repeat !important;background-size: cover !important;}\u00bb][vc_column][vc_column_text css_animation=\u00bbfadeIn\u00bb el_class=\u00bbtextoblanco\u00bb css=\u00bb.vc_custom_1705591685884{padding-top: 70px !important;padding-bottom: 50px !important;}\u00bb] Pol\u00edtica de Sostenibilidad [\/vc_column_text][\/vc_column][\/vc_row][vc_row full_width=\u00bbstretch_row\u00bb][vc_column][vc_empty_space height=\u00bb50px\u00bb][vc_row_inner][vc_column_inner width=\u00bb1\/6&#8243;][vc_empty_space height=\u00bb1px\u00bb][\/vc_column_inner][vc_column_inner width=\u00bb2\/3&#8243;][vc_column_text css_animation=\u00bbfadeIn\u00bb] POL\u00cdTICA DE SOSTENIBILIDAD &hellip;<\/p>\n<p class=\"read-more\"> <a class=\"\" href=\"https:\/\/zunibal.com\/es\/politica-de-sostenibilidad\/\"> <span class=\"screen-reader-text\">Pol\u00edtica de Sostenibilidad<\/span> Leer m\u00e1s &raquo;<\/a><\/p>\n","protected":false},"author":1,"featured_media":0,"parent":0,"menu_order":21,"comment_status":"closed","ping_status":"closed","template":"","meta":{"site-sidebar-layout":"no-sidebar","site-content-layout":"page-builder","ast-global-header-display":"","ast-main-header-display":"","ast-hfb-above-header-display":"","ast-hfb-below-header-display":"","ast-hfb-mobile-header-display":"","site-post-title":"disabled","ast-breadcrumbs-content":"","ast-featured-img":"disabled","footer-sml-layout":"","theme-transparent-header-meta":"default","adv-header-id-meta":"","stick-header-meta":"","header-above-stick-meta":"","header-main-stick-meta":"","header-below-stick-meta":""},"_links":{"self":[{"href":"https:\/\/zunibal.com\/es\/wp-json\/wp\/v2\/pages\/18809"}],"collection":[{"href":"https:\/\/zunibal.com\/es\/wp-json\/wp\/v2\/pages"}],"about":[{"href":"https:\/\/zunibal.com\/es\/wp-json\/wp\/v2\/types\/page"}],"author":[{"embeddable":true,"href":"https:\/\/zunibal.com\/es\/wp-json\/wp\/v2\/users\/1"}],"replies":[{"embeddable":true,"href":"https:\/\/zunibal.com\/es\/wp-json\/wp\/v2\/comments?post=18809"}],"version-history":[{"count":21,"href":"https:\/\/zunibal.com\/es\/wp-json\/wp\/v2\/pages\/18809\/revisions"}],"predecessor-version":[{"id":27511,"href":"https:\/\/zunibal.com\/es\/wp-json\/wp\/v2\/pages\/18809\/revisions\/27511"}],"wp:attachment":[{"href":"https:\/\/zunibal.com\/es\/wp-json\/wp\/v2\/media?parent=18809"}],"curies":[{"name":"wp","href":"https:\/\/api.w.org\/{rel}","templated":true}]}}