{"id":21274,"date":"2024-06-30T12:23:01","date_gmt":"2024-06-30T12:23:01","guid":{"rendered":"https:\/\/zunibal.com\/es\/?page_id=21274"},"modified":"2025-07-08T09:42:02","modified_gmt":"2025-07-08T09:42:02","slug":"www-zunibal-com-concurso","status":"publish","type":"page","link":"https:\/\/zunibal.com\/es\/concurso\/","title":{"rendered":"Concurso de fotograf\u00eda 2025 &#8211; Zunibal"},"content":{"rendered":"<p>[vc_row][vc_column][vc_empty_space][vc_column_text]<\/p>\n<h1 style=\"font-weight: 400;\"><strong>BASES DEL CONCURSO DE FOTOGRAF\u00cdA 2025<\/strong><\/h1>\n<p>[\/vc_column_text][\/vc_column][\/vc_row][vc_row][vc_column width=\u00bb1\/2&#8243;][vc_single_image image=\u00bb30685&#8243; img_size=\u00bblarge\u00bb][\/vc_column][vc_column width=\u00bb1\/2&#8243;][vc_column_text]<\/p>\n<p style=\"text-align: justify;\">Tu jornada arranca donde la cubierta se funde con el horizonte y tu c\u00e1mara\u202f\u2014ese m\u00f3vil que descansa en el bolsillo\u2014\u202fest\u00e1 siempre lista para capturar lo inesperado. Precisamente por eso este concurso nos emociona tanto: nadie puede retratar mejor la vida a bordo que <strong data-start=\"265\" data-end=\"271\">t\u00fa<\/strong>, capit\u00e1n, patr\u00f3n, t\u00e9cnico u observador.<\/p>\n<p style=\"text-align: justify;\">No hace falta ser fot\u00f3grafo profesional; basta tu mirada curiosa y esa chispa que atrapa instantes aut\u00e9nticos.\u202fSi llevas en el bolsillo un momento \u00fanico \u2014un amanecer en cubierta, una boya reci\u00e9n lanzada, la camarader\u00eda de la tripulaci\u00f3n\u2014 comp\u00e1rtelo con nosotros y haz que tu historia navegue por todo el mundo en nuestro <strong data-start=\"671\" data-end=\"702\">Calendario Corporativo\u202f2026<\/strong>.<\/p>\n<ol>\n<li style=\"text-align: justify;\" data-start=\"226\" data-end=\"253\"><strong>C\u00d3MO PARTICIPAR:<\/strong><\/li>\n<\/ol>\n<p style=\"text-align: justify;\">Este a\u00f1o te invitamos a compartir hasta <strong data-start=\"598\" data-end=\"615\">4 fotograf\u00edas:<\/strong><\/p>\n<ul style=\"text-align: justify;\">\n<li><b>2\u202fobligatorias<\/b>: deben mostrar de forma clara un producto o servicio de Zunibal (boyas, software, soluciones de monitorizaci\u00f3n, etc.).<\/li>\n<li><b>2\u202fde tem\u00e1tica libre<\/b>: relacionadas con el mar, la pesca o cualquier escena que capture la vida en el oc\u00e9ano.<\/li>\n<li>Solo se valorar\u00e1n las candidaturas que incluyan las <b>2 fotos con tecnolog\u00eda de Zunibal<\/b>.<\/li>\n<\/ul>\n<p style=\"text-align: justify;\">No se aceptar\u00e1n archivos que infrinjan los derechos de autor o propiedad intelectual, o que sean contrarios a la ley. Las fotograf\u00edas deben ser originales, del propio autor y no premiadas previamente. El participante garantiza ser el \u00fanico titular de los derechos de autor y se responsabiliza de cualquier reclamaci\u00f3n de terceros por derechos de imagen.<\/p>\n<p>[\/vc_column_text][vc_btn title=\u00bbFORMULARIO DE INSCRIPCI\u00d3N\u00bb color=\u00bbprimary\u00bb link=\u00bburl:https%3A%2F%2Fzunibal.com%2Fes%2Fformulario-de-presentacion%2F\u00bb][\/vc_column][\/vc_row][vc_row][vc_column][vc_column_text]<\/p>\n<ol start=\"2\">\n<li style=\"font-weight: 400;\"><strong>FORMATO Y PRESENTACIO\u0301N DE LAS FOTOGRAFI\u0301AS<\/strong><\/li>\n<\/ol>\n<p style=\"font-weight: 400;\"><strong>Formato digital:<\/strong>\u00a0Los trabajos solo se aceptan en formato digital.<\/p>\n<p style=\"font-weight: 400;\"><strong>Tama\u00f1o y calidad<\/strong>:<\/p>\n<ul style=\"font-weight: 400;\">\n<li>Las fotos deben estar en formato JPEG de m\u00e1xima calidad.<\/li>\n<li>Evita a\u00f1adir m\u00e1rgenes, marcos, bordes, marcas de agua o texto a las fotograf\u00edas.<\/li>\n<\/ul>\n<p style=\"font-weight: 400;\"><strong>Nombres de archivo<\/strong>:<\/p>\n<ul style=\"font-weight: 400;\">\n<li>Nombra cada archivo de imagen como \u00abFotograf\u00eda 1\u00bb, \u00abFotograf\u00eda 2\u00bb, \u00abFotograf\u00eda 3\u00bb y \u00abFotograf\u00eda 4\u00bb, seg\u00fan corresponda.<\/li>\n<\/ul>\n<p style=\"font-weight: 400;\">El incumplimiento de cualquiera de los requisitos establecidos en esta convocatoria implica la descalificaci\u00f3n autom\u00e1tica del participante.<\/p>\n<ol start=\"3\">\n<li style=\"font-weight: 400;\"><strong> C\u00d3MO ENVIAR TUS FOTOS:<\/strong><\/li>\n<\/ol>\n<p style=\"font-weight: 400; text-align: justify;\">Los archivos se podr\u00e1n enviar rellenando el\u00a0<a href=\"https:\/\/zunibal.com\/es\/formulario-de-presentacion\/\"><strong>Formulario de Presentaci\u00f3n online<\/strong><\/a>\u00a0o a trav\u00e9s de la direcci\u00f3n de correo electr\u00f3nico\u00a0<a href=\"mailto:concurso2022@zunibal.com\">concurso@zunibal.com<\/a>\u00a0acompa\u00f1ados del\u00a0<a href=\"https:\/\/zunibal.com\/wp-content\/uploads\/2025\/07\/Formulariode-Presentacion-ES.pdf\">Formulario de presentaci\u00f3n en PDF.<\/a><\/p>\n<ol start=\"4\">\n<li style=\"font-weight: 400;\"><strong> VALORACI\u00d3N<\/strong><\/li>\n<\/ol>\n<p style=\"font-weight: 400;\">El comit\u00e9 de Zunibal evaluar\u00e1 las fotos considerando:<\/p>\n<ul style=\"font-weight: 400;\">\n<li>Relevancia para la tem\u00e1tica<\/li>\n<li>Impacto visual y emocional<\/li>\n<li>Originalidad<\/li>\n<li>Calidad t\u00e9cnica<\/li>\n<\/ul>\n<p style=\"font-weight: 400;\"><strong>ADMISI\u00d3N: Inici\u00f3 el 10 de julio de 2025 &#8211; fin el 15 de septiembre de 2025.<\/strong><\/p>\n<ol start=\"5\">\n<li style=\"font-weight: 400;\"><strong> EXPOSICI\u00d3N<\/strong><\/li>\n<\/ol>\n<p style=\"font-weight: 400; text-align: justify;\">Las fotos se publicar\u00e1n en\u00a0<a href=\"http:\/\/www.zunibal.com\/\">www.zunibal.com<\/a>. El participante acepta que su fotograf\u00eda sea visible en la galer\u00eda del concurso, as\u00ed como en los canales y redes sociales de Zunibal.<\/p>\n<p style=\"font-weight: 400; text-align: justify;\">De todas las fotograf\u00edas recibidas, se seleccionar\u00e1n las doce mejores para nuestro Calendario Corporativo Zunibal 2026.<\/p>\n<ol start=\"6\">\n<li style=\"font-weight: 400;\"><strong> PREMIOS<\/strong><\/li>\n<\/ol>\n<p style=\"font-weight: 400;\">El concurso establecer\u00e1 un primer premio y once premios finalistas:<\/p>\n<ul style=\"font-weight: 400;\">\n<li><strong>Premio ganador:<\/strong> Drone. La fotograf\u00eda ganadora se publicar\u00e1 en la portada del Calendario Corporativo Zunibal 2023.<\/li>\n<li><strong>Premios finalistas:<\/strong>\u00a0Pack Zunibal.<\/li>\n<\/ul>\n<p style=\"font-weight: 400;\"><strong>CONSIDERACIONES RELATIVAS AL PREMIO<\/strong><\/p>\n<p style=\"font-weight: 400; text-align: justify;\">Zunibal se reservar\u00e1 el derecho a publicar o reproducir las fotograf\u00edas ganadoras y finalistas, por s\u00ed o por terceros, sin limitaci\u00f3n de tiempo ni de lugar, citando siempre el nombre del autor. La renuncia a un premio, cualquiera que sea la raz\u00f3n, no dar\u00e1 derecho a ning\u00fan tipo de compensaci\u00f3n.<\/p>\n<p><strong>\u00a1PARTICIPA!<br \/>\nMuestra c\u00f3mo se vive la mar desde tu perspectiva y deja que tu foto llegue a miles de personas en nuestro Calendario Corporativo 2026.<br \/>\n<\/strong>[\/vc_column_text][\/vc_column][\/vc_row][vc_row][vc_column][vc_btn title=\u00bbInscr\u00edbete Aqu\u00ed &#8211; Formulario de Presentaci\u00f3n\u00bb color=\u00bbprimary\u00bb align=\u00bbcenter\u00bb i_icon_fontawesome=\u00bbfar fa-edit\u00bb add_icon=\u00bbtrue\u00bb link=\u00bburl:https%3A%2F%2Fzunibal.com%2Fes%2Fformulario-de-presentacion%2F\u00bb][\/vc_column][\/vc_row]<\/p>","protected":false},"excerpt":{"rendered":"<p>[vc_row][vc_column][vc_empty_space][vc_column_text] BASES DEL CONCURSO DE FOTOGRAF\u00cdA 2025 [\/vc_column_text][\/vc_column][\/vc_row][vc_row][vc_column width=\u00bb1\/2&#8243;][vc_single_image image=\u00bb30685&#8243; img_size=\u00bblarge\u00bb][\/vc_column][vc_column width=\u00bb1\/2&#8243;][vc_column_text] Tu jornada arranca donde la cubierta se funde con el horizonte y tu c\u00e1mara\u202f\u2014ese m\u00f3vil que descansa en el bolsillo\u2014\u202fest\u00e1 siempre lista para capturar lo inesperado. Precisamente por eso este concurso nos emociona tanto: nadie puede retratar mejor la vida a bordo que &hellip;<\/p>\n<p class=\"read-more\"> <a class=\"\" href=\"https:\/\/zunibal.com\/es\/concurso\/\"> <span class=\"screen-reader-text\">Concurso de fotograf\u00eda 2025 &#8211; Zunibal<\/span> Leer m\u00e1s &raquo;<\/a><\/p>\n","protected":false},"author":1,"featured_media":0,"parent":0,"menu_order":0,"comment_status":"closed","ping_status":"closed","template":"","meta":{"site-sidebar-layout":"no-sidebar","site-content-layout":"plain-container","ast-global-header-display":"","ast-main-header-display":"","ast-hfb-above-header-display":"","ast-hfb-below-header-display":"","ast-hfb-mobile-header-display":"","site-post-title":"disabled","ast-breadcrumbs-content":"","ast-featured-img":"disabled","footer-sml-layout":"","theme-transparent-header-meta":"default","adv-header-id-meta":"","stick-header-meta":"","header-above-stick-meta":"","header-main-stick-meta":"","header-below-stick-meta":""},"_links":{"self":[{"href":"https:\/\/zunibal.com\/es\/wp-json\/wp\/v2\/pages\/21274"}],"collection":[{"href":"https:\/\/zunibal.com\/es\/wp-json\/wp\/v2\/pages"}],"about":[{"href":"https:\/\/zunibal.com\/es\/wp-json\/wp\/v2\/types\/page"}],"author":[{"embeddable":true,"href":"https:\/\/zunibal.com\/es\/wp-json\/wp\/v2\/users\/1"}],"replies":[{"embeddable":true,"href":"https:\/\/zunibal.com\/es\/wp-json\/wp\/v2\/comments?post=21274"}],"version-history":[{"count":50,"href":"https:\/\/zunibal.com\/es\/wp-json\/wp\/v2\/pages\/21274\/revisions"}],"predecessor-version":[{"id":30750,"href":"https:\/\/zunibal.com\/es\/wp-json\/wp\/v2\/pages\/21274\/revisions\/30750"}],"wp:attachment":[{"href":"https:\/\/zunibal.com\/es\/wp-json\/wp\/v2\/media?parent=21274"}],"curies":[{"name":"wp","href":"https:\/\/api.w.org\/{rel}","templated":true}]}}