{"id":22541,"date":"2024-09-11T11:12:37","date_gmt":"2024-09-11T11:12:37","guid":{"rendered":"https:\/\/zunibal.com\/es\/?page_id=22541"},"modified":"2024-10-07T12:42:32","modified_gmt":"2024-10-07T12:42:32","slug":"canal-de-denuncia","status":"publish","type":"page","link":"https:\/\/zunibal.com\/es\/canal-denuncia\/","title":{"rendered":"Canal de denuncia"},"content":{"rendered":"<p>[vc_row][vc_column][vc_column_text css=\u00bb.vc_custom_1726050687459{padding-top: 70px !important;padding-bottom: 50px !important;background-image: url(https:\/\/zunibal.com\/wp-content\/uploads\/2021\/04\/fi.png?id=10343) !important;}\u00bb]<\/p>\n<h1 style=\"text-align: center;\"><span style=\"color: #ffffff;\"><strong>Canal de denuncia<\/strong><\/span><\/h1>\n<p>[\/vc_column_text][vc_row_inner][vc_column_inner][\/vc_column_inner][\/vc_row_inner][vc_empty_space height=\u00bb150x\u00bb][vc_row_inner][vc_column_inner width=\u00bb1\/6&#8243;][vc_empty_space height=\u00bb1px\u00bb][\/vc_column_inner][vc_column_inner width=\u00bb2\/3&#8243;][vc_column_text]<\/p>\n<h1 style=\"text-align: center;\"><span style=\"color: #0357d0;\"><strong>Canal de denuncia<\/strong><\/span><\/h1>\n<p style=\"text-align: justify;\">Este canal ha sido definido para cumplir con la normativa sobre protecci\u00f3n de las personas que informen sobre infracciones del Derecho de la Uni\u00f3n Europea y<em> no est\u00e1 habilitado para el tratamiento de quejas y reclamaciones<\/em>\u00a0sobre el funcionamiento ordinario del Centro, para el cual, est\u00e1 ya disponible el procedimiento de quejas, reclamaciones y sugerencias.<\/p>\n<p style=\"text-align: justify;\">Antes de proceder a la comunicaci\u00f3n a trav\u00e9s de nuestro Canal, es necesario que conozcas que se trata de un canal seguro y confidencial <strong><a href=\"https:\/\/zunibal.com\/wp-content\/uploads\/2024\/10\/POLITICA-DE-PRIVACIDAD-DEL-CANAL-DE-DENUNCIA.pdf\">Pol\u00edtica de privacidad<\/a><\/strong>, que te permite comunicarte con nosotros y que, adem\u00e1s, deber\u00e1s tener en cuenta los hechos y\/o comportamientos que nos puedes transmitir a trav\u00e9s de \u00e9l, as\u00ed como el \u00e1mbito de protecci\u00f3n del mismo, que est\u00e1n recogidos en nuestras <strong><a href=\"https:\/\/zunibal.com\/wp-content\/uploads\/2024\/10\/NORMAS-DE-USO-DEL-CANAL-DE-DENUNCIA.pdf\">Normas de uso<\/a><\/strong>.<\/p>\n<p style=\"text-align: justify;\">Una vez hayas cumplimentado la informaci\u00f3n de este formulario es muy probable que tengamos que contactar contigo para solicitarte aclaraciones o ampliaci\u00f3n de los hechos comunicados. Si no te identificas (ejerciendo tu derecho al anonimato), nos resultar\u00e1 improbable poder ampliar la informaci\u00f3n que necesitamos o que hagas uso de tu derecho a tener informaci\u00f3n sobre el seguimiento de tu denuncia, por lo que te instamos a que tengas abierta con nosotros una l\u00ednea de comunicaci\u00f3n, que ser\u00e1 la que tu decidas.<\/p>\n<p style=\"text-align: justify;\">En este caso, podr\u00e1s crear una cuenta de correo electr\u00f3nico con una identidad ficticia (envi\u00e1ndola mediante una conexi\u00f3n wifi no propia), por ejemplo: en Google, de la siguiente manera:<\/p>\n<p><a href=\"https:\/\/support.google.com\/mail\/answer\/56256?hl=es\" target=\"_blank\" rel=\"noopener\">Crear una cuenta de Gmail.<\/a><\/p>\n<p style=\"text-align: justify;\">La cuenta de correo creada de manera an\u00f3nima servir\u00e1 para poder contactar con la persona denunciante para recabar m\u00e1s informaci\u00f3n del caso.<\/p>\n<p>[\/vc_column_text][vc_empty_space][\/vc_column_inner][vc_column_inner width=\u00bb1\/6&#8243;][vc_empty_space height=\u00bb1px\u00bb][\/vc_column_inner][\/vc_row_inner][\/vc_column][\/vc_row][vc_row][vc_column width=\u00bb1\/6&#8243;][vc_empty_space height=\u00bb1px\u00bb][\/vc_column][vc_column width=\u00bb2\/3&#8243;][vc_column_text]<\/p>\n<h2><span style=\"color: #0c87e7;\"><strong>Formulario para introducir la denuncia<\/strong><\/span><\/h2>\n<p>[\/vc_column_text][vc_empty_space height=\u00bb1px\u00bb]<div role=\"form\" class=\"wpcf7\" id=\"wpcf7-f22542-o1\" lang=\"es-ES\" dir=\"ltr\">\n<div class=\"screen-reader-response\"><p role=\"status\" aria-live=\"polite\" aria-atomic=\"true\"><\/p> <ul><\/ul><\/div>\n<form action=\"\/es\/wp-json\/wp\/v2\/pages\/22541#wpcf7-f22542-o1\" method=\"post\" class=\"wpcf7-form init\" enctype=\"multipart\/form-data\" novalidate=\"novalidate\" data-status=\"init\">\n<div style=\"display: none;\">\n<input type=\"hidden\" name=\"_wpcf7\" value=\"22542\" \/>\n<input type=\"hidden\" name=\"_wpcf7_version\" value=\"5.4.1\" \/>\n<input type=\"hidden\" name=\"_wpcf7_locale\" value=\"es_ES\" \/>\n<input type=\"hidden\" name=\"_wpcf7_unit_tag\" value=\"wpcf7-f22542-o1\" \/>\n<input type=\"hidden\" name=\"_wpcf7_container_post\" value=\"0\" \/>\n<input type=\"hidden\" name=\"_wpcf7_posted_data_hash\" value=\"\" \/>\n<\/div>\n<p>Escribe tus datos de contacto<br \/>\n  <label>Tu nombre<\/label><br \/>\n  <span class=\"wpcf7-form-control-wrap tu-nombre\"><input type=\"text\" name=\"tu-nombre\" value=\"\" size=\"40\" class=\"wpcf7-form-control wpcf7-text wpcf7-validates-as-required\" aria-required=\"true\" aria-invalid=\"false\" \/><\/span><\/p>\n<p>  <label>Tel\u00e9fono de contacto<\/label><br \/>\n  <span class=\"wpcf7-form-control-wrap telefono-contacto\"><input type=\"tel\" name=\"telefono-contacto\" value=\"\" size=\"40\" class=\"wpcf7-form-control wpcf7-text wpcf7-tel wpcf7-validates-as-required wpcf7-validates-as-tel\" aria-required=\"true\" aria-invalid=\"false\" \/><\/span><\/p>\n<p>  <label>Correo electr\u00f3nico<\/label><br \/>\n  <span class=\"wpcf7-form-control-wrap correo-electronico\"><input type=\"email\" name=\"correo-electronico\" value=\"\" size=\"40\" class=\"wpcf7-form-control wpcf7-text wpcf7-email wpcf7-validates-as-required wpcf7-validates-as-email\" aria-required=\"true\" aria-invalid=\"false\" \/><\/span><\/p>\n<p>  <label>Fecha de la comunicaci\u00f3n<\/label><br \/>\n  <span class=\"wpcf7-form-control-wrap fecha-comunicacion\"><input type=\"date\" name=\"fecha-comunicacion\" value=\"\" class=\"wpcf7-form-control wpcf7-date wpcf7-validates-as-date\" aria-invalid=\"false\" \/><\/span><\/p>\n<p>  <label>Asunto<\/label><br \/>\n  <span class=\"wpcf7-form-control-wrap asunto\"><input type=\"text\" name=\"asunto\" value=\"\" size=\"40\" class=\"wpcf7-form-control wpcf7-text wpcf7-validates-as-required\" aria-required=\"true\" aria-invalid=\"false\" \/><\/span><\/p>\n<p>  <label>Descripci\u00f3n de la comunicaci\u00f3n<\/label><br \/>\n  <span class=\"wpcf7-form-control-wrap descripcion-comunicacion\"><textarea name=\"descripcion-comunicacion\" cols=\"40\" rows=\"10\" class=\"wpcf7-form-control wpcf7-textarea wpcf7-validates-as-required\" aria-required=\"true\" aria-invalid=\"false\"><\/textarea><\/span><\/p>\n<p>  <label>Fecha aproximada de los hechos<\/label><br \/>\n  <span class=\"wpcf7-form-control-wrap fecha-hechos\"><input type=\"date\" name=\"fecha-hechos\" value=\"\" class=\"wpcf7-form-control wpcf7-date wpcf7-validates-as-date\" aria-invalid=\"false\" \/><\/span><\/p>\n<p>  <label>\u00bfAfecta a terceros relacionados con ZUNIBAL SL?<\/label><br><br \/>\n  <span class=\"wpcf7-form-control-wrap afecta-terceros\"><span class=\"wpcf7-form-control wpcf7-radio\"><span class=\"wpcf7-list-item first\"><label><input type=\"radio\" name=\"afecta-terceros\" value=\"S\u00ed\" \/><span class=\"wpcf7-list-item-label\">S\u00ed<\/span><\/label><\/span><span class=\"wpcf7-list-item\"><label><input type=\"radio\" name=\"afecta-terceros\" value=\"No\" \/><span class=\"wpcf7-list-item-label\">No<\/span><\/label><\/span><span class=\"wpcf7-list-item last\"><label><input type=\"radio\" name=\"afecta-terceros\" value=\"No lo s\u00e9\" \/><span class=\"wpcf7-list-item-label\">No lo s\u00e9<\/span><\/label><\/span><\/span><\/span><\/p>\n<p>  <label>\u00bfTiene impacto econ\u00f3mico?<\/label><br><br \/>\n  <span class=\"wpcf7-form-control-wrap impacto-economico\"><span class=\"wpcf7-form-control wpcf7-radio\"><span class=\"wpcf7-list-item first\"><label><input type=\"radio\" name=\"impacto-economico\" value=\"S\u00ed\" \/><span class=\"wpcf7-list-item-label\">S\u00ed<\/span><\/label><\/span><span class=\"wpcf7-list-item\"><label><input type=\"radio\" name=\"impacto-economico\" value=\"No\" \/><span class=\"wpcf7-list-item-label\">No<\/span><\/label><\/span><span class=\"wpcf7-list-item last\"><label><input type=\"radio\" name=\"impacto-economico\" value=\"No lo s\u00e9\" \/><span class=\"wpcf7-list-item-label\">No lo s\u00e9<\/span><\/label><\/span><\/span><\/span><\/p>\n<p>  <label>Cuantificaci\u00f3n aproximada del impacto (en euros)<\/label><br \/>\n  <span class=\"wpcf7-form-control-wrap impacto-aproximado\"><input type=\"text\" name=\"impacto-aproximado\" value=\"\" size=\"40\" class=\"wpcf7-form-control wpcf7-text\" aria-invalid=\"false\" \/><\/span><\/p>\n<p>  <label>Por favor, aporta la documentaci\u00f3n que consideres que evidencia los hechos<\/label><br><br \/>\n  <span class=\"wpcf7-form-control-wrap documentacion\"><input type=\"file\" name=\"documentacion\" size=\"40\" class=\"wpcf7-form-control wpcf7-file\" accept=\".jpg,.jpeg,.png,.gif,.pdf,.doc,.docx,.ppt,.pptx,.odt,.avi,.ogg,.m4a,.mov,.mp3,.mp4,.mpg,.wav,.wmv\" aria-invalid=\"false\" \/><\/span><\/p>\n<p>    Sin perjuicio de la posibilidad que usted tiene de formular la presente denuncia, usted podr\u00e1 acudir a los distintos canales externos de informaci\u00f3n ante las autoridades competentes y, en su caso, ante instituciones u organismos de la Uni\u00f3n Europea, para presentar la misma.<\/p>\n<p>    Le informamos que toda persona acusada de una infracci\u00f3n se presume inocente hasta que su culpabilidad haya sido legalmente declarada (art. 6.2 CEDH, art. 11 DUDH).<\/p>\n<p>    Cualquier denuncia deber\u00e1 formularse con pleno respeto al honor de las personas afectadas.<\/p>\n<p>    Por favor, no incluya informaci\u00f3n sensible personal sobre nadie en su mensaje si no es necesario para describir su denuncia.<\/p>\n<p>    <span class=\"wpcf7-form-control-wrap normas-uso\"><span class=\"wpcf7-form-control wpcf7-checkbox\"><span class=\"wpcf7-list-item first last\"><input type=\"checkbox\" name=\"normas-uso[]\" value=\"He le\u00eddo y acepto las NORMAS DE USO DEL CANAL DE DENUNCIA\" \/><span class=\"wpcf7-list-item-label\">He le\u00eddo y acepto las NORMAS DE USO DEL CANAL DE DENUNCIA<\/span><\/span><\/span><\/span><\/p>\n<p>  <input type=\"submit\" value=\"Enviar\" class=\"wpcf7-form-control wpcf7-submit\" \/><\/p>\n<div class=\"wpcf7-response-output\" aria-hidden=\"true\"><\/div><\/form><\/div>[\/vc_column][vc_column width=\u00bb1\/6&#8243;][vc_empty_space height=\u00bb1px\u00bb][\/vc_column][\/vc_row][vc_row][vc_column][vc_empty_space][vc_separator][\/vc_column][\/vc_row]<\/p>","protected":false},"excerpt":{"rendered":"<p>[vc_row][vc_column][vc_column_text css=\u00bb.vc_custom_1726050687459{padding-top: 70px !important;padding-bottom: 50px !important;background-image: url(https:\/\/zunibal.com\/wp-content\/uploads\/2021\/04\/fi.png?id=10343) !important;}\u00bb] Canal de denuncia [\/vc_column_text][vc_row_inner][vc_column_inner][\/vc_column_inner][\/vc_row_inner][vc_empty_space height=\u00bb150x\u00bb][vc_row_inner][vc_column_inner width=\u00bb1\/6&#8243;][vc_empty_space height=\u00bb1px\u00bb][\/vc_column_inner][vc_column_inner width=\u00bb2\/3&#8243;][vc_column_text] Canal de denuncia Este canal ha sido definido para cumplir con la normativa sobre protecci\u00f3n de las personas que informen sobre infracciones del Derecho de la Uni\u00f3n Europea y no est\u00e1 habilitado para el tratamiento de quejas y reclamaciones\u00a0sobre &hellip;<\/p>\n<p class=\"read-more\"> <a class=\"\" href=\"https:\/\/zunibal.com\/es\/canal-denuncia\/\"> <span class=\"screen-reader-text\">Canal de denuncia<\/span> Leer m\u00e1s &raquo;<\/a><\/p>\n","protected":false},"author":1,"featured_media":0,"parent":0,"menu_order":0,"comment_status":"closed","ping_status":"closed","template":"","meta":{"site-sidebar-layout":"no-sidebar","site-content-layout":"page-builder","ast-global-header-display":"","ast-main-header-display":"","ast-hfb-above-header-display":"","ast-hfb-below-header-display":"","ast-hfb-mobile-header-display":"","site-post-title":"disabled","ast-breadcrumbs-content":"","ast-featured-img":"disabled","footer-sml-layout":"","theme-transparent-header-meta":"default","adv-header-id-meta":"","stick-header-meta":"","header-above-stick-meta":"","header-main-stick-meta":"","header-below-stick-meta":""},"_links":{"self":[{"href":"https:\/\/zunibal.com\/es\/wp-json\/wp\/v2\/pages\/22541"}],"collection":[{"href":"https:\/\/zunibal.com\/es\/wp-json\/wp\/v2\/pages"}],"about":[{"href":"https:\/\/zunibal.com\/es\/wp-json\/wp\/v2\/types\/page"}],"author":[{"embeddable":true,"href":"https:\/\/zunibal.com\/es\/wp-json\/wp\/v2\/users\/1"}],"replies":[{"embeddable":true,"href":"https:\/\/zunibal.com\/es\/wp-json\/wp\/v2\/comments?post=22541"}],"version-history":[{"count":19,"href":"https:\/\/zunibal.com\/es\/wp-json\/wp\/v2\/pages\/22541\/revisions"}],"predecessor-version":[{"id":23031,"href":"https:\/\/zunibal.com\/es\/wp-json\/wp\/v2\/pages\/22541\/revisions\/23031"}],"wp:attachment":[{"href":"https:\/\/zunibal.com\/es\/wp-json\/wp\/v2\/media?parent=22541"}],"curies":[{"name":"wp","href":"https:\/\/api.w.org\/{rel}","templated":true}]}}