{"id":27499,"date":"2025-03-18T09:04:02","date_gmt":"2025-03-18T09:04:02","guid":{"rendered":"https:\/\/zunibal.com\/es\/?page_id=27499"},"modified":"2025-03-18T09:20:07","modified_gmt":"2025-03-18T09:20:07","slug":"politica-de-economia-circular","status":"publish","type":"page","link":"https:\/\/zunibal.com\/es\/politica-de-economia-circular\/","title":{"rendered":"Pol\u00edtica de Econom\u00eda Circular\u00a0"},"content":{"rendered":"<p>[vc_row full_width=\u00bbstretch_row_content_no_spaces\u00bb css=\u00bb.vc_custom_1617011250820{margin-top: 0px !important;margin-right: 0px !important;margin-bottom: 0px !important;margin-left: 0px !important;border-top-width: 0px !important;border-right-width: 0px !important;border-bottom-width: 0px !important;border-left-width: 0px !important;padding-top: 0px !important;padding-right: 0px !important;padding-bottom: 0px !important;padding-left: 0px !important;background-image: url(https:\/\/zunibal.com\/wp-content\/uploads\/2021\/03\/cab-proyectos.jpg?id=846) !important;background-position: center !important;background-repeat: no-repeat !important;background-size: cover !important;}\u00bb][vc_column][vc_column_text css_animation=\u00bbfadeIn\u00bb el_class=\u00bbtextoblanco\u00bb css=\u00bb.vc_custom_1742287918900{padding-top: 70px !important;padding-bottom: 50px !important;}\u00bb]<\/p>\n<h1 style=\"text-align: center;\"><strong>Pol\u00edtica de econom\u00eda circular\u00a0<\/strong><\/h1>\n<p>[\/vc_column_text][\/vc_column][\/vc_row][vc_row full_width=\u00bbstretch_row\u00bb][vc_column][vc_empty_space height=\u00bb50px\u00bb][vc_row_inner][vc_column_inner width=\u00bb1\/6&#8243;][vc_empty_space height=\u00bb1px\u00bb][\/vc_column_inner][vc_column_inner width=\u00bb2\/3&#8243;][vc_column_text css_animation=\u00bbfadeIn\u00bb]<\/p>\n<section id=\"content\" class=\"content\">\n<div id=\"post-1246\" class=\"post-1246 page type-page status-publish hentry\">\n<div class=\"page-content\">\n<h1 style=\"font-weight: 400;\"><strong>POL\u00cdTICA DE ECONOM\u00cdA CIRCULAR<\/strong><\/h1>\n<p style=\"font-weight: 400;\">El objeto de esta pol\u00edtica es definir los principios y establecer los compromisos que rigen nuestra actividad respecto a la econom\u00eda circular, poni\u00e9ndolos a disposici\u00f3n de los grupos de inter\u00e9s.<\/p>\n<p style=\"font-weight: 400;\"><strong>Prop\u00f3sito<\/strong><\/p>\n<p style=\"font-weight: 400;\">La econom\u00eda circular representa un cambio en la forma en que producimos y consumimos. En lugar del modelo lineal tradicional, basado en extraer, fabricar, usar y desechar, se busca cerrar los ciclos de vida de los productos y de los materiales. Al maximizar el valor de los recursos durante el mayor tiempo posible, se promueve la reutilizaci\u00f3n, la reparaci\u00f3n y el reciclaje, minimizando as\u00ed la generaci\u00f3n de residuos.<\/p>\n<p style=\"font-weight: 400;\">Este enfoque no solo beneficia al medio ambiente, al reducir la huella de carbono y la presi\u00f3n sobre los recursos naturales, sino que tambi\u00e9n impulsa el crecimiento econ\u00f3mico sostenible y mejora la calidad de vida. Al alinear nuestras acciones con los Objetivos de Desarrollo Sostenible, en particular los ODS 12 (Producci\u00f3n y consumo responsables), ODS 13 (Acci\u00f3n por el clima) y ODS 14 (Vida Submarina), contribuimos a construir un futuro m\u00e1s justo y equitativo para todos.<\/p>\n<p style=\"font-weight: 400;\">Zunibal integra el modelo de econom\u00eda circular en su estrategia de sostenibilidad para generar un impacto positivo en el medio ambiente y en la sociedad, impulsando principalmente actividades que logren una pesca cada vez m\u00e1s sostenible.<\/p>\n<p style=\"font-weight: 400;\"><strong>Nuestros compromisos<\/strong><\/p>\n<ul>\n<li>Ofrecer soluciones tecnol\u00f3gicas personalizadas para el sector pesquero, impulsadas por inteligencia artificial para una gesti\u00f3n m\u00e1s eficiente de los recursos, de forma que nuestros clientes puedan tomar decisiones m\u00e1s acertadas, optimizando las rutas de pesca y mejorando la selectividad de las capturas.<\/li>\n<li>Colaborar con gobiernos y comunidades locales para identificar y adoptar las mejores pr\u00e1cticas en la gesti\u00f3n de residuos y la b\u00fasqueda de usos alternativos para nuestros productos al final de su vida \u00fatil.<\/li>\n<li>Integrar los principios de la econom\u00eda circular en la mejora continua de todos los procesos de gesti\u00f3n de la empresa, identificando y evaluando los riesgos y oportunidades asociados a cada actividad, estableciendo objetivos y planes de acci\u00f3n, y realizando el seguimiento y medici\u00f3n del desempe\u00f1o a trav\u00e9s de indicadores de circularidad.<\/li>\n<li>Adoptar el Ecodise\u00f1o como soluci\u00f3n para reducir el impacto ambiental con perspectiva de ciclo de vida, aplic\u00e1ndolo tanto a los productos como a las instalaciones.<\/li>\n<\/ul>\n<ul>\n<li>Incrementar de forma continua el uso de materias primas secundarias o posconsumo, y en particular de los pl\u00e1sticos por su fuerte impacto en el ecosistema marino.<\/li>\n<li>Establecer alianzas con proveedores y centros de investigaci\u00f3n para desarrollar soluciones que permitan la incorporaci\u00f3n de materiales alternativos de origen renovable y\/o biodegradables en nuestros productos, integrando criterios de durabilidad y reciclabilidad. De esta manera, garantizaremos que nuestros productos tengan una vida \u00fatil m\u00e1s larga y puedan ser f\u00e1cilmente reciclados al final de su vida \u00fatil.<\/li>\n<li>Aplicar las mejores t\u00e9cnicas disponibles en nuestros procesos para mejorar en eficiencia energ\u00e9tica. Reduciendo el consumo, a la vez que se sustituyen progresivamente las fuentes de emisi\u00f3n de origen no renovable por el uso de energ\u00edas limpias, se contribuye tambi\u00e9n a la mitigaci\u00f3n del cambio clim\u00e1tico.<\/li>\n<li>Cumplimiento de la legislaci\u00f3n vigente en la gesti\u00f3n de los residuos para asegurar su correcto tratamiento. Adopci\u00f3n del principio de jerarqu\u00eda de residuos, priorizando la prevenci\u00f3n, la reutilizaci\u00f3n y el reciclaje, principalmente de los residuos peligrosos al sustituirlos por sustancias alternativas m\u00e1s seguras, pero tambi\u00e9n de los no peligrosos. En los casos en que estas opciones no sean posibles, optaremos por la valorizaci\u00f3n, incluida la energ\u00e9tica, dejando la eliminaci\u00f3n como \u00faltima opci\u00f3n.<\/li>\n<li>Involucrar a nuestros proveedores, contratistas y colaboradores en general para que se rijan igualmente por los principios expresados en esta pol\u00edtica.<\/li>\n<li>Concienciar a nuestros empleados\/as a trav\u00e9s de programas de capacitaci\u00f3n y sensibilizaci\u00f3n sobre la gesti\u00f3n de residuos y los principios de la econom\u00eda circular, compartiendo los avances alcanzados y logrando un mayor compromiso y participaci\u00f3n de todo el equipo.<\/li>\n<\/ul>\n<p><em>Pol\u00edtica aprobada por el Consejo de Administraci\u00f3n en fecha: 10 de diciembre de 2024.<\/em><\/p>\n<\/div>\n<\/div>\n<\/section>\n<p>[\/vc_column_text][vc_empty_space][\/vc_column_inner][vc_column_inner width=\u00bb1\/6&#8243;][vc_empty_space height=\u00bb1px\u00bb][\/vc_column_inner][\/vc_row_inner][\/vc_column][\/vc_row][vc_row full_width=\u00bbstretch_row\u00bb css=\u00bb.vc_custom_1616668941184{padding-bottom: 50px !important;}\u00bb][vc_column][vc_empty_space][\/vc_column][\/vc_row]<\/p>","protected":false},"excerpt":{"rendered":"<p>[vc_row full_width=\u00bbstretch_row_content_no_spaces\u00bb css=\u00bb.vc_custom_1617011250820{margin-top: 0px !important;margin-right: 0px !important;margin-bottom: 0px !important;margin-left: 0px !important;border-top-width: 0px !important;border-right-width: 0px !important;border-bottom-width: 0px !important;border-left-width: 0px !important;padding-top: 0px !important;padding-right: 0px !important;padding-bottom: 0px !important;padding-left: 0px !important;background-image: url(https:\/\/zunibal.com\/wp-content\/uploads\/2021\/03\/cab-proyectos.jpg?id=846) !important;background-position: center !important;background-repeat: no-repeat !important;background-size: cover !important;}\u00bb][vc_column][vc_column_text css_animation=\u00bbfadeIn\u00bb el_class=\u00bbtextoblanco\u00bb css=\u00bb.vc_custom_1742287918900{padding-top: 70px !important;padding-bottom: 50px !important;}\u00bb] Pol\u00edtica de econom\u00eda circular\u00a0 [\/vc_column_text][\/vc_column][\/vc_row][vc_row full_width=\u00bbstretch_row\u00bb][vc_column][vc_empty_space height=\u00bb50px\u00bb][vc_row_inner][vc_column_inner width=\u00bb1\/6&#8243;][vc_empty_space height=\u00bb1px\u00bb][\/vc_column_inner][vc_column_inner width=\u00bb2\/3&#8243;][vc_column_text css_animation=\u00bbfadeIn\u00bb] POL\u00cdTICA DE &hellip;<\/p>\n<p class=\"read-more\"> <a class=\"\" href=\"https:\/\/zunibal.com\/es\/politica-de-economia-circular\/\"> <span class=\"screen-reader-text\">Pol\u00edtica de Econom\u00eda Circular\u00a0<\/span> Leer m\u00e1s &raquo;<\/a><\/p>\n","protected":false},"author":1,"featured_media":0,"parent":0,"menu_order":21,"comment_status":"closed","ping_status":"closed","template":"","meta":{"site-sidebar-layout":"no-sidebar","site-content-layout":"page-builder","ast-global-header-display":"","ast-main-header-display":"","ast-hfb-above-header-display":"","ast-hfb-below-header-display":"","ast-hfb-mobile-header-display":"","site-post-title":"disabled","ast-breadcrumbs-content":"","ast-featured-img":"disabled","footer-sml-layout":"","theme-transparent-header-meta":"default","adv-header-id-meta":"","stick-header-meta":"","header-above-stick-meta":"","header-main-stick-meta":"","header-below-stick-meta":""},"_links":{"self":[{"href":"https:\/\/zunibal.com\/es\/wp-json\/wp\/v2\/pages\/27499"}],"collection":[{"href":"https:\/\/zunibal.com\/es\/wp-json\/wp\/v2\/pages"}],"about":[{"href":"https:\/\/zunibal.com\/es\/wp-json\/wp\/v2\/types\/page"}],"author":[{"embeddable":true,"href":"https:\/\/zunibal.com\/es\/wp-json\/wp\/v2\/users\/1"}],"replies":[{"embeddable":true,"href":"https:\/\/zunibal.com\/es\/wp-json\/wp\/v2\/comments?post=27499"}],"version-history":[{"count":7,"href":"https:\/\/zunibal.com\/es\/wp-json\/wp\/v2\/pages\/27499\/revisions"}],"predecessor-version":[{"id":27508,"href":"https:\/\/zunibal.com\/es\/wp-json\/wp\/v2\/pages\/27499\/revisions\/27508"}],"wp:attachment":[{"href":"https:\/\/zunibal.com\/es\/wp-json\/wp\/v2\/media?parent=27499"}],"curies":[{"name":"wp","href":"https:\/\/api.w.org\/{rel}","templated":true}]}}