{"id":621,"date":"2021-03-25T17:48:09","date_gmt":"2021-03-25T17:48:09","guid":{"rendered":"https:\/\/zunibal.com\/?page_id=621"},"modified":"2022-05-03T11:07:14","modified_gmt":"2022-05-03T11:07:14","slug":"pesca-de-atun","status":"publish","type":"page","link":"https:\/\/zunibal.com\/es\/pesca-de-atun\/","title":{"rendered":"Pesca de at\u00fan"},"content":{"rendered":"<p>[vc_row full_width=\u00bbstretch_row_content_no_spaces\u00bb content_placement=\u00bbmiddle\u00bb css=\u00bb.vc_custom_1619083572644{margin-top: 0px !important;margin-right: 0px !important;margin-bottom: 0px !important;margin-left: 0px !important;border-top-width: 0px !important;border-right-width: 0px !important;border-bottom-width: 0px !important;border-left-width: 0px !important;padding-top: 0px !important;padding-right: 0px !important;padding-bottom: 0px !important;padding-left: 0px !important;background-image: url(https:\/\/zunibal.com\/wp-content\/uploads\/2021\/04\/fi.png?id=10343) !important;background-position: center !important;background-repeat: no-repeat !important;background-size: cover !important;}\u00bb][vc_column][vc_column_text css_animation=\u00bbfadeIn\u00bb el_class=\u00bbtextoblanco\u00bb css=\u00bb.vc_custom_1631874038777{padding-top: 70px !important;padding-bottom: 50px !important;}\u00bb]<\/p>\n<h2 class=\"aparienciaH1\" style=\"text-align: center;\"><strong>\u00daltima tecnolog\u00eda <\/strong><strong>para<br \/>\nla pesca <\/strong><strong>sostenible de atunes<\/strong><\/h2>\n<p>[\/vc_column_text][\/vc_column][\/vc_row][vc_row full_width=\u00bbstretch_row\u00bb][vc_column][vc_raw_html css=\u00bb.vc_custom_1616693970919{margin-top: 0px !important;margin-bottom: 0px !important;border-top-width: 0px !important;border-bottom-width: 0px !important;padding-top: 0px !important;padding-bottom: 0px !important;}\u00bb]JTNDZGl2JTIwaWQlM0QlMjJzaWduYWxzJTIyJTNFJTBBJTIwJTIwJTNDc3BhbiUyMGNsYXNzJTNEJTIyc2lnbmFsJTIwczElMjIlM0UlM0MlMkZzcGFuJTNFJTBBJTIwJTIwJTNDc3BhbiUyMGNsYXNzJTNEJTIyc2lnbmFsJTIwczIlMjIlM0UlM0MlMkZzcGFuJTNFJTBBJTIwJTIwJTNDc3BhbiUyMGNsYXNzJTNEJTIyc2lnbmFsJTIwczMlMjIlM0UlM0MlMkZzcGFuJTNFJTBBJTIwJTIwJTNDc3BhbiUyMGNsYXNzJTNEJTIyc2lnbmFsJTIwczQlMjIlM0UlM0MlMkZzcGFuJTNFJTBBJTNDJTJGZGl2JTNFJTBB[\/vc_raw_html][vc_empty_space height=\u00bb50px\u00bb][vc_column_text css_animation=\u00bbslideInDown\u00bb el_class=\u00bbmayusculas\u00bb css=\u00bb.vc_custom_1616671240808{margin-bottom: 0px !important;border-bottom-width: 0px !important;padding-bottom: 0px !important;}\u00bb]<\/p>\n<h2 style=\"text-align: center;\">Soluciones inteligentes de software y hardware<\/h2>\n<p>[\/vc_column_text][vc_column_text css_animation=\u00bbfadeIn\u00bb el_class=\u00bbtextoazul mayusculas\u00bb css=\u00bb.vc_custom_1631874242021{margin-top: 0px !important;margin-bottom: 0px !important;border-top-width: 0px !important;border-bottom-width: 0px !important;padding-top: 0px !important;padding-bottom: 0px !important;}\u00bb]<\/p>\n<h2 class=\"aparienciaH1\" style=\"text-align: center;\"><b>L\u00edderes en sistemas de pesca de at\u00fan<\/b><\/h2>\n<p>[\/vc_column_text][vc_column_text css_animation=\u00bbslideInUp\u00bb el_class=\u00bbmayusculas\u00bb css=\u00bb.vc_custom_1616671859099{margin-top: 0px !important;margin-bottom: 0px !important;border-top-width: 0px !important;border-bottom-width: 0px !important;padding-top: 0px !important;padding-bottom: 0px !important;}\u00bb]<\/p>\n<h2 style=\"text-align: center;\">Las soluciones m\u00e1s completas con servicio t\u00e9cnico y de formaci\u00f3n<\/h2>\n<p>[\/vc_column_text][vc_empty_space height=\u00bb80px\u00bb][vc_row_inner gap=\u00bb15&#8243;][vc_column_inner width=\u00bb1\/4&#8243;][vc_single_image image=\u00bb449&#8243; img_size=\u00bb350&#215;350&#8243; alignment=\u00bbcenter\u00bb onclick=\u00bbcustom_link\u00bb css_animation=\u00bbfadeInUp\u00bb link=\u00bbhttps:\/\/zunibal.com\/pesca-de-atun\/8-tuna-extreme\/\u00bb][vc_column_text css_animation=\u00bbfadeIn\u00bb el_class=\u00bbtextoazul\u00bb]<\/p>\n<h3 style=\"text-align: left;\"><a href=\"https:\/\/zunibal.com\/pesca-de-atun\/8-tuna-extreme\/\"><strong>Tuna8 Xtreme<\/strong><\/a><\/h3>\n<p>[\/vc_column_text][vc_column_text css_animation=\u00bbfadeIn\u00bb]<\/p>\n<p style=\"text-align: justify;\">Boya satelital para la pesca de at\u00fan, con capacidad de sondaje 3 veces mayor que el modelo Tuna8 anterior: 4.320 sondajes diarios, uno cada 20 segundos.<\/p>\n<p>[\/vc_column_text][vc_empty_space][vc_btn title=\u00bbVer detalles\u00bb style=\u00bbflat\u00bb shape=\u00bbround\u00bb color=\u00bbblue\u00bb align=\u00bbleft\u00bb css_animation=\u00bbfadeInUp\u00bb el_class=\u00bbmayusculas\u00bb link=\u00bburl:https%3A%2F%2Fzunibal.com%2Fpesca-de-atun%2F8-tuna-extreme%2F|title:Boya%20Tuna8%20Extreme\u00bb][vc_empty_space][\/vc_column_inner][vc_column_inner width=\u00bb1\/4&#8243;][vc_single_image image=\u00bb447&#8243; img_size=\u00bb350&#215;350&#8243; alignment=\u00bbcenter\u00bb onclick=\u00bbcustom_link\u00bb css_animation=\u00bbfadeInLeft\u00bb link=\u00bbhttps:\/\/zunibal.com\/pesca-de-atun\/boya-tuna8-explorer\/\u00bb][vc_column_text css_animation=\u00bbfadeIn\u00bb el_class=\u00bbtextoazul\u00bb]<\/p>\n<h3 style=\"text-align: left;\"><a href=\"https:\/\/zunibal.com\/pesca-de-atun\/boya-tuna8-explorer\/\"><strong>Tuna8 Explorer<\/strong><\/a><\/h3>\n<p>[\/vc_column_text][vc_column_text css_animation=\u00bbfadeIn\u00bb]Boya satelital para la pesca de at\u00fan, 1.440 sondas al d\u00eda (una por minuto) y 24 sondas autom\u00e1ticas diarias con eco-integraci\u00f3n (60 sondajes\/hora).[\/vc_column_text][vc_empty_space][vc_btn title=\u00bbVer detalles\u00bb style=\u00bbflat\u00bb shape=\u00bbround\u00bb color=\u00bbblue\u00bb align=\u00bbleft\u00bb css_animation=\u00bbfadeInUp\u00bb el_class=\u00bbmayusculas\u00bb link=\u00bburl:https%3A%2F%2Fzunibal.com%2Fpesca-de-atun%2Fboya-tuna8-explorer%2F\u00bb][vc_empty_space][\/vc_column_inner][vc_column_inner width=\u00bb1\/4&#8243;][vc_single_image image=\u00bb629&#8243; img_size=\u00bb350&#215;350&#8243; alignment=\u00bbcenter\u00bb onclick=\u00bbcustom_link\u00bb css_animation=\u00bbfadeInUp\u00bb link=\u00bbhttps:\/\/zunibal.com\/pesca-de-atun\/zunfloat\/\u00bb][vc_column_text css_animation=\u00bbfadeIn\u00bb el_class=\u00bbtextoazul\u00bb]<\/p>\n<h3 style=\"text-align: left;\"><a href=\"https:\/\/zunibal.com\/pesca-de-atun\/zunfloat\/\"><strong>Zunfloat<\/strong><\/a><\/h3>\n<p>[\/vc_column_text][vc_column_text css_animation=\u00bbfadeIn\u00bb]Plataforma flotante para la pesca sostenible de at\u00fan. Producto reutilizable que permite al atunero un gran ahorro. Dispone de sello de Ecodise\u00f1o.[\/vc_column_text][vc_empty_space][vc_btn title=\u00bbVer detalles\u00bb style=\u00bbflat\u00bb shape=\u00bbround\u00bb color=\u00bbblue\u00bb css_animation=\u00bbfadeInUp\u00bb el_class=\u00bbmayusculas\u00bb link=\u00bburl:https%3A%2F%2Fzunibal.com%2Fpesca-de-atun%2Fzunfloat%2F|title:Zunfloat\u00bb][vc_empty_space][\/vc_column_inner][vc_column_inner width=\u00bb1\/4&#8243;][vc_single_image image=\u00bb10931&#8243; img_size=\u00bb350&#215;350&#8243; alignment=\u00bbcenter\u00bb onclick=\u00bbcustom_link\u00bb css_animation=\u00bbfadeInLeft\u00bb link=\u00bbhttps:\/\/zunibal.com\/pesca-de-atun\/mapas-fortunacharts\/\u00bb][vc_column_text css_animation=\u00bbfadeIn\u00bb el_class=\u00bbtextoazul\u00bb]<\/p>\n<h3 style=\"text-align: left;\"><a href=\"https:\/\/zunibal.com\/pesca-de-atun\/mapas-fortunacharts\/\"><strong>Fortunacharts<\/strong><\/a><\/h3>\n<p>[\/vc_column_text][vc_column_text css_animation=\u00bbfadeIn\u00bb]Mapas Fortunacharts para facilitar la pesca del at\u00fan: temperatura, plancton, salinidad, altimetr\u00eda, HotTunaPoints y datos oceanogr\u00e1ficos.[\/vc_column_text][vc_empty_space][vc_btn title=\u00bbVer detalles\u00bb style=\u00bbflat\u00bb shape=\u00bbround\u00bb color=\u00bbblue\u00bb css_animation=\u00bbfadeInUp\u00bb el_class=\u00bbmayusculas\u00bb link=\u00bburl:https%3A%2F%2Fzunibal.com%2Fpesca-de-atun%2Fmapas-fortunacharts%2F|title:Mapas%20Fortunacharts\u00bb][vc_empty_space][\/vc_column_inner][\/vc_row_inner][\/vc_column][\/vc_row][vc_row full_width=\u00bbstretch_row\u00bb gap=\u00bb15&#8243; css=\u00bb.vc_custom_1616751656271{padding-bottom: 50px !important;}\u00bb][vc_column width=\u00bb1\/4&#8243;][vc_single_image image=\u00bb1498&#8243; img_size=\u00bb350&#215;350&#8243; alignment=\u00bbcenter\u00bb onclick=\u00bbcustom_link\u00bb css_animation=\u00bbfadeInUp\u00bb link=\u00bbhttps:\/\/zunibal.com\/pesca-de-atun\/zunisea-controller\/\u00bb][vc_column_text css_animation=\u00bbfadeIn\u00bb el_class=\u00bbtextoazul\u00bb]<\/p>\n<h3 style=\"text-align: left;\"><a href=\"https:\/\/zunibal.com\/pesca-de-atun\/zunisea-controller\/\"><strong>ZuniSea Controller<\/strong><\/a><\/h3>\n<p>[\/vc_column_text][vc_column_text css_animation=\u00bbfadeIn\u00bb]Herramienta de gesti\u00f3n integral para la pesca del at\u00fan. Equipo aut\u00f3nomo que ofrece un control total de las boyas y de las herramientas de pesca.[\/vc_column_text][vc_empty_space][vc_btn title=\u00bbVer detalles\u00bb style=\u00bbflat\u00bb shape=\u00bbround\u00bb color=\u00bbblue\u00bb align=\u00bbleft\u00bb css_animation=\u00bbfadeInUp\u00bb el_class=\u00bbmayusculas\u00bb link=\u00bburl:https%3A%2F%2Fzunibal.com%2Fpesca-de-atun%2Fzunisea-controller%2F|title:ZuniSea%20Controller\u00bb][vc_empty_space][\/vc_column][vc_column width=\u00bb1\/4&#8243;][vc_single_image image=\u00bb451&#8243; img_size=\u00bb350&#215;350&#8243; alignment=\u00bbcenter\u00bb onclick=\u00bbcustom_link\u00bb css_animation=\u00bbfadeInLeft\u00bb link=\u00bbhttps:\/\/zunibal.com\/pesca-de-atun\/zunisea-office\/\u00bb][vc_column_text css_animation=\u00bbfadeIn\u00bb el_class=\u00bbtextoazul\u00bb]<\/p>\n<h3 style=\"text-align: left;\"><a href=\"https:\/\/zunibal.com\/pesca-de-atun\/zunisea-office\/\"><strong>ZuniSea Office<\/strong><\/a><\/h3>\n<p>[\/vc_column_text][vc_column_text css_animation=\u00bbfadeIn\u00bb]Equipo dise\u00f1ado para las oficinas, ofrece una gesti\u00f3n integral para la pesca del at\u00fan. Comparte la misma interface que el Zunisea Vessel.[\/vc_column_text][vc_empty_space][vc_btn title=\u00bbVer detalles\u00bb style=\u00bbflat\u00bb shape=\u00bbround\u00bb color=\u00bbblue\u00bb align=\u00bbleft\u00bb css_animation=\u00bbfadeInUp\u00bb el_class=\u00bbmayusculas\u00bb link=\u00bburl:https%3A%2F%2Fzunibal.com%2Fpesca-de-atun%2Fzunisea-office%2F|title:ZuniSea%20Office\u00bb][vc_empty_space][\/vc_column][vc_column width=\u00bb1\/4&#8243;][vc_single_image image=\u00bb627&#8243; img_size=\u00bb350&#215;350&#8243; alignment=\u00bbcenter\u00bb onclick=\u00bbcustom_link\u00bb css_animation=\u00bbfadeInUp\u00bb link=\u00bbhttps:\/\/zunibal.com\/pesca-de-atun\/cartas-raster\/\u00bb][vc_column_text css_animation=\u00bbfadeIn\u00bb el_class=\u00bbtextoazul\u00bb]<\/p>\n<h3 style=\"text-align: left;\"><a href=\"https:\/\/zunibal.com\/pesca-de-atun\/cartas-raster\/\"><strong>Cartas Raster<\/strong><\/a><\/h3>\n<p>[\/vc_column_text][vc_column_text css_animation=\u00bbfadeIn\u00bb]\u00danica cartograf\u00eda homologada para la navegaci\u00f3n. Este servicio es un complemento pr\u00e1ctico que facilita la navegaci\u00f3n y la pesca.[\/vc_column_text][vc_empty_space][vc_btn title=\u00bbVer detalles\u00bb style=\u00bbflat\u00bb shape=\u00bbround\u00bb color=\u00bbblue\u00bb align=\u00bbleft\u00bb css_animation=\u00bbfadeInUp\u00bb el_class=\u00bbmayusculas\u00bb link=\u00bburl:https%3A%2F%2Fzunibal.com%2Fpesca-de-atun%2Fcartas-raster%2F|title:Cartas%20Raster\u00bb][vc_empty_space][\/vc_column][vc_column width=\u00bb1\/4&#8243;][vc_single_image image=\u00bb193&#8243; img_size=\u00bb350&#215;350&#8243; alignment=\u00bbcenter\u00bb onclick=\u00bbcustom_link\u00bb css_animation=\u00bbfadeInLeft\u00bb link=\u00bbhttps:\/\/zunibal.com\/pesca-de-atun\/boya-zuni-e7\/\u00bb][vc_column_text css_animation=\u00bbfadeIn\u00bb el_class=\u00bbtextoazul\u00bb]<\/p>\n<h3 style=\"text-align: left;\"><a href=\"https:\/\/zunibal.com\/pesca-de-atun\/boya-zuni-e7\/\"><strong>Boya Zuni E7<\/strong><\/a><\/h3>\n<p>[\/vc_column_text][vc_column_text css_animation=\u00bbfadeIn\u00bb]Boya satelital de posici\u00f3n y seguimiento para una pesca de at\u00fan eficiente y sostenible, localizaci\u00f3n del objeto r\u00e1pida y fiable.[\/vc_column_text][vc_empty_space][vc_btn title=\u00bbVer detalles\u00bb style=\u00bbflat\u00bb shape=\u00bbround\u00bb color=\u00bbblue\u00bb align=\u00bbleft\u00bb css_animation=\u00bbfadeInUp\u00bb el_class=\u00bbmayusculas\u00bb link=\u00bburl:https%3A%2F%2Fzunibal.com%2Fpesca-de-atun%2Fboya-zuni-e7%2F|title:Boya%20Zuni%20e7&#8243;][vc_empty_space][\/vc_column][\/vc_row][vc_row][vc_column][vc_column_text][\/vc_column_text][\/vc_column][\/vc_row]<\/p>","protected":false},"excerpt":{"rendered":"<p>[vc_row full_width=\u00bbstretch_row_content_no_spaces\u00bb content_placement=\u00bbmiddle\u00bb css=\u00bb.vc_custom_1619083572644{margin-top: 0px !important;margin-right: 0px !important;margin-bottom: 0px !important;margin-left: 0px !important;border-top-width: 0px !important;border-right-width: 0px !important;border-bottom-width: 0px !important;border-left-width: 0px !important;padding-top: 0px !important;padding-right: 0px !important;padding-bottom: 0px !important;padding-left: 0px !important;background-image: url(https:\/\/zunibal.com\/wp-content\/uploads\/2021\/04\/fi.png?id=10343) !important;background-position: center !important;background-repeat: no-repeat !important;background-size: cover !important;}\u00bb][vc_column][vc_column_text css_animation=\u00bbfadeIn\u00bb el_class=\u00bbtextoblanco\u00bb css=\u00bb.vc_custom_1631874038777{padding-top: 70px !important;padding-bottom: 50px !important;}\u00bb] \u00daltima tecnolog\u00eda para la pesca sostenible de atunes [\/vc_column_text][\/vc_column][\/vc_row][vc_row full_width=\u00bbstretch_row\u00bb][vc_column][vc_raw_html css=\u00bb.vc_custom_1616693970919{margin-top: 0px &hellip;<\/p>\n<p class=\"read-more\"> <a class=\"\" href=\"https:\/\/zunibal.com\/es\/pesca-de-atun\/\"> <span class=\"screen-reader-text\">Pesca de at\u00fan<\/span> Leer m\u00e1s &raquo;<\/a><\/p>\n","protected":false},"author":1,"featured_media":0,"parent":0,"menu_order":3,"comment_status":"closed","ping_status":"closed","template":"","meta":{"site-sidebar-layout":"no-sidebar","site-content-layout":"plain-container","ast-global-header-display":"","ast-main-header-display":"","ast-hfb-above-header-display":"","ast-hfb-below-header-display":"","ast-hfb-mobile-header-display":"","site-post-title":"disabled","ast-breadcrumbs-content":"","ast-featured-img":"disabled","footer-sml-layout":"","theme-transparent-header-meta":"default","adv-header-id-meta":"","stick-header-meta":"","header-above-stick-meta":"","header-main-stick-meta":"","header-below-stick-meta":""},"_links":{"self":[{"href":"https:\/\/zunibal.com\/es\/wp-json\/wp\/v2\/pages\/621"}],"collection":[{"href":"https:\/\/zunibal.com\/es\/wp-json\/wp\/v2\/pages"}],"about":[{"href":"https:\/\/zunibal.com\/es\/wp-json\/wp\/v2\/types\/page"}],"author":[{"embeddable":true,"href":"https:\/\/zunibal.com\/es\/wp-json\/wp\/v2\/users\/1"}],"replies":[{"embeddable":true,"href":"https:\/\/zunibal.com\/es\/wp-json\/wp\/v2\/comments?post=621"}],"version-history":[{"count":7,"href":"https:\/\/zunibal.com\/es\/wp-json\/wp\/v2\/pages\/621\/revisions"}],"predecessor-version":[{"id":12437,"href":"https:\/\/zunibal.com\/es\/wp-json\/wp\/v2\/pages\/621\/revisions\/12437"}],"wp:attachment":[{"href":"https:\/\/zunibal.com\/es\/wp-json\/wp\/v2\/media?parent=621"}],"curies":[{"name":"wp","href":"https:\/\/api.w.org\/{rel}","templated":true}]}}