{"id":674,"date":"2021-03-26T10:29:32","date_gmt":"2021-03-26T10:29:32","guid":{"rendered":"https:\/\/zunibal.com\/?page_id=674"},"modified":"2023-01-24T09:25:15","modified_gmt":"2023-01-24T09:25:15","slug":"localizacion-y-monitoreo","status":"publish","type":"page","link":"https:\/\/zunibal.com\/es\/localizacion-y-monitoreo\/","title":{"rendered":"Localizaci\u00f3n y Monitoreo"},"content":{"rendered":"<p>[vc_row full_width=\u00bbstretch_row_content_no_spaces\u00bb css=\u00bb.vc_custom_1616669224045{margin-top: 0px !important;margin-right: 0px !important;margin-bottom: 0px !important;margin-left: 0px !important;border-top-width: 0px !important;border-right-width: 0px !important;border-bottom-width: 0px !important;border-left-width: 0px !important;padding-top: 0px !important;padding-right: 0px !important;padding-bottom: 0px !important;padding-left: 0px !important;background-image: url(https:\/\/zunibal.com\/wp-content\/uploads\/2021\/03\/cropped-susteinibility.jpg?id=422) !important;background-position: center !important;background-repeat: no-repeat !important;background-size: cover !important;}\u00bb][vc_column][vc_column_text css_animation=\u00bbfadeIn\u00bb el_class=\u00bbtextoblanco\u00bb css=\u00bb.vc_custom_1632122791345{padding-top: 70px !important;padding-bottom: 50px !important;}\u00bb]<\/p>\n<h2 class=\"aparienciaH1\" style=\"text-align: center;\"><strong>Localizaci\u00f3n y Monitoreo<\/strong><\/h2>\n<p>[\/vc_column_text][\/vc_column][\/vc_row][vc_row full_width=\u00bbstretch_row\u00bb][vc_column][vc_raw_html css=\u00bb.vc_custom_1616694209462{margin-top: 0px !important;margin-right: 0px !important;margin-bottom: 0px !important;margin-left: 0px !important;border-top-width: 0px !important;border-right-width: 0px !important;border-bottom-width: 0px !important;border-left-width: 0px !important;padding-top: 0px !important;padding-right: 0px !important;padding-bottom: 0px !important;padding-left: 0px !important;}\u00bb]JTNDZGl2JTIwaWQlM0QlMjJzaWduYWxzJTIyJTNFJTBBJTIwJTIwJTNDc3BhbiUyMGNsYXNzJTNEJTIyc2lnbmFsJTIwczElMjIlM0UlM0MlMkZzcGFuJTNFJTBBJTIwJTIwJTNDc3BhbiUyMGNsYXNzJTNEJTIyc2lnbmFsJTIwczIlMjIlM0UlM0MlMkZzcGFuJTNFJTBBJTIwJTIwJTNDc3BhbiUyMGNsYXNzJTNEJTIyc2lnbmFsJTIwczMlMjIlM0UlM0MlMkZzcGFuJTNFJTBBJTIwJTIwJTNDc3BhbiUyMGNsYXNzJTNEJTIyc2lnbmFsJTIwczQlMjIlM0UlM0MlMkZzcGFuJTNFJTBBJTNDJTJGZGl2JTNF[\/vc_raw_html][vc_empty_space height=\u00bb50px\u00bb][vc_column_text css_animation=\u00bbslideInDown\u00bb el_class=\u00bbmayusculas\u00bb css=\u00bb.vc_custom_1616754552400{margin-bottom: 0px !important;border-bottom-width: 0px !important;padding-bottom: 0px !important;}\u00bb]<\/p>\n<h2 style=\"text-align: center;\">Monitoriza la geolocalizaci\u00f3n<br \/>\nen tiempo real<\/h2>\n<p>[\/vc_column_text][vc_column_text css_animation=\u00bbfadeIn\u00bb el_class=\u00bbtextoazul mayusculas\u00bb css=\u00bb.vc_custom_1632122970842{margin-top: 0px !important;border-top-width: 0px !important;padding-top: 0px !important;}\u00bb]<\/p>\n<h2 class=\"aparienciaH1\" style=\"text-align: center;\"><b>Un paso por delante<\/b><\/h2>\n<p>[\/vc_column_text][vc_row_inner css=\u00bb.vc_custom_1619078500515{margin-top: 0px !important;padding-top: 0px !important;}\u00bb][vc_column_inner width=\u00bb1\/4&#8243;][vc_empty_space height=\u00bb1 px\u00bb][\/vc_column_inner][vc_column_inner width=\u00bb1\/2&#8243;][vc_column_text css_animation=\u00bbfadeIn\u00bb css=\u00bb.vc_custom_1619078527954{padding-top: 20px !important;padding-bottom: 50px !important;}\u00bb]<\/p>\n<p style=\"text-align: center;\">Mejores soluciones de rastreo y localizaci\u00f3n de barcos. Tecnolog\u00eda de control y seguimiento de buques v\u00eda sat\u00e9lite, desarrollada por<br \/>\nnuestro equipo de ingenieros.<\/p>\n<p>[\/vc_column_text][\/vc_column_inner][vc_column_inner width=\u00bb1\/4&#8243;][vc_empty_space height=\u00bb1 px\u00bb][\/vc_column_inner][\/vc_row_inner][vc_row_inner][vc_column_inner width=\u00bb1\/2&#8243;][vc_single_image image=\u00bb685&#8243; img_size=\u00bb350&#215;350&#8243; alignment=\u00bbcenter\u00bb onclick=\u00bbcustom_link\u00bb css_animation=\u00bbfadeInLeft\u00bb link=\u00bbhttps:\/\/zunibal.com\/monitoreo\/antena-zuntracker\/\u00bb][vc_empty_space][\/vc_column_inner][vc_column_inner width=\u00bb1\/2&#8243;][vc_column_text css_animation=\u00bbfadeIn\u00bb el_class=\u00bbtextoazul\u00bb]<\/p>\n<h3 style=\"text-align: left;\"><a href=\"https:\/\/zunibal.com\/monitoreo\/antena-zuntracker\/\"><strong>Antena Zuntracker<\/strong><\/a><\/h3>\n<p>[\/vc_column_text][vc_column_text css_animation=\u00bbfadeIn\u00bb]Antena pasiva omnidireccional para el control y seguimiento de barcos. Construcci\u00f3n robusta y marinizada, de f\u00e1cil instalaci\u00f3n y libre de mantenimiento.[\/vc_column_text][vc_empty_space][vc_btn title=\u00bbVer detalles\u00bb style=\u00bbflat\u00bb shape=\u00bbround\u00bb color=\u00bbblue\u00bb align=\u00bbleft\u00bb css_animation=\u00bbfadeInUp\u00bb el_class=\u00bbmayusculas\u00bb link=\u00bburl:https%3A%2F%2Fzunibal.com%2Fmonitoreo%2Fantena-zuntracker%2F|title:Antena%20Zuntracker\u00bb][vc_empty_space][\/vc_column_inner][\/vc_row_inner][\/vc_column][\/vc_row][vc_row full_width=\u00bbstretch_row\u00bb css=\u00bb.vc_custom_1616668941184{padding-bottom: 50px !important;}\u00bb][vc_column width=\u00bb1\/2&#8243;][vc_column_text css_animation=\u00bbfadeIn\u00bb el_class=\u00bbtextoazul\u00bb]<\/p>\n<h3 style=\"text-align: left;\"><a href=\"https:\/\/zunibal.com\/monitoreo\/caja-azul-v77\/\"><strong>Caja Azul V77<\/strong><\/a><\/h3>\n<p>[\/vc_column_text][vc_column_text css_animation=\u00bbfadeIn\u00bb]Equipo para localizaci\u00f3n de buques pesqueros v\u00eda sat\u00e9lite, que cumple con la normativa ARM\/3238\/2008 del Ministerio de Pesca.[\/vc_column_text][vc_btn title=\u00bbVer detalles\u00bb style=\u00bbflat\u00bb shape=\u00bbround\u00bb color=\u00bbblue\u00bb align=\u00bbleft\u00bb css_animation=\u00bbfadeInUp\u00bb el_class=\u00bbmayusculas\u00bb link=\u00bburl:https%3A%2F%2Fzunibal.com%2Fmonitoreo%2Fcaja-azul-v77%2F|title:Caja%20Azul%20V77&#8243;][vc_empty_space][\/vc_column][vc_column width=\u00bb1\/2&#8243;][vc_single_image image=\u00bb683&#8243; img_size=\u00bb350&#215;350&#8243; alignment=\u00bbcenter\u00bb onclick=\u00bbcustom_link\u00bb css_animation=\u00bbfadeInRight\u00bb link=\u00bbhttps:\/\/zunibal.com\/monitoreo\/caja-azul-v77\/\u00bb][vc_empty_space][\/vc_column][\/vc_row][vc_row full_width=\u00bbstretch_row\u00bb css=\u00bb.vc_custom_1616668941184{padding-bottom: 50px !important;}\u00bb][vc_column width=\u00bb1\/2&#8243;][vc_single_image image=\u00bb1157&#8243; img_size=\u00bb350&#215;350&#8243; alignment=\u00bbcenter\u00bb onclick=\u00bbcustom_link\u00bb css_animation=\u00bbfadeInLeft\u00bb link=\u00bbhttps:\/\/zunibal.com\/monitoreo\/boya-de-monitoreo\/\u00bb][vc_empty_space][\/vc_column][vc_column width=\u00bb1\/2&#8243;][vc_column_text css_animation=\u00bbfadeIn\u00bb el_class=\u00bbtextoazul\u00bb]<\/p>\n<h3 style=\"text-align: left;\"><a href=\"https:\/\/zunibal.com\/monitoreo\/boya-de-monitoreo\/\"><strong>Boya de monitoreo<\/strong><\/a><\/h3>\n<p>[\/vc_column_text][vc_column_text css_animation=\u00bbfadeIn\u00bb]Boya de monitoreo para visualizar la posici\u00f3n en tiempo real de los barcos que la lleven a bordo. Para embarcaciones de cualquier tama\u00f1o y de f\u00e1cil integraci\u00f3n.[\/vc_column_text][vc_btn title=\u00bbVer detalles\u00bb style=\u00bbflat\u00bb shape=\u00bbround\u00bb color=\u00bbblue\u00bb align=\u00bbleft\u00bb css_animation=\u00bbfadeInUp\u00bb el_class=\u00bbmayusculas\u00bb link=\u00bburl:https%3A%2F%2Fzunibal.com%2Fmonitoreo%2Fboya-de-monitoreo%2F|title:Boya%20de%20Monitoreo\u00bb][vc_empty_space][\/vc_column][\/vc_row][vc_row full_width=\u00bbstretch_row\u00bb css=\u00bb.vc_custom_1616668941184{padding-bottom: 50px !important;}\u00bb][vc_column width=\u00bb1\/2&#8243; offset=\u00bbvc_hidden-lg vc_hidden-md vc_hidden-sm vc_hidden-xs\u00bb][vc_column_text css_animation=\u00bbfadeIn\u00bb el_class=\u00bbtextoazul\u00bb]<\/p>\n<h3 style=\"text-align: left;\"><a href=\"https:\/\/zunibal.com\/monitoreo\/vessel-tracer-ivms\/\"><strong>Vessel Tracer iVMS<\/strong><\/a><\/h3>\n<p>[\/vc_column_text][vc_column_text css_animation=\u00bbfadeIn\u00bb]Dispositivo de monitoreo dise\u00f1ado para embarcaciones de pesca artesanal. De f\u00e1cil integraci\u00f3n. Transmite la posici\u00f3n mediante redes de telefon\u00eda m\u00f3vil.[\/vc_column_text][vc_btn title=\u00bbVer detalles\u00bb style=\u00bbflat\u00bb shape=\u00bbround\u00bb color=\u00bbblue\u00bb align=\u00bbleft\u00bb css_animation=\u00bbfadeInUp\u00bb el_class=\u00bbmayusculas\u00bb link=\u00bburl:https%3A%2F%2Fzunibal.com%2Fmonitoreo%2Fvessel-tracer-ivms%2F|title:Vessel%20Tracer%20iVMS\u00bb][vc_empty_space][\/vc_column][vc_column width=\u00bb1\/2&#8243; offset=\u00bbvc_hidden-lg vc_hidden-md vc_hidden-sm vc_hidden-xs\u00bb][vc_single_image image=\u00bb686&#8243; img_size=\u00bb350&#215;350&#8243; alignment=\u00bbcenter\u00bb onclick=\u00bbcustom_link\u00bb css_animation=\u00bbfadeInRight\u00bb link=\u00bbhttps:\/\/zunibal.com\/monitoreo\/vessel-tracer-ivms\/\u00bb][vc_empty_space][\/vc_column][\/vc_row][vc_row full_width=\u00bbstretch_row\u00bb css=\u00bb.vc_custom_1616668941184{padding-bottom: 50px !important;}\u00bb][vc_column width=\u00bb1\/2&#8243; offset=\u00bbvc_hidden-lg vc_hidden-md vc_hidden-sm vc_hidden-xs\u00bb][vc_single_image image=\u00bb680&#8243; img_size=\u00bb350&#215;350&#8243; alignment=\u00bbcenter\u00bb onclick=\u00bbcustom_link\u00bb css_animation=\u00bbfadeInLeft\u00bb link=\u00bbhttps:\/\/zunibal.com\/monitoreo\/vessel-tracer-solar-ivms\/\u00bb][vc_empty_space][\/vc_column][vc_column width=\u00bb1\/2&#8243; offset=\u00bbvc_hidden-lg vc_hidden-md vc_hidden-sm vc_hidden-xs\u00bb][vc_column_text css_animation=\u00bbfadeIn\u00bb el_class=\u00bbtextoazul\u00bb]<\/p>\n<h3 style=\"text-align: left;\"><a href=\"https:\/\/zunibal.com\/monitoreo\/vessel-tracer-solar-ivms\/\"><strong>Vessel Tracer Solar iVMS<\/strong><\/a><\/h3>\n<p>[\/vc_column_text][vc_column_text css_animation=\u00bbfadeIn\u00bb]Dispositivo de monitoreo de carga solar dise\u00f1ado para embarcaciones de pesca artesanal. De f\u00e1cil integraci\u00f3n. Transmite la posici\u00f3n mediante redes de telefon\u00eda m\u00f3vil.[\/vc_column_text][vc_btn title=\u00bbVer detalles\u00bb style=\u00bbflat\u00bb shape=\u00bbround\u00bb color=\u00bbblue\u00bb align=\u00bbleft\u00bb css_animation=\u00bbfadeInUp\u00bb el_class=\u00bbmayusculas\u00bb link=\u00bburl:https%3A%2F%2Fzunibal.com%2Fmonitoreo%2Fvessel-tracer-solar-ivms%2F|title:Vessel%20Tracer%20Solar%20iVMS\u00bb][vc_empty_space][\/vc_column][\/vc_row]<\/p>","protected":false},"excerpt":{"rendered":"<p>[vc_row full_width=\u00bbstretch_row_content_no_spaces\u00bb css=\u00bb.vc_custom_1616669224045{margin-top: 0px !important;margin-right: 0px !important;margin-bottom: 0px !important;margin-left: 0px !important;border-top-width: 0px !important;border-right-width: 0px !important;border-bottom-width: 0px !important;border-left-width: 0px !important;padding-top: 0px !important;padding-right: 0px !important;padding-bottom: 0px !important;padding-left: 0px !important;background-image: url(https:\/\/zunibal.com\/wp-content\/uploads\/2021\/03\/cropped-susteinibility.jpg?id=422) !important;background-position: center !important;background-repeat: no-repeat !important;background-size: cover !important;}\u00bb][vc_column][vc_column_text css_animation=\u00bbfadeIn\u00bb el_class=\u00bbtextoblanco\u00bb css=\u00bb.vc_custom_1632122791345{padding-top: 70px !important;padding-bottom: 50px !important;}\u00bb] Localizaci\u00f3n y Monitoreo [\/vc_column_text][\/vc_column][\/vc_row][vc_row full_width=\u00bbstretch_row\u00bb][vc_column][vc_raw_html css=\u00bb.vc_custom_1616694209462{margin-top: 0px !important;margin-right: 0px !important;margin-bottom: 0px !important;margin-left: 0px &hellip;<\/p>\n<p class=\"read-more\"> <a class=\"\" href=\"https:\/\/zunibal.com\/es\/localizacion-y-monitoreo\/\"> <span class=\"screen-reader-text\">Localizaci\u00f3n y Monitoreo<\/span> Leer m\u00e1s &raquo;<\/a><\/p>\n","protected":false},"author":1,"featured_media":0,"parent":0,"menu_order":5,"comment_status":"closed","ping_status":"closed","template":"","meta":{"site-sidebar-layout":"no-sidebar","site-content-layout":"plain-container","ast-global-header-display":"","ast-main-header-display":"","ast-hfb-above-header-display":"","ast-hfb-below-header-display":"","ast-hfb-mobile-header-display":"","site-post-title":"disabled","ast-breadcrumbs-content":"","ast-featured-img":"disabled","footer-sml-layout":"","theme-transparent-header-meta":"default","adv-header-id-meta":"","stick-header-meta":"","header-above-stick-meta":"","header-main-stick-meta":"","header-below-stick-meta":""},"_links":{"self":[{"href":"https:\/\/zunibal.com\/es\/wp-json\/wp\/v2\/pages\/674"}],"collection":[{"href":"https:\/\/zunibal.com\/es\/wp-json\/wp\/v2\/pages"}],"about":[{"href":"https:\/\/zunibal.com\/es\/wp-json\/wp\/v2\/types\/page"}],"author":[{"embeddable":true,"href":"https:\/\/zunibal.com\/es\/wp-json\/wp\/v2\/users\/1"}],"replies":[{"embeddable":true,"href":"https:\/\/zunibal.com\/es\/wp-json\/wp\/v2\/comments?post=674"}],"version-history":[{"count":7,"href":"https:\/\/zunibal.com\/es\/wp-json\/wp\/v2\/pages\/674\/revisions"}],"predecessor-version":[{"id":13952,"href":"https:\/\/zunibal.com\/es\/wp-json\/wp\/v2\/pages\/674\/revisions\/13952"}],"wp:attachment":[{"href":"https:\/\/zunibal.com\/es\/wp-json\/wp\/v2\/media?parent=674"}],"curies":[{"name":"wp","href":"https:\/\/api.w.org\/{rel}","templated":true}]}}