{"id":845,"date":"2021-03-29T09:52:20","date_gmt":"2021-03-29T09:52:20","guid":{"rendered":"https:\/\/zunibal.com\/?page_id=845"},"modified":"2021-09-20T07:44:38","modified_gmt":"2021-09-20T07:44:38","slug":"proyecto-byefouling","status":"publish","type":"page","link":"https:\/\/zunibal.com\/es\/byefouling\/","title":{"rendered":"Proyecto Byefouling"},"content":{"rendered":"<p>[vc_row full_width=\u00bbstretch_row_content_no_spaces\u00bb css=\u00bb.vc_custom_1617011250820{margin-top: 0px !important;margin-right: 0px !important;margin-bottom: 0px !important;margin-left: 0px !important;border-top-width: 0px !important;border-right-width: 0px !important;border-bottom-width: 0px !important;border-left-width: 0px !important;padding-top: 0px !important;padding-right: 0px !important;padding-bottom: 0px !important;padding-left: 0px !important;background-image: url(https:\/\/zunibal.com\/wp-content\/uploads\/2021\/03\/cab-proyectos.jpg?id=846) !important;background-position: center !important;background-repeat: no-repeat !important;background-size: cover !important;}\u00bb][vc_column][vc_column_text css_animation=\u00bbfadeIn\u00bb el_class=\u00bbtextoblanco\u00bb css=\u00bb.vc_custom_1632123866969{padding-top: 90px !important;padding-bottom: 60px !important;}\u00bb]<\/p>\n<h2 class=\"aparienciaH1\" style=\"text-align: center;\"><strong>Proyectos<\/strong><\/h2>\n<p>[\/vc_column_text][\/vc_column][\/vc_row][vc_row full_width=\u00bbstretch_row\u00bb][vc_column][vc_empty_space height=\u00bb50px\u00bb][vc_column_text css_animation=\u00bbslideInDown\u00bb el_class=\u00bbmayusculas\u00bb css=\u00bb.vc_custom_1617182994182{margin-bottom: 0px !important;border-bottom-width: 0px !important;padding-bottom: 0px !important;}\u00bb]<\/p>\n<h2 style=\"text-align: center;\">Dise\u00f1o, desarrollo y mejora de nuevos recubrimientos antiincrustantes respetuosos con el medio ambiente<\/h2>\n<p>[\/vc_column_text][vc_column_text css_animation=\u00bbfadeIn\u00bb el_class=\u00bbtextoazul mayusculas\u00bb css=\u00bb.vc_custom_1632123879834{margin-top: 0px !important;border-top-width: 0px !important;padding-top: 20px !important;}\u00bb]<\/p>\n<h2 class=\"aparienciaH1\" style=\"text-align: center;\"><b>Byefouling<\/b><\/h2>\n<p>[\/vc_column_text][vc_row_inner][vc_column_inner width=\u00bb1\/6&#8243;][vc_empty_space height=\u00bb1px\u00bb][\/vc_column_inner][vc_column_inner width=\u00bb2\/3&#8243;][vc_column_text css_animation=\u00bbfadeIn\u00bb]<\/p>\n<p style=\"text-align: justify;\">El <strong>objetivo principal<\/strong> del proyecto <strong>BYEFOULING<\/strong>, apoyado en el marco del Oc\u00e9ano del Ma\u00f1ana por la Comisi\u00f3n Europea, es <strong>dise\u00f1ar, desarrollar y mejorar nuevos recubrimientos antiincrustantes respetuosos con el medio ambiente,<\/strong> poco t\u00f3xicos con un rendimiento mejorado en comparaci\u00f3n con los productos actualmente disponibles.<\/p>\n<p>[\/vc_column_text][vc_empty_space][\/vc_column_inner][vc_column_inner width=\u00bb1\/6&#8243;][vc_empty_space height=\u00bb1px\u00bb][\/vc_column_inner][\/vc_row_inner][vc_row_inner content_placement=\u00bbmiddle\u00bb][vc_column_inner width=\u00bb1\/2&#8243;][vc_column_text css_animation=\u00bbfadeIn\u00bb]<\/p>\n<p style=\"text-align: justify;\">El enfoque de BYEFOULING es abordar diferentes etapas del proceso de bioincrustaci\u00f3n utilizando agentes antiincrustantes innovadores, que cubren materiales estructurados de superficies, inhibidores de la adsorci\u00f3n de prote\u00ednas, inhibidores de detecci\u00f3n de qu\u00f3rum, biocidas naturales y microorganismos con propiedades antiincrustantes.<\/p>\n<p style=\"text-align: justify;\">Se ha implementado la encapsulaci\u00f3n de compuestos innovadores en materiales nanoestructurados inteligentes para optimizar el rendimiento y el costo del recubrimiento a lo largo de su ciclo de vida. Se ha desarrollado una prueba de concepto para los candidatos m\u00e1s prometedores y se han producido y probado demostradores sobre el terreno.<\/p>\n<p>[\/vc_column_text][vc_empty_space][\/vc_column_inner][vc_column_inner width=\u00bb1\/2&#8243;][vc_single_image image=\u00bb849&#8243; img_size=\u00bbfull\u00bb alignment=\u00bbcenter\u00bb css_animation=\u00bbfadeInRight\u00bb][vc_empty_space][\/vc_column_inner][\/vc_row_inner][\/vc_column][\/vc_row][vc_row full_width=\u00bbstretch_row\u00bb css=\u00bb.vc_custom_1616668941184{padding-bottom: 50px !important;}\u00bb][vc_column width=\u00bb1\/2&#8243;][vc_column_text css_animation=\u00bbfadeIn\u00bb]<\/p>\n<p style=\"text-align: justify;\">La <strong>primera parte<\/strong> del proyecto comprendi\u00f3 el desarrollo de nuevos enfoques antiincrustantes y la posterior incorporaci\u00f3n en recubrimientos para lograr un primer per\u00edodo de prueba de concepto que cubri\u00f3 M1-M18. La <strong>segunda part<\/strong>e del proyecto se asign\u00f3 a pruebas y caracterizaci\u00f3n con optimizaci\u00f3n iterativa para mejorar el rendimiento del recubrimiento, segundo per\u00edodo de M19-M30. Finalmente, <strong>la tercera y \u00faltima<\/strong> parte del proyecto se dedic\u00f3 a la implementaci\u00f3n industrial de los sistemas y actividades de demostraci\u00f3n m\u00e1s prometedores, el tercer per\u00edodo de M31-M48.<\/p>\n<p style=\"text-align: justify;\">El esfuerzo principal del consorcio en este per\u00edodo final se realiz\u00f3 para la <strong>preparaci\u00f3n y el lanzamiento de demostradores<\/strong> basados en las tecnolog\u00edas BYEFOULING.<\/p>\n<p>[\/vc_column_text][vc_empty_space][\/vc_column][vc_column width=\u00bb1\/2&#8243;][vc_column_text css_animation=\u00bbfadeIn\u00bb]<\/p>\n<p style=\"text-align: justify;\">Se finaliz\u00f3 el dise\u00f1o 3D para demostradores de acero con geometr\u00eda representativa y se llevaron a cabo las primeras pruebas de campo en lugares de exposici\u00f3n tanto para barcos, acuicultura y boyas satelitales como tambi\u00e9n se monitore\u00f3 un buque en servicio para rastrear el desempe\u00f1o del casco. Las actividades de ampliaci\u00f3n de escala de las tecnolog\u00edas definidas hasta ahora como prometedoras incluyen especies activas, nanocontenedores y rellenos y <strong>han avanzado con \u00e9xito<\/strong> para alcanzar escala industrial. Las pruebas de detecci\u00f3n en pinturas a base de solventes formuladas mediante la incorporaci\u00f3n de las tecnolog\u00edas m\u00e1s prometedoras se han llevado a cabo a escala preindustrial. Con BYEFOULING las formulaciones de pintura se enviaron a diferentes socios industriales y se aplicaron a demostradores. Esos demostradores revestidos finalmente han estado expuestos en diferentes lugares de prueba y actualmente se encuestan en el campo, que durar\u00e1 m\u00e1s all\u00e1 del final del proyecto.<\/p>\n<p>[\/vc_column_text][vc_empty_space][\/vc_column][\/vc_row][vc_row full_width=\u00bbstretch_row\u00bb css=\u00bb.vc_custom_1616668941184{padding-bottom: 50px !important;}\u00bb][vc_column width=\u00bb1\/2&#8243;][vc_column_text css_animation=\u00bbfadeIn\u00bb]<\/p>\n<table>\n<tbody>\n<tr>\n<th>N\u00famero del proyecto:<\/th>\n<td>612717<\/td>\n<\/tr>\n<tr>\n<th>Acr\u00f3nimo del proyecto:<\/th>\n<td>BYEFOULING<\/td>\n<\/tr>\n<tr>\n<th>identificador<\/th>\n<td>FP7-OCEAN-2013<\/td>\n<\/tr>\n<\/tbody>\n<\/table>\n<p>[\/vc_column_text][vc_empty_space][\/vc_column][vc_column width=\u00bb1\/2&#8243;][vc_column_text css_animation=\u00bbfadeIn\u00bb]<\/p>\n<p style=\"text-align: justify;\"><img loading=\"lazy\" class=\"wp-image-863 size-thumbnail alignleft\" src=\"https:\/\/zunibal.com\/wp-content\/uploads\/2021\/03\/logosanturtzi-150x150.jpg\" alt=\"\" width=\"150\" height=\"150\" \/><span style=\"font-size: 16px;\">Agradecemos la <\/span><strong style=\"font-size: 16px;\">colaboraci\u00f3n del <a class=\"broken_link\" href=\"http:\/\/www.santurtzi.net\/es-ES\/Paginas\/default.aspx\" target=\"_blank\" rel=\"noopener\">Ayuntamiento de Santurtzi<\/a><\/strong><span style=\"font-size: 16px;\"> por la cesi\u00f3n de un pantal\u00e1n para facilitar los ensayos .<\/span><\/p>\n<p>[\/vc_column_text][vc_empty_space][\/vc_column][\/vc_row][vc_row full_width=\u00bbstretch_row\u00bb css=\u00bb.vc_custom_1616668941184{padding-bottom: 50px !important;}\u00bb][vc_column][vc_btn title=\u00bbCONTACTAR\u00bb style=\u00bbflat\u00bb shape=\u00bbround\u00bb color=\u00bbblue\u00bb align=\u00bbcenter\u00bb css_animation=\u00bbfadeInUp\u00bb el_class=\u00bbmayusculas\u00bb link=\u00bburl:https%3A%2F%2Fzunibal.com%2Fcontacto%2F|title:Contacto\u00bb][vc_empty_space][\/vc_column][\/vc_row]<\/p>","protected":false},"excerpt":{"rendered":"<p>[vc_row full_width=\u00bbstretch_row_content_no_spaces\u00bb css=\u00bb.vc_custom_1617011250820{margin-top: 0px !important;margin-right: 0px !important;margin-bottom: 0px !important;margin-left: 0px !important;border-top-width: 0px !important;border-right-width: 0px !important;border-bottom-width: 0px !important;border-left-width: 0px !important;padding-top: 0px !important;padding-right: 0px !important;padding-bottom: 0px !important;padding-left: 0px !important;background-image: url(https:\/\/zunibal.com\/wp-content\/uploads\/2021\/03\/cab-proyectos.jpg?id=846) !important;background-position: center !important;background-repeat: no-repeat !important;background-size: cover !important;}\u00bb][vc_column][vc_column_text css_animation=\u00bbfadeIn\u00bb el_class=\u00bbtextoblanco\u00bb css=\u00bb.vc_custom_1632123866969{padding-top: 90px !important;padding-bottom: 60px !important;}\u00bb] Proyectos [\/vc_column_text][\/vc_column][\/vc_row][vc_row full_width=\u00bbstretch_row\u00bb][vc_column][vc_empty_space height=\u00bb50px\u00bb][vc_column_text css_animation=\u00bbslideInDown\u00bb el_class=\u00bbmayusculas\u00bb css=\u00bb.vc_custom_1617182994182{margin-bottom: 0px !important;border-bottom-width: 0px !important;padding-bottom: 0px !important;}\u00bb] &hellip;<\/p>\n<p class=\"read-more\"> <a class=\"\" href=\"https:\/\/zunibal.com\/es\/byefouling\/\"> <span class=\"screen-reader-text\">Proyecto Byefouling<\/span> Leer m\u00e1s &raquo;<\/a><\/p>\n","protected":false},"author":1,"featured_media":0,"parent":0,"menu_order":16,"comment_status":"closed","ping_status":"closed","template":"","meta":{"site-sidebar-layout":"no-sidebar","site-content-layout":"plain-container","ast-global-header-display":"","ast-main-header-display":"","ast-hfb-above-header-display":"","ast-hfb-below-header-display":"","ast-hfb-mobile-header-display":"","site-post-title":"disabled","ast-breadcrumbs-content":"","ast-featured-img":"disabled","footer-sml-layout":"","theme-transparent-header-meta":"default","adv-header-id-meta":"","stick-header-meta":"","header-above-stick-meta":"","header-main-stick-meta":"","header-below-stick-meta":""},"_links":{"self":[{"href":"https:\/\/zunibal.com\/es\/wp-json\/wp\/v2\/pages\/845"}],"collection":[{"href":"https:\/\/zunibal.com\/es\/wp-json\/wp\/v2\/pages"}],"about":[{"href":"https:\/\/zunibal.com\/es\/wp-json\/wp\/v2\/types\/page"}],"author":[{"embeddable":true,"href":"https:\/\/zunibal.com\/es\/wp-json\/wp\/v2\/users\/1"}],"replies":[{"embeddable":true,"href":"https:\/\/zunibal.com\/es\/wp-json\/wp\/v2\/comments?post=845"}],"version-history":[{"count":3,"href":"https:\/\/zunibal.com\/es\/wp-json\/wp\/v2\/pages\/845\/revisions"}],"predecessor-version":[{"id":11589,"href":"https:\/\/zunibal.com\/es\/wp-json\/wp\/v2\/pages\/845\/revisions\/11589"}],"wp:attachment":[{"href":"https:\/\/zunibal.com\/es\/wp-json\/wp\/v2\/media?parent=845"}],"curies":[{"name":"wp","href":"https:\/\/api.w.org\/{rel}","templated":true}]}}