{"id":867,"date":"2021-03-29T10:10:38","date_gmt":"2021-03-29T10:10:38","guid":{"rendered":"https:\/\/zunibal.com\/?page_id=867"},"modified":"2021-09-20T07:45:32","modified_gmt":"2021-09-20T07:45:32","slug":"proyecto-smartfish","status":"publish","type":"page","link":"https:\/\/zunibal.com\/es\/smartfish\/","title":{"rendered":"Proyecto Smartfish"},"content":{"rendered":"<p>[vc_row full_width=\u00bbstretch_row_content_no_spaces\u00bb css=\u00bb.vc_custom_1617011250820{margin-top: 0px !important;margin-right: 0px !important;margin-bottom: 0px !important;margin-left: 0px !important;border-top-width: 0px !important;border-right-width: 0px !important;border-bottom-width: 0px !important;border-left-width: 0px !important;padding-top: 0px !important;padding-right: 0px !important;padding-bottom: 0px !important;padding-left: 0px !important;background-image: url(https:\/\/zunibal.com\/wp-content\/uploads\/2021\/03\/cab-proyectos.jpg?id=846) !important;background-position: center !important;background-repeat: no-repeat !important;background-size: cover !important;}\u00bb][vc_column][vc_column_text css_animation=\u00bbfadeIn\u00bb el_class=\u00bbtextoblanco\u00bb css=\u00bb.vc_custom_1632123916578{padding-top: 70px !important;padding-bottom: 50px !important;}\u00bb]<\/p>\n<h2 class=\"aparienciaH1\" style=\"text-align: center;\"><strong>Proyectos<\/strong><\/h2>\n<p>[\/vc_column_text][\/vc_column][\/vc_row][vc_row full_width=\u00bbstretch_row\u00bb][vc_column][vc_empty_space height=\u00bb50px\u00bb][vc_column_text css_animation=\u00bbslideInDown\u00bb el_class=\u00bbmayusculas\u00bb css=\u00bb.vc_custom_1617012481474{margin-bottom: 0px !important;border-bottom-width: 0px !important;padding-bottom: 0px !important;}\u00bb]<\/p>\n<h2 style=\"text-align: center;\">Sistemas de alta tecnolog\u00eda para el sector pesquero de la UE<\/h2>\n<p>[\/vc_column_text][vc_column_text css_animation=\u00bbfadeIn\u00bb el_class=\u00bbtextoazul mayusculas\u00bb css=\u00bb.vc_custom_1632123928745{margin-top: 0px !important;border-top-width: 0px !important;padding-top: 0px !important;}\u00bb]<\/p>\n<h2 class=\"aparienciaH1\" style=\"text-align: center;\"><b>Smartfish<\/b><\/h2>\n<p>[\/vc_column_text][vc_row_inner][vc_column_inner width=\u00bb1\/6&#8243;][vc_empty_space height=\u00bb1px\u00bb][\/vc_column_inner][vc_column_inner width=\u00bb2\/3&#8243;][vc_column_text css_animation=\u00bbfadeIn\u00bb]<\/p>\n<p style=\"text-align: justify;\"><strong>El objetivo de\u00a0<\/strong><a href=\"http:\/\/smartfishh2020.eu\/\" target=\"_blank\" rel=\"noopener\"><strong>SMARTFISH<\/strong>\u00a0<\/a>es desarrollar, probar y promover un conjunto de sistemas de alta tecnolog\u00eda para el sector pesquero de la UE, optimizar la eficiencia de los recursos, mejorar la recopilaci\u00f3n autom\u00e1tica de datos para la evaluaci\u00f3n de las poblaciones de peces, proporcionar pruebas del cumplimiento de las reglamentaciones pesqueras y reducir impacto ecol\u00f3gico.<\/p>\n<p>[\/vc_column_text][vc_empty_space][\/vc_column_inner][vc_column_inner width=\u00bb1\/6&#8243;][vc_empty_space height=\u00bb1px\u00bb][\/vc_column_inner][\/vc_row_inner][vc_row_inner content_placement=\u00bbmiddle\u00bb][vc_column_inner width=\u00bb1\/2&#8243;][vc_column_text css_animation=\u00bbfadeIn\u00bb]<\/p>\n<p style=\"text-align: justify;\">SMARTFISH explota desarrollos tecnol\u00f3gicos en visi\u00f3n artificial, tecnolog\u00eda de c\u00e1mara, procesamiento de datos, aprendizaje autom\u00e1tico, inteligencia artificial, an\u00e1lisis de big data, tel\u00e9fonos inteligentes \/ tabletas, tecnolog\u00eda LED, ac\u00fastica y tecnolog\u00eda ROV para construir sistemas de monitoreo, an\u00e1lisis y mejora de procesos para todas las facetas de la sector de la pesca, desde la extracci\u00f3n hasta la evaluaci\u00f3n, el seguimiento y el control.<\/p>\n<p>[\/vc_column_text][vc_empty_space][\/vc_column_inner][vc_column_inner width=\u00bb1\/2&#8243;][vc_single_image image=\u00bb872&#8243; img_size=\u00bbfull\u00bb alignment=\u00bbcenter\u00bb css_animation=\u00bbfadeInRight\u00bb][vc_empty_space][\/vc_column_inner][\/vc_row_inner][\/vc_column][\/vc_row][vc_row full_width=\u00bbstretch_row\u00bb css=\u00bb.vc_custom_1616668941184{padding-bottom: 50px !important;}\u00bb][vc_column width=\u00bb1\/2&#8243;][vc_column_text css_animation=\u00bbfadeIn\u00bb]<\/p>\n<p style=\"text-align: justify;\"><strong>Los sistemas SMARTFISH<\/strong>:<br \/>\nAyudar\u00e1n a los pescadores a tomar decisiones informadas durante las fases de pre-captura, captura y post-captura del proceso de extracci\u00f3n. Esto mejora la eficiencia y la composici\u00f3n de las capturas en las pesquer\u00edas en toda la UE, lo que permite una mayor eficiencia econ\u00f3mica al tiempo que reduce la mortalidad no deseada de peces, la presi\u00f3n de pesca innecesaria y el da\u00f1o al ecosistema.<\/p>\n<p style=\"text-align: justify;\">Proporcionar\u00e1n nuevos datos para la evaluaci\u00f3n de stock de la pesca comercial y mejorar la calidad y la cantidad de datos que provienen de las encuestas de evaluaci\u00f3n tradicionales. Esto proporciona una evaluaci\u00f3n m\u00e1s precisa de las existencias actualmente evaluadas y permite la evaluaci\u00f3n de las poblaciones con pocos datos. \u2013 Permitir la recolecci\u00f3n autom\u00e1tica de datos de captura para garantizar el cumplimiento de las normas de gesti\u00f3n pesquera.<\/p>\n<p>[\/vc_column_text][vc_empty_space][\/vc_column][vc_column width=\u00bb1\/2&#8243;][vc_column_text css_animation=\u00bbfadeIn\u00bb]<\/p>\n<p style=\"text-align: justify;\">Los sistemas SMARTFISH se prueban y se demuestran en varias pesquer\u00edas de la UE. Esto contribuye a promover la adopci\u00f3n de los sistemas por el sector de extracci\u00f3n y las agencias de pesca. Un consorcio interdisciplinario con desarrolladores de tecnolog\u00eda y proveedores de instrumentos, compa\u00f1\u00edas pesqueras, institutos de investigaci\u00f3n y administraci\u00f3n pesquera y universidades se dar\u00e1n cuenta de SMARTFISH. Son activos a nivel nacional e internacional y est\u00e1n bien situados para garantizar la adopci\u00f3n de los sistemas SMARTFISH por parte de la industria pesquera y los administradores de pesquer\u00edas y cient\u00edficos de evaluaci\u00f3n de stock.<\/p>\n<p>[\/vc_column_text][vc_column_text css_animation=\u00bbfadeIn\u00bb]<\/p>\n<table>\n<tbody>\n<tr>\n<th>N\u00famero del proyecto:<\/th>\n<td>773521<\/td>\n<\/tr>\n<tr>\n<th>Acr\u00f3nimo del proyecto:<\/th>\n<td>SMARTFISH<\/td>\n<\/tr>\n<tr>\n<th>identificador<\/th>\n<td>H2020-SFS-2016-2017<\/td>\n<\/tr>\n<\/tbody>\n<\/table>\n<p>[\/vc_column_text][vc_empty_space][\/vc_column][\/vc_row][vc_row full_width=\u00bbstretch_row\u00bb css=\u00bb.vc_custom_1616668941184{padding-bottom: 50px !important;}\u00bb][vc_column][vc_btn title=\u00bbCONTACTAR\u00bb style=\u00bbflat\u00bb shape=\u00bbround\u00bb color=\u00bbblue\u00bb align=\u00bbcenter\u00bb css_animation=\u00bbfadeInUp\u00bb el_class=\u00bbmayusculas\u00bb link=\u00bburl:https%3A%2F%2Fzunibal.com%2Fcontacto%2F|title:Contacto\u00bb][vc_empty_space][\/vc_column][\/vc_row]<\/p>","protected":false},"excerpt":{"rendered":"<p>[vc_row full_width=\u00bbstretch_row_content_no_spaces\u00bb css=\u00bb.vc_custom_1617011250820{margin-top: 0px !important;margin-right: 0px !important;margin-bottom: 0px !important;margin-left: 0px !important;border-top-width: 0px !important;border-right-width: 0px !important;border-bottom-width: 0px !important;border-left-width: 0px !important;padding-top: 0px !important;padding-right: 0px !important;padding-bottom: 0px !important;padding-left: 0px !important;background-image: url(https:\/\/zunibal.com\/wp-content\/uploads\/2021\/03\/cab-proyectos.jpg?id=846) !important;background-position: center !important;background-repeat: no-repeat !important;background-size: cover !important;}\u00bb][vc_column][vc_column_text css_animation=\u00bbfadeIn\u00bb el_class=\u00bbtextoblanco\u00bb css=\u00bb.vc_custom_1632123916578{padding-top: 70px !important;padding-bottom: 50px !important;}\u00bb] Proyectos [\/vc_column_text][\/vc_column][\/vc_row][vc_row full_width=\u00bbstretch_row\u00bb][vc_column][vc_empty_space height=\u00bb50px\u00bb][vc_column_text css_animation=\u00bbslideInDown\u00bb el_class=\u00bbmayusculas\u00bb css=\u00bb.vc_custom_1617012481474{margin-bottom: 0px !important;border-bottom-width: 0px !important;padding-bottom: 0px !important;}\u00bb] &hellip;<\/p>\n<p class=\"read-more\"> <a class=\"\" href=\"https:\/\/zunibal.com\/es\/smartfish\/\"> <span class=\"screen-reader-text\">Proyecto Smartfish<\/span> Leer m\u00e1s &raquo;<\/a><\/p>\n","protected":false},"author":1,"featured_media":0,"parent":0,"menu_order":17,"comment_status":"closed","ping_status":"closed","template":"","meta":{"site-sidebar-layout":"no-sidebar","site-content-layout":"plain-container","ast-global-header-display":"","ast-main-header-display":"","ast-hfb-above-header-display":"","ast-hfb-below-header-display":"","ast-hfb-mobile-header-display":"","site-post-title":"disabled","ast-breadcrumbs-content":"","ast-featured-img":"disabled","footer-sml-layout":"","theme-transparent-header-meta":"default","adv-header-id-meta":"","stick-header-meta":"","header-above-stick-meta":"","header-main-stick-meta":"","header-below-stick-meta":""},"_links":{"self":[{"href":"https:\/\/zunibal.com\/es\/wp-json\/wp\/v2\/pages\/867"}],"collection":[{"href":"https:\/\/zunibal.com\/es\/wp-json\/wp\/v2\/pages"}],"about":[{"href":"https:\/\/zunibal.com\/es\/wp-json\/wp\/v2\/types\/page"}],"author":[{"embeddable":true,"href":"https:\/\/zunibal.com\/es\/wp-json\/wp\/v2\/users\/1"}],"replies":[{"embeddable":true,"href":"https:\/\/zunibal.com\/es\/wp-json\/wp\/v2\/comments?post=867"}],"version-history":[{"count":2,"href":"https:\/\/zunibal.com\/es\/wp-json\/wp\/v2\/pages\/867\/revisions"}],"predecessor-version":[{"id":11590,"href":"https:\/\/zunibal.com\/es\/wp-json\/wp\/v2\/pages\/867\/revisions\/11590"}],"wp:attachment":[{"href":"https:\/\/zunibal.com\/es\/wp-json\/wp\/v2\/media?parent=867"}],"curies":[{"name":"wp","href":"https:\/\/api.w.org\/{rel}","templated":true}]}}