{"id":878,"date":"2021-03-29T10:18:55","date_gmt":"2021-03-29T10:18:55","guid":{"rendered":"https:\/\/zunibal.com\/?page_id=878"},"modified":"2021-09-20T07:47:15","modified_gmt":"2021-09-20T07:47:15","slug":"proyecto-mooringsense","status":"publish","type":"page","link":"https:\/\/zunibal.com\/es\/mooringsense\/","title":{"rendered":"Proyecto MooringSense"},"content":{"rendered":"<p>[vc_row full_width=\u00bbstretch_row_content_no_spaces\u00bb css=\u00bb.vc_custom_1617011250820{margin-top: 0px !important;margin-right: 0px !important;margin-bottom: 0px !important;margin-left: 0px !important;border-top-width: 0px !important;border-right-width: 0px !important;border-bottom-width: 0px !important;border-left-width: 0px !important;padding-top: 0px !important;padding-right: 0px !important;padding-bottom: 0px !important;padding-left: 0px !important;background-image: url(https:\/\/zunibal.com\/wp-content\/uploads\/2021\/03\/cab-proyectos.jpg?id=846) !important;background-position: center !important;background-repeat: no-repeat !important;background-size: cover !important;}\u00bb][vc_column][vc_column_text css_animation=\u00bbfadeIn\u00bb el_class=\u00bbtextoblanco\u00bb css=\u00bb.vc_custom_1632124020379{padding-top: 70px !important;padding-bottom: 50px !important;}\u00bb]<\/p>\n<h2 class=\"aparienciaH1\" style=\"text-align: center;\"><strong>Proyectos<\/strong><\/h2>\n<p>[\/vc_column_text][\/vc_column][\/vc_row][vc_row full_width=\u00bbstretch_row\u00bb][vc_column][vc_empty_space height=\u00bb50px\u00bb][vc_column_text css_animation=\u00bbslideInDown\u00bb el_class=\u00bbmayusculas\u00bb css=\u00bb.vc_custom_1617013133517{margin-bottom: 0px !important;border-bottom-width: 0px !important;padding-bottom: 0px !important;}\u00bb]<\/p>\n<h2 style=\"text-align: center;\">Reducci\u00f3n de costos y aumento de eficiencia<\/h2>\n<p>[\/vc_column_text][vc_column_text css_animation=\u00bbfadeIn\u00bb el_class=\u00bbtextoazul mayusculas\u00bb css=\u00bb.vc_custom_1632124034714{margin-top: 0px !important;border-top-width: 0px !important;padding-top: 0px !important;}\u00bb]<\/p>\n<h2 class=\"aparienciaH1\" style=\"text-align: center;\"><b>MooringSense<\/b><\/h2>\n<p>[\/vc_column_text][vc_row_inner][vc_column_inner width=\u00bb1\/6&#8243;][vc_empty_space height=\u00bb1px\u00bb][\/vc_column_inner][vc_column_inner width=\u00bb2\/3&#8243;][vc_single_image image=\u00bb882&#8243; img_size=\u00bbfull\u00bb alignment=\u00bbcenter\u00bb css_animation=\u00bbfadeInUp\u00bb][vc_column_text css_animation=\u00bbfadeIn\u00bb]<\/p>\n<p style=\"text-align: justify;\">El proyecto <strong>MooringSense<\/strong> tiene como objetivo reducir los costos operativos y aumentar la eficiencia mediante el desarrollo de una estrategia eficiente de gesti\u00f3n de integridad basada en el riesgo para los sistemas de amarre basados \u200b\u200ben una tecnolog\u00eda de monitoreo en l\u00ednea asequible y confiable.<\/p>\n<p>[\/vc_column_text][vc_empty_space][\/vc_column_inner][vc_column_inner width=\u00bb1\/6&#8243;][vc_empty_space height=\u00bb1px\u00bb][\/vc_column_inner][\/vc_row_inner][vc_row_inner content_placement=\u00bbtop\u00bb][vc_column_inner width=\u00bb1\/2&#8243;][vc_column_text css_animation=\u00bbfadeIn\u00bb]<\/p>\n<p style=\"text-align: justify;\">La soluci\u00f3n propuesta se habilitar\u00e1 mediante el desarrollo de un sensor inteligente de bajo costo para el monitoreo de movimiento FOWT, un modelo de sistema digital de amarre (DT), t\u00e9cnicas de monitoreo de salud estructural (SHM), as\u00ed como estrategias de control para la tolerancia de gesti\u00f3n de condiciones de amarre en niveles de turbina y granja. La tecnolog\u00eda de monitoreo propuesta reemplazar\u00e1 los sistemas de monitoreo existentes, poco confiables y costosos, basados \u200b\u200ben celdas de carga en las l\u00edneas de amarre por una combinaci\u00f3n de un sensor de movimiento robusto y modelos num\u00e9ricos. Adem\u00e1s, las mediciones permitir\u00e1n el desarrollo de estrategias de operaci\u00f3n y mantenimiento m\u00e1s eficientes, incluido el control optimizado.<\/p>\n<p>[\/vc_column_text][vc_empty_space][\/vc_column_inner][vc_column_inner width=\u00bb1\/2&#8243;][vc_column_text css_animation=\u00bbfadeIn\u00bb]<\/p>\n<p style=\"text-align: justify;\">La fortaleza del consorcio de MooringSense cubre la cadena de valor completa, con un historial comprobado en las industrias de gas y petr\u00f3leo costa afuera, y con el apoyo de instituciones de investigaci\u00f3n con experiencia, el proyecto comenzar\u00e1 con la tecnolog\u00eda del socio actual para desarrollar una gesti\u00f3n de integridad de amarre innovadora y rentable habilitada mediante la tecnolog\u00eda Global Navigation Satellite System, el modelado num\u00e9rico acoplado, la ingenier\u00eda de control y el aprendizaje autom\u00e1tico, con una mayor eficiencia del sistema global resultante y una reducci\u00f3n de los gastos operativos, en comparaci\u00f3n con las alternativas establecidas conocidas.<\/p>\n<p>[\/vc_column_text][vc_empty_space][\/vc_column_inner][\/vc_row_inner][vc_row_inner][vc_column_inner width=\u00bb1\/6&#8243;][vc_empty_space height=\u00bb1px\u00bb][\/vc_column_inner][vc_column_inner width=\u00bb2\/3&#8243;][vc_column_text css_animation=\u00bbfadeIn\u00bb]<\/p>\n<p style=\"text-align: center;\"><strong>ZUNIBAL participa en este proyecto como desarrollador de Smart Sensor e integrador de soluciones.<\/strong><\/p>\n<p style=\"text-align: center;\">Este proyecto ha recibido financiaci\u00f3n del programa de investigaci\u00f3n e innovaci\u00f3n Horizon 2020 de la Uni\u00f3n Europea en virtud del <strong>acuerdo de subvenci\u00f3n no 851703.<\/strong><\/p>\n<p><img loading=\"lazy\" class=\"aligncenter wp-image-887\" src=\"https:\/\/zunibal.com\/wp-content\/uploads\/2021\/03\/EU_flag.jpg\" alt=\"\" width=\"200\" height=\"133\" \/>[\/vc_column_text][vc_empty_space][\/vc_column_inner][vc_column_inner width=\u00bb1\/6&#8243;][vc_empty_space height=\u00bb1px\u00bb][\/vc_column_inner][\/vc_row_inner][\/vc_column][\/vc_row][vc_row full_width=\u00bbstretch_row\u00bb css=\u00bb.vc_custom_1616668941184{padding-bottom: 50px !important;}\u00bb][vc_column][vc_btn title=\u00bbCONTACTAR\u00bb style=\u00bbflat\u00bb shape=\u00bbround\u00bb color=\u00bbblue\u00bb align=\u00bbcenter\u00bb css_animation=\u00bbfadeInUp\u00bb el_class=\u00bbmayusculas\u00bb link=\u00bburl:https%3A%2F%2Fzunibal.com%2Fcontacto%2F|title:Contacto\u00bb][vc_empty_space][\/vc_column][\/vc_row]<\/p>","protected":false},"excerpt":{"rendered":"<p>[vc_row full_width=\u00bbstretch_row_content_no_spaces\u00bb css=\u00bb.vc_custom_1617011250820{margin-top: 0px !important;margin-right: 0px !important;margin-bottom: 0px !important;margin-left: 0px !important;border-top-width: 0px !important;border-right-width: 0px !important;border-bottom-width: 0px !important;border-left-width: 0px !important;padding-top: 0px !important;padding-right: 0px !important;padding-bottom: 0px !important;padding-left: 0px !important;background-image: url(https:\/\/zunibal.com\/wp-content\/uploads\/2021\/03\/cab-proyectos.jpg?id=846) !important;background-position: center !important;background-repeat: no-repeat !important;background-size: cover !important;}\u00bb][vc_column][vc_column_text css_animation=\u00bbfadeIn\u00bb el_class=\u00bbtextoblanco\u00bb css=\u00bb.vc_custom_1632124020379{padding-top: 70px !important;padding-bottom: 50px !important;}\u00bb] Proyectos [\/vc_column_text][\/vc_column][\/vc_row][vc_row full_width=\u00bbstretch_row\u00bb][vc_column][vc_empty_space height=\u00bb50px\u00bb][vc_column_text css_animation=\u00bbslideInDown\u00bb el_class=\u00bbmayusculas\u00bb css=\u00bb.vc_custom_1617013133517{margin-bottom: 0px !important;border-bottom-width: 0px !important;padding-bottom: 0px !important;}\u00bb] &hellip;<\/p>\n<p class=\"read-more\"> <a class=\"\" href=\"https:\/\/zunibal.com\/es\/mooringsense\/\"> <span class=\"screen-reader-text\">Proyecto MooringSense<\/span> Leer m\u00e1s &raquo;<\/a><\/p>\n","protected":false},"author":1,"featured_media":0,"parent":0,"menu_order":18,"comment_status":"closed","ping_status":"closed","template":"","meta":{"site-sidebar-layout":"no-sidebar","site-content-layout":"plain-container","ast-global-header-display":"","ast-main-header-display":"","ast-hfb-above-header-display":"","ast-hfb-below-header-display":"","ast-hfb-mobile-header-display":"","site-post-title":"disabled","ast-breadcrumbs-content":"","ast-featured-img":"disabled","footer-sml-layout":"","theme-transparent-header-meta":"default","adv-header-id-meta":"","stick-header-meta":"","header-above-stick-meta":"","header-main-stick-meta":"","header-below-stick-meta":""},"_links":{"self":[{"href":"https:\/\/zunibal.com\/es\/wp-json\/wp\/v2\/pages\/878"}],"collection":[{"href":"https:\/\/zunibal.com\/es\/wp-json\/wp\/v2\/pages"}],"about":[{"href":"https:\/\/zunibal.com\/es\/wp-json\/wp\/v2\/types\/page"}],"author":[{"embeddable":true,"href":"https:\/\/zunibal.com\/es\/wp-json\/wp\/v2\/users\/1"}],"replies":[{"embeddable":true,"href":"https:\/\/zunibal.com\/es\/wp-json\/wp\/v2\/comments?post=878"}],"version-history":[{"count":4,"href":"https:\/\/zunibal.com\/es\/wp-json\/wp\/v2\/pages\/878\/revisions"}],"predecessor-version":[{"id":11591,"href":"https:\/\/zunibal.com\/es\/wp-json\/wp\/v2\/pages\/878\/revisions\/11591"}],"wp:attachment":[{"href":"https:\/\/zunibal.com\/es\/wp-json\/wp\/v2\/media?parent=878"}],"curies":[{"name":"wp","href":"https:\/\/api.w.org\/{rel}","templated":true}]}}