{"id":995,"date":"2021-03-30T07:33:26","date_gmt":"2021-03-30T07:33:26","guid":{"rendered":"https:\/\/zunibal.com\/?page_id=995"},"modified":"2021-09-20T08:17:42","modified_gmt":"2021-09-20T08:17:42","slug":"zunliner-boya-satelitaria-para-palangre","status":"publish","type":"page","link":"https:\/\/zunibal.com\/es\/solucion-para-la-pesca-de-palangre\/zunliner-boya-satelitaria-para-palangre\/","title":{"rendered":"Zunliner | Boya satelitaria para palangre"},"content":{"rendered":"<p>[vc_row full_width=\u00bbstretch_row_content_no_spaces\u00bb parallax=\u00bbcontent-moving\u00bb css=\u00bb.vc_custom_1617005348760{margin-top: 0px !important;margin-right: 0px !important;margin-bottom: 0px !important;margin-left: 0px !important;border-top-width: 0px !important;border-right-width: 0px !important;border-bottom-width: 0px !important;border-left-width: 0px !important;padding-top: 0px !important;padding-right: 0px !important;padding-bottom: 0px !important;padding-left: 0px !important;background-image: url(https:\/\/zunibal.com\/wp-content\/uploads\/2021\/03\/cab-producto.jpg?id=777) !important;background-position: center;background-repeat: no-repeat !important;background-size: cover !important;}\u00bb][vc_column][vc_empty_space height=\u00bb150&#8243;][\/vc_column][\/vc_row][vc_row full_width=\u00bbstretch_row\u00bb][vc_column][vc_raw_html css=\u00bb.vc_custom_1616694209462{margin-top: 0px !important;margin-right: 0px !important;margin-bottom: 0px !important;margin-left: 0px !important;border-top-width: 0px !important;border-right-width: 0px !important;border-bottom-width: 0px !important;border-left-width: 0px !important;padding-top: 0px !important;padding-right: 0px !important;padding-bottom: 0px !important;padding-left: 0px !important;}\u00bb]JTNDZGl2JTIwaWQlM0QlMjJzaWduYWxzJTIyJTNFJTBBJTIwJTIwJTNDc3BhbiUyMGNsYXNzJTNEJTIyc2lnbmFsJTIwczElMjIlM0UlM0MlMkZzcGFuJTNFJTBBJTIwJTIwJTNDc3BhbiUyMGNsYXNzJTNEJTIyc2lnbmFsJTIwczIlMjIlM0UlM0MlMkZzcGFuJTNFJTBBJTIwJTIwJTNDc3BhbiUyMGNsYXNzJTNEJTIyc2lnbmFsJTIwczMlMjIlM0UlM0MlMkZzcGFuJTNFJTBBJTIwJTIwJTNDc3BhbiUyMGNsYXNzJTNEJTIyc2lnbmFsJTIwczQlMjIlM0UlM0MlMkZzcGFuJTNFJTBBJTNDJTJGZGl2JTNF[\/vc_raw_html][vc_empty_space height=\u00bb80px\u00bb][vc_row_inner][vc_column_inner width=\u00bb1\/2&#8243;][vc_single_image image=\u00bb654&#8243; img_size=\u00bb350&#215;350&#8243; alignment=\u00bbcenter\u00bb css_animation=\u00bbfadeInLeft\u00bb][vc_empty_space][\/vc_column_inner][vc_column_inner width=\u00bb1\/2&#8243;][vc_column_text css_animation=\u00bbfadeIn\u00bb el_class=\u00bbtextoazul\u00bb]<\/p>\n<h2 class=\"aparienciaH1\" style=\"text-align: left;\"><strong>Zunliner | Boya satelitaria para palangre<\/strong><\/h2>\n<p>[\/vc_column_text][vc_column_text css_animation=\u00bbfadeIn\u00bb]<\/p>\n<p style=\"text-align: justify;\">Boya para la pesca de palangre que incorpora paneles solares y GPS de alta precisi\u00f3n, adem\u00e1s de una resistente a 25 ATM. Libre de mantenimiento y rendimiento eficaz para el control y gesti\u00f3n de las l\u00edneas de palangre. Gesti\u00f3n integral desde la interfaz del equipo de control a bordo y a trav\u00e9s de las aplicaciones WEB disponibles, con interacci\u00f3n en tiempo real.<\/p>\n<p>[\/vc_column_text][vc_empty_space][\/vc_column_inner][\/vc_row_inner][\/vc_column][\/vc_row][vc_row full_width=\u00bbstretch_row\u00bb css=\u00bb.vc_custom_1616668941184{padding-bottom: 50px !important;}\u00bb][vc_column][vc_column_text css_animation=\u00bbfadeIn\u00bb css=\u00bb.vc_custom_1617089781117{margin-bottom: 0px !important;border-bottom-width: 0px !important;padding-bottom: 0px !important;}\u00bb]<\/p>\n<h2 style=\"text-align: center;\"><strong>Detalles del producto<\/strong><\/h2>\n<p>[\/vc_column_text][\/vc_column][\/vc_row][vc_row full_width=\u00bbstretch_row\u00bb css=\u00bb.vc_custom_1616668941184{padding-bottom: 50px !important;}\u00bb][vc_column width=\u00bb1\/2&#8243;][vc_column_text css_animation=\u00bbfadeIn\u00bb el_class=\u00bbtextoazul\u00bb]<\/p>\n<h2><strong>Ventajas<\/strong><\/h2>\n<p>[\/vc_column_text][vc_column_text css_animation=\u00bbfadeIn\u00bb]<\/p>\n<ul>\n<li><a href=\"https:\/\/zunibal.com\/es\/product\/software-de-gestion\/\">Software de gesti\u00f3n<\/a>\u00a0incluido.<\/li>\n<li>Cobertura global de Iridium.<\/li>\n<li>Respuestas en menos de 3 minutos.<\/li>\n<li>GPS de alta precisi\u00f3n para una localizaci\u00f3n r\u00e1pida, ahorrando tiempo y combustible.<\/li>\n<li>Sin necesidad de accesorios adicionales.<\/li>\n<li>Sin necesidad de cargadores.<\/li>\n<li>Carga solar, sin bater\u00edas.<\/li>\n<li>Flashes de alta luminosidad para su localizaci\u00f3n.<\/li>\n<li>Mensajes encriptados, m\u00e1xima seguridad.<\/li>\n<li>Libre de mantenimiento.<\/li>\n<li>Plan de comunicaciones low-cost.<\/li>\n<\/ul>\n<p>[\/vc_column_text][vc_empty_space][\/vc_column][vc_column width=\u00bb1\/2&#8243;][vc_column_text css_animation=\u00bbfadeIn\u00bb el_class=\u00bbtextoazul\u00bb]<\/p>\n<h2 style=\"text-align: left;\"><strong>Caracter\u00edsticas<\/strong><\/h2>\n<p>[\/vc_column_text][vc_column_text css_animation=\u00bbfadeIn\u00bb]<\/p>\n<ul>\n<li>Resiste inmersi\u00f3n hasta 25 ATM.<\/li>\n<li>Temperatura de funcionamiento 0\u00baC \u2013 45\u00baC.<\/li>\n<li>Sin necesidad de sustituci\u00f3n de bater\u00eda.<\/li>\n<li>Sin antenas externas.<\/li>\n<li>Peso: 7,5kg<\/li>\n<li>Di\u00e1metro: 312 mm<\/li>\n<\/ul>\n<p>[\/vc_column_text][vc_empty_space][vc_column_text css_animation=\u00bbfadeIn\u00bb el_class=\u00bbtextoazul\u00bb]<\/p>\n<h2 style=\"text-align: left;\"><strong>Kit de instalaci\u00f3n<\/strong><\/h2>\n<p>[\/vc_column_text][vc_column_text css_animation=\u00bbfadeIn\u00bb]<\/p>\n<ul>\n<li>Instalaci\u00f3n f\u00e1cil e intuitiva.<\/li>\n<li>Sin necesidad de equipo adicional para la transmisi\u00f3n por sat\u00e9lite.<\/li>\n<\/ul>\n<p>[\/vc_column_text][vc_empty_space][vc_column_text css_animation=\u00bbfadeIn\u00bb el_class=\u00bbtextoazul\u00bb]<\/p>\n<h2 style=\"text-align: left;\"><strong>Sistema de la localizaci\u00f3n de la flota<\/strong><\/h2>\n<p>[\/vc_column_text][vc_column_text css_animation=\u00bbfadeIn\u00bb]<\/p>\n<ul>\n<li>Sin coste adicional.<\/li>\n<li>Dise\u00f1o marinizado.<\/li>\n<li>Latitud, longitud, rumbo, velocidad,fecha, hora.<\/li>\n<li>Dise\u00f1o adaptativo: posici\u00f3n de la flota\u00a0en PC, table y smartphone.<\/li>\n<\/ul>\n<p>[\/vc_column_text][vc_empty_space][\/vc_column][\/vc_row][vc_row full_width=\u00bbstretch_row\u00bb css=\u00bb.vc_custom_1617005513755{margin-bottom: 100px !important;padding-top: 50px !important;padding-bottom: 50px !important;background-color: #ededed !important;}\u00bb][vc_column width=\u00bb1\/2&#8243;][vc_column_text css_animation=\u00bbfadeIn\u00bb el_class=\u00bbtextoazul\u00bb]<\/p>\n<h3 style=\"text-align: left;\"><strong>Archivos<\/strong><\/h3>\n<p>[\/vc_column_text][vc_column_text css_animation=\u00bbfadeIn\u00bb]<\/p>\n<table>\n<tbody>\n<tr>\n<td>ZuniSea Office KO<\/td>\n<td style=\"text-align: center!important;\"><a href=\"https:\/\/zunibal.com\/wp-content\/uploads\/ZuniSea_Office_KO_New-Reducido.pdf\" target=\"_blank\" rel=\"noopener\">Descargar<\/a><\/td>\n<\/tr>\n<\/tbody>\n<\/table>\n<p>[\/vc_column_text][vc_empty_space][vc_column_text css_animation=\u00bbfadeIn\u00bb el_class=\u00bbtextoazul\u00bb]<\/p>\n<h3 style=\"text-align: left;\"><strong>V\u00eddeos<\/strong><\/h3>\n<p>[\/vc_column_text][vc_empty_space][vc_column_text]<iframe loading=\"lazy\" title=\"YouTube video player\" src=\"https:\/\/www.youtube.com\/embed\/t7B7r8WjVzg\" width=\"560\" height=\"315\" frameborder=\"0\" allowfullscreen=\"allowfullscreen\"><\/iframe><\/p>\n<p><iframe loading=\"lazy\" title=\"YouTube video player\" src=\"https:\/\/www.youtube.com\/embed\/be2KK082Vec\" width=\"560\" height=\"315\" frameborder=\"0\" allowfullscreen=\"allowfullscreen\"><\/iframe>[\/vc_column_text][\/vc_column][vc_column width=\u00bb1\/2&#8243;][vc_column_text css_animation=\u00bbfadeIn\u00bb el_class=\u00bbtextoazul\u00bb]<\/p>\n<h3 style=\"text-align: left;\"><strong>Contacto<\/strong><\/h3>\n<p>[\/vc_column_text]<div role=\"form\" class=\"wpcf7\" id=\"wpcf7-f782-o1\" lang=\"es-ES\" dir=\"ltr\">\n<div class=\"screen-reader-response\"><p role=\"status\" aria-live=\"polite\" aria-atomic=\"true\"><\/p> <ul><\/ul><\/div>\n<form action=\"\/es\/wp-json\/wp\/v2\/pages\/995#wpcf7-f782-o1\" method=\"post\" class=\"wpcf7-form init\" novalidate=\"novalidate\" data-status=\"init\">\n<div style=\"display: none;\">\n<input type=\"hidden\" name=\"_wpcf7\" value=\"782\" \/>\n<input type=\"hidden\" name=\"_wpcf7_version\" value=\"5.4.1\" \/>\n<input type=\"hidden\" name=\"_wpcf7_locale\" value=\"es_ES\" \/>\n<input type=\"hidden\" name=\"_wpcf7_unit_tag\" value=\"wpcf7-f782-o1\" \/>\n<input type=\"hidden\" name=\"_wpcf7_container_post\" value=\"0\" \/>\n<input type=\"hidden\" name=\"_wpcf7_posted_data_hash\" value=\"\" \/>\n<\/div>\n<p><label> Su nombre *<br \/>\n    <span class=\"wpcf7-form-control-wrap your-name\"><input type=\"text\" name=\"your-name\" value=\"\" size=\"40\" class=\"wpcf7-form-control wpcf7-text wpcf7-validates-as-required\" aria-required=\"true\" aria-invalid=\"false\" \/><\/span> <\/label><\/p>\n<p><label> Su correo electr\u00f3nico *<br \/>\n    <span class=\"wpcf7-form-control-wrap your-email\"><input type=\"email\" name=\"your-email\" value=\"\" size=\"40\" class=\"wpcf7-form-control wpcf7-text wpcf7-email wpcf7-validates-as-required wpcf7-validates-as-email\" aria-required=\"true\" aria-invalid=\"false\" \/><\/span> <\/label><\/p>\n<p><label> Asunto<br \/>\n    <span class=\"wpcf7-form-control-wrap your-subject\"><input type=\"text\" name=\"your-subject\" value=\"\" size=\"40\" class=\"wpcf7-form-control wpcf7-text wpcf7-validates-as-required\" aria-required=\"true\" aria-invalid=\"false\" \/><\/span> <\/label><\/p>\n<p><label> Su mensaje (opcional)<br \/>\n    <span class=\"wpcf7-form-control-wrap your-message\"><textarea name=\"your-message\" cols=\"40\" rows=\"10\" class=\"wpcf7-form-control wpcf7-textarea\" aria-invalid=\"false\"><\/textarea><\/span> <\/label><\/p>\n<p><span id=\"wpcf7-69d751956f6ca-wrapper\" class=\"wpcf7-form-control-wrap website-wrap\" ><input id=\"wpcf7-69d751956f6ca-field\"  class=\"wpcf7-form-control wpcf7-text\" type=\"text\" name=\"website\" value=\"\" size=\"40\" tabindex=\"-1\" autocomplete=\"new-password\" \/><\/span><\/p>\n<p><span class=\"wpcf7-form-control-wrap acuerdo\"><span class=\"wpcf7-form-control wpcf7-checkbox wpcf7-validates-as-required\"><span class=\"wpcf7-list-item first last\"><input type=\"checkbox\" name=\"acuerdo[]\" value=\"Si\" \/><span class=\"wpcf7-list-item-label\">Si<\/span><\/span><\/span><\/span> He le\u00eddo y acepto la <a href=\"#\">Pol\u00edtica de Privacidad<\/a><\/p>\n<p><input type=\"submit\" value=\"Enviar\" class=\"wpcf7-form-control wpcf7-submit\" \/><\/p>\n<div class=\"wpcf7-response-output\" aria-hidden=\"true\"><\/div><\/form><\/div>[vc_empty_space][\/vc_column][\/vc_row]<\/p>","protected":false},"excerpt":{"rendered":"<p>[vc_row full_width=\u00bbstretch_row_content_no_spaces\u00bb parallax=\u00bbcontent-moving\u00bb css=\u00bb.vc_custom_1617005348760{margin-top: 0px !important;margin-right: 0px !important;margin-bottom: 0px !important;margin-left: 0px !important;border-top-width: 0px !important;border-right-width: 0px !important;border-bottom-width: 0px !important;border-left-width: 0px !important;padding-top: 0px !important;padding-right: 0px !important;padding-bottom: 0px !important;padding-left: 0px !important;background-image: url(https:\/\/zunibal.com\/wp-content\/uploads\/2021\/03\/cab-producto.jpg?id=777) !important;background-position: center;background-repeat: no-repeat !important;background-size: cover !important;}\u00bb][vc_column][vc_empty_space height=\u00bb150&#8243;][\/vc_column][\/vc_row][vc_row full_width=\u00bbstretch_row\u00bb][vc_column][vc_raw_html css=\u00bb.vc_custom_1616694209462{margin-top: 0px !important;margin-right: 0px !important;margin-bottom: 0px !important;margin-left: 0px !important;border-top-width: 0px !important;border-right-width: 0px !important;border-bottom-width: 0px !important;border-left-width: 0px !important;padding-top: 0px &hellip;<\/p>\n<p class=\"read-more\"> <a class=\"\" href=\"https:\/\/zunibal.com\/es\/solucion-para-la-pesca-de-palangre\/zunliner-boya-satelitaria-para-palangre\/\"> <span class=\"screen-reader-text\">Zunliner | Boya satelitaria para palangre<\/span> Leer m\u00e1s &raquo;<\/a><\/p>\n","protected":false},"author":1,"featured_media":0,"parent":651,"menu_order":0,"comment_status":"closed","ping_status":"closed","template":"","meta":{"site-sidebar-layout":"no-sidebar","site-content-layout":"plain-container","ast-global-header-display":"","ast-main-header-display":"","ast-hfb-above-header-display":"","ast-hfb-below-header-display":"","ast-hfb-mobile-header-display":"","site-post-title":"disabled","ast-breadcrumbs-content":"","ast-featured-img":"disabled","footer-sml-layout":"","theme-transparent-header-meta":"default","adv-header-id-meta":"","stick-header-meta":"","header-above-stick-meta":"","header-main-stick-meta":"","header-below-stick-meta":""},"_links":{"self":[{"href":"https:\/\/zunibal.com\/es\/wp-json\/wp\/v2\/pages\/995"}],"collection":[{"href":"https:\/\/zunibal.com\/es\/wp-json\/wp\/v2\/pages"}],"about":[{"href":"https:\/\/zunibal.com\/es\/wp-json\/wp\/v2\/types\/page"}],"author":[{"embeddable":true,"href":"https:\/\/zunibal.com\/es\/wp-json\/wp\/v2\/users\/1"}],"replies":[{"embeddable":true,"href":"https:\/\/zunibal.com\/es\/wp-json\/wp\/v2\/comments?post=995"}],"version-history":[{"count":2,"href":"https:\/\/zunibal.com\/es\/wp-json\/wp\/v2\/pages\/995\/revisions"}],"predecessor-version":[{"id":11607,"href":"https:\/\/zunibal.com\/es\/wp-json\/wp\/v2\/pages\/995\/revisions\/11607"}],"up":[{"embeddable":true,"href":"https:\/\/zunibal.com\/es\/wp-json\/wp\/v2\/pages\/651"}],"wp:attachment":[{"href":"https:\/\/zunibal.com\/es\/wp-json\/wp\/v2\/media?parent=995"}],"curies":[{"name":"wp","href":"https:\/\/api.w.org\/{rel}","templated":true}]}}